{"id":214,"date":"2022-05-23T21:41:25","date_gmt":"2022-05-24T01:41:25","guid":{"rendered":"https:\/\/stilettosupply.com\/?page_id=214"},"modified":"2025-04-10T16:21:20","modified_gmt":"2025-04-10T20:21:20","slug":"faqs","status":"publish","type":"page","link":"https:\/\/stilettosupply.com\/de\/resources\/faqs\/","title":{"rendered":"H\u00e4ufig gestellte Fragen"},"content":{"rendered":"<div class=\"wpb-content-wrapper\"><div class=\"vc_row wpb_row vc_row-fluid vc_custom_1654778360065 vc_column-gap-35 wd-rs-62a1e9ef4edf2\"><div class=\"wpb_column vc_column_container vc_col-sm-6 vc_col-has-fill wd-alignment-left wd-rs-628d2d5f37bd8\"><div class=\"vc_column-inner vc_custom_1653419368232\"><div class=\"wpb_wrapper\">\t\t\t<link rel=\"stylesheet\" id=\"wd-dividers-css\" href=\"https:\/\/stilettosupply.com\/wp-content\/themes\/woodmart\/css\/parts\/el-row-divider.min.css?ver=6.4.2\" type=\"text\/css\" media=\"all\" \/> \t\t\t\t\t\t<div id=\"wd-628d2a58e521f\" class=\"wd-row-divider wd-628d2a58e521f dvr-position-bottom dvr-style-curved-line woodmart-row-divider\">\n\t\t\t\t<svg xmlns=\"http:\/\/www.w3.org\/2000\/svg\" xmlns:xlink=\"http:\/\/www.w3.org\/1999\/xlink\" x=\"0px\" y=\"0px\"\n\t viewbox=\"0 0 100 100\" width=\"100%\" height=\"50px\" preserveaspectratio=\"none\">\n<path display=\"none\" d=\"M100,25.8V100H0V52.5c-4.9-6.8-9.5-13.8-15-19.7V101h125V20.9C106.3,22,103,23.7,100,25.8z\"\/>\n<path d=\"M100,100V0.8C77.8,21.4,71.3,70.5,38.6,70.5c-18.8,0-29.1-16.2-38.6-34V100H100z\"\/>\n<\/svg>\n\t\t\t\t\t\t\t<\/div>\n\t\t<\/div><\/div><\/div><div class=\"wpb_column vc_column_container vc_col-sm-6 wd-alignment-left\"><div class=\"vc_column-inner\"><div class=\"wpb_wrapper\"><div class=\"vc_tta-container\" data-vc-action=\"collapseAll\"><div class=\"vc_general vc_tta vc_tta-accordion vc_tta-color-black vc_tta-style-flat vc_tta-shape-rounded vc_tta-o-shape-group vc_tta-gap-20 vc_tta-controls-align-default vc_tta-o-no-fill vc_tta-o-all-clickable\"><div class=\"vc_tta-panels-container\"><div class=\"vc_tta-panels\"><div class=\"vc_tta-panel vc_active\" id=\"1652714629759-d0fcf7f0-c2f1bfdf-5510\" data-vc-content=\".vc_tta-panel-body\"><div class=\"vc_tta-panel-heading\"><h4 class=\"vc_tta-panel-title vc_tta-controls-icon-position-left\"><a href=\"#1652714629759-d0fcf7f0-c2f1bfdf-5510\" data-vc-accordion data-vc-container=\".vc_tta-container\"><span class=\"vc_tta-title-text\">Kann ich Stiletto-Produkte wiederverwenden und erneut sterilisieren?<\/span><i class=\"vc_tta-controls-icon vc_tta-controls-icon-chevron\"><\/i><\/a><\/h4><\/div><div class=\"vc_tta-panel-body\">\n\t<div class=\"wpb_text_column wpb_content_element\" >\n\t\t<div class=\"wpb_wrapper\">\n\t\t\t<p>Aus Sicherheitsgr\u00fcnden raten wir dringend von der Wiederverwendung unserer Taper und Nadeln ab.<\/p>\n<p>Unsere vorsterilisierten Produkte durchlaufen einen EO-Gas-Sterilisationsprozess, der f\u00fcr eine <strong>zur Einmalanwendung<\/strong>.<\/p>\n<p>Unsere lebensmittelechten Kunststoffe sind nicht f\u00fcr eine l\u00e4ngere Einwirkung von Sterilisationszyklen in Ger\u00e4ten wie dem Statim oder gro\u00dfen Autoklaven vorgesehen und die lebensmittelechte Silikonbeschichtung unserer Nadeln und Kegel wird bei einer erneuten Sterilisation vollst\u00e4ndig entfernt.<\/p>\n<p><strong>Nadeln sollten <em>niemals<\/em> darf unter keinen Umst\u00e4nden wiederverwendet werden. Die Sicherheit und das Wohlbefinden Ihres Kunden stehen an erster Stelle.<\/strong><\/p>\n\n\t\t<\/div>\n\t<\/div>\n<\/div><\/div><div class=\"vc_tta-panel\" id=\"1652714629780-2017c2e4-193abfdf-5510\" data-vc-content=\".vc_tta-panel-body\"><div class=\"vc_tta-panel-heading\"><h4 class=\"vc_tta-panel-title vc_tta-controls-icon-position-left\"><a href=\"#1652714629780-2017c2e4-193abfdf-5510\" data-vc-accordion data-vc-container=\".vc_tta-container\"><span class=\"vc_tta-title-text\">Meine Standard-Stiftkegel passen nicht in meinen Pressfit-Schmuck?<\/span><i class=\"vc_tta-controls-icon vc_tta-controls-icon-chevron\"><\/i><\/a><\/h4><\/div><div class=\"vc_tta-panel-body\">\n\t<div class=\"wpb_text_column wpb_content_element\" >\n\t\t<div class=\"wpb_wrapper\">\n\t\t\t<p><img loading=\"lazy\" decoding=\"async\" class=\"alignnone size-medium wp-image-2404\" src=\"https:\/\/stilettosupply.com\/wp-content\/uploads\/2024\/04\/Pin-Ends-300x300.jpg\" alt=\"\" width=\"300\" height=\"300\" srcset=\"https:\/\/stilettosupply.com\/wp-content\/uploads\/2024\/04\/Pin-Ends-300x300.jpg 300w, https:\/\/stilettosupply.com\/wp-content\/uploads\/2024\/04\/Pin-Ends-1024x1024.jpg 1024w, https:\/\/stilettosupply.com\/wp-content\/uploads\/2024\/04\/Pin-Ends-150x150.jpg 150w, https:\/\/stilettosupply.com\/wp-content\/uploads\/2024\/04\/Pin-Ends-768x768.jpg 768w, https:\/\/stilettosupply.com\/wp-content\/uploads\/2024\/04\/Pin-Ends-12x12.jpg 12w, https:\/\/stilettosupply.com\/wp-content\/uploads\/2024\/04\/Pin-Ends.jpg 1347w\" sizes=\"auto, (max-width: 300px) 100vw, 300px\" \/><\/p>\n<p>Jeder unserer Kegel ist f\u00fcr einen anderen Zweck gedacht. Press Fit-Schmuck muss mit Press Fit-Kegeln verwendet werden, da das Endst\u00fcck viel d\u00fcnner ist als der Standardstift.<\/p>\n<p>Der Endstift eines Standardstifts ist zu dick und wurde f\u00fcr die Verwendung mit Schmuck mit Innengewinde entwickelt.<\/p>\n\n\t\t<\/div>\n\t<\/div>\n<\/div><\/div><div class=\"vc_tta-panel\" id=\"1653357841977-422d2247-bc14\" data-vc-content=\".vc_tta-panel-body\"><div class=\"vc_tta-panel-heading\"><h4 class=\"vc_tta-panel-title vc_tta-controls-icon-position-left\"><a href=\"#1653357841977-422d2247-bc14\" data-vc-accordion data-vc-container=\".vc_tta-container\"><span class=\"vc_tta-title-text\">Sie verkaufen nicht in mein Land?<\/span><i class=\"vc_tta-controls-icon vc_tta-controls-icon-chevron\"><\/i><\/a><\/h4><\/div><div class=\"vc_tta-panel-body\">\n\t<div class=\"wpb_text_column wpb_content_element\" >\n\t\t<div class=\"wpb_wrapper\">\n\t\t\t<p>Stiletto ist ein neues Unternehmen, das weltweit Fu\u00df fasst und Einweginstrumente f\u00fcr die Piercingbranche anbietet. Wenn Sie in Ihrem Land keinen Vertriebsh\u00e4ndler finden, sehen Sie sich unsere Vertriebsh\u00e4ndlerkarte an und bestellen Sie bei dem in Ihrer N\u00e4he.<\/p>\n<p>Bitte beachten Sie, dass unsere Vertriebsh\u00e4ndlerliste st\u00e4ndig aktualisiert wird, da wir unser Unternehmen weiter ausbauen und weltweit Vertriebsh\u00e4ndler gewinnen.<\/p>\n\n\t\t<\/div>\n\t<\/div>\n<\/div><\/div><div class=\"vc_tta-panel\" id=\"1654614478835-8b5c62aa-a9f3\" data-vc-content=\".vc_tta-panel-body\"><div class=\"vc_tta-panel-heading\"><h4 class=\"vc_tta-panel-title vc_tta-controls-icon-position-left\"><a href=\"#1654614478835-8b5c62aa-a9f3\" data-vc-accordion data-vc-container=\".vc_tta-container\"><span class=\"vc_tta-title-text\">Was ist die Beschichtung auf den Nadeln und den Tapern?<\/span><i class=\"vc_tta-controls-icon vc_tta-controls-icon-chevron\"><\/i><\/a><\/h4><\/div><div class=\"vc_tta-panel-body\">\n\t<div class=\"wpb_text_column wpb_content_element\" >\n\t\t<div class=\"wpb_wrapper\">\n\t\t\t<p>Die Beschichtung unserer Nadeln und Taper ist eine lebensmittelechte Silikonbeschichtung. Diese Beschichtung wird auf fast allen Injektionsnadeln verwendet und tr\u00e4gt dazu bei, dass der Piercingvorgang f\u00fcr Ihren Kunden so schnell und reibungslos wie m\u00f6glich abl\u00e4uft.<\/p>\n\n\t\t<\/div>\n\t<\/div>\n<\/div><\/div><div class=\"vc_tta-panel\" id=\"1654614494248-b2a582f5-12b3\" data-vc-content=\".vc_tta-panel-body\"><div class=\"vc_tta-panel-heading\"><h4 class=\"vc_tta-panel-title vc_tta-controls-icon-position-left\"><a href=\"#1654614494248-b2a582f5-12b3\" data-vc-accordion data-vc-container=\".vc_tta-container\"><span class=\"vc_tta-title-text\">Warum verkaufen wir nur an lizenzierte Studios\/Unternehmen?<\/span><i class=\"vc_tta-controls-icon vc_tta-controls-icon-chevron\"><\/i><\/a><\/h4><\/div><div class=\"vc_tta-panel-body\">\n\t<div class=\"wpb_text_column wpb_content_element\" >\n\t\t<div class=\"wpb_wrapper\">\n\t\t\t<p>Die Mission von Stiletto besteht darin, die Piercingbranche in Richtung Wegwerfmarkt zu dr\u00e4ngen, so wie dies in der Tattoobranche bereits begonnen hat.<\/p>\n<p>Unsere oberste Priorit\u00e4t besteht darin, den Piercern, die unsere Werkzeuge verwenden, das Piercing einfacher und sicherer zu machen. Unser Ziel ist es, sichere und pr\u00e4zise Piercings zu erm\u00f6glichen, damit Profis in ihrem Handwerk hervorragende Leistungen erbringen k\u00f6nnen.<\/p>\n<p>Der Verkauf an gepr\u00fcfte Studios stellt sicher, dass jedes Unternehmen und jeder Mitarbeiter vollst\u00e4ndig zertifiziert ist und \u00fcber alle in der Body-Art-\/Body-Piercing-Branche erforderlichen Unterlagen verf\u00fcgt.<\/p>\n<p>Damit soll auch verhindert werden, dass jemand illegal von zu Hause oder in nicht lizenzierten Studios piercen l\u00e4sst.<\/p>\n\n\t\t<\/div>\n\t<\/div>\n<\/div><\/div><div class=\"vc_tta-panel\" id=\"1654614513766-14a8103a-13ba\" data-vc-content=\".vc_tta-panel-body\"><div class=\"vc_tta-panel-heading\"><h4 class=\"vc_tta-panel-title vc_tta-controls-icon-position-left\"><a href=\"#1654614513766-14a8103a-13ba\" data-vc-accordion data-vc-container=\".vc_tta-container\"><span class=\"vc_tta-title-text\">Wo kann ich mehr \u00fcber Stiletto-Produkte erfahren?<\/span><i class=\"vc_tta-controls-icon vc_tta-controls-icon-chevron\"><\/i><\/a><\/h4><\/div><div class=\"vc_tta-panel-body\">\n\t<div class=\"wpb_text_column wpb_content_element\" >\n\t\t<div class=\"wpb_wrapper\">\n\t\t\t<p>Our landing page is the perfect place to inform yourself about all things Stiletto. We have dedicated this entire page to provide you with all the proper details of our products, display the necessary documentation to give to health inspectors, and so much more.<\/p>\n<p>Bleiben Sie gerne mit unseren Social-Media-Seiten in Verbindung. Wir lieben den Austausch mit unseren Kunden!<\/p>\n\n\t\t<\/div>\n\t<\/div>\n<\/div><\/div><div class=\"vc_tta-panel\" id=\"1712690228783-7758d23a-5bf6\" data-vc-content=\".vc_tta-panel-body\"><div class=\"vc_tta-panel-heading\"><h4 class=\"vc_tta-panel-title vc_tta-controls-icon-position-left\"><a href=\"#1712690228783-7758d23a-5bf6\" data-vc-accordion data-vc-container=\".vc_tta-container\"><span class=\"vc_tta-title-text\">Stellen Sie Sterilisationszertifikate zur Verf\u00fcgung? Oder Schmuckfabriken? Wo kann ich sie finden?<\/span><i class=\"vc_tta-controls-icon vc_tta-controls-icon-chevron\"><\/i><\/a><\/h4><\/div><div class=\"vc_tta-panel-body\">\n\t<div class=\"wpb_text_column wpb_content_element\" >\n\t\t<div class=\"wpb_wrapper\">\n\t\t\t<p>Ja das tun wir!<\/p>\n<p>Auf unserer Landingpage unter \u201eRessourcen\u201c finden Sie alle Arten von Sterilisationszertifikaten. Sie m\u00fcssen lediglich die Charge # der gesuchten Produkte kennen und die # sowie den Produktnamen den Zertifikaten zuordnen. Sie k\u00f6nnen so viele Zertifikate herunterladen, wie Sie ben\u00f6tigen. Auf diese Weise k\u00f6nnen Sie Ihrem Gesundheitsinspektor zeigen, dass alle Werkzeuge \u00fcberpr\u00fcfbar und r\u00fcckverfolgbar sind.<\/p>\n<p>Wenn Sie weitere Informationen oder Hilfe ben\u00f6tigen, wenden Sie sich bitte an die Kundendienstabteilung Ihres n\u00e4chstgelegenen H\u00e4ndlers.<\/p>\n\n\t\t<\/div>\n\t<\/div>\n<\/div><\/div><\/div><\/div><\/div><\/div><\/div><\/div><\/div><\/div>\n<\/div>","protected":false},"excerpt":{"rendered":"Kann ich Stiletto-Produkte wiederverwenden und erneut sterilisieren? Aus Sicherheitsgr\u00fcnden raten wir dringend davon ab, unsere Taper und Nadeln wiederzuverwenden. Unsere","protected":false},"author":1,"featured_media":0,"parent":83,"menu_order":0,"comment_status":"closed","ping_status":"closed","template":"","meta":{"_acf_changed":false,"footnotes":""},"class_list":["post-214","page","type-page","status-publish","hentry"],"acf":[],"yoast_head":"<!-- This site is optimized with the Yoast SEO plugin v27.5 - https:\/\/yoast.com\/product\/yoast-seo-wordpress\/ -->\n<title>FAQs - Stiletto Supply<\/title>\n<meta name=\"robots\" content=\"index, follow, max-snippet:-1, max-image-preview:large, max-video-preview:-1\" \/>\n<link rel=\"canonical\" href=\"https:\/\/stilettosupply.com\/de\/resources\/faqs\/\" \/>\n<meta property=\"og:locale\" content=\"de_DE\" \/>\n<meta property=\"og:type\" content=\"article\" \/>\n<meta property=\"og:title\" content=\"FAQs - Stiletto Supply\" \/>\n<meta property=\"og:url\" content=\"https:\/\/stilettosupply.com\/de\/resources\/faqs\/\" \/>\n<meta property=\"og:site_name\" content=\"Stiletto Supply\" \/>\n<meta property=\"article:modified_time\" content=\"2025-04-10T20:21:20+00:00\" \/>\n<meta property=\"og:image\" content=\"https:\/\/stilettosupply.com\/wp-content\/uploads\/2024\/04\/Pin-Ends.jpg\" \/>\n\t<meta property=\"og:image:width\" content=\"1347\" \/>\n\t<meta property=\"og:image:height\" content=\"1347\" \/>\n\t<meta property=\"og:image:type\" content=\"image\/jpeg\" \/>\n<meta name=\"twitter:card\" content=\"summary_large_image\" \/>\n<meta name=\"twitter:label1\" content=\"Est. reading time\" \/>\n\t<meta name=\"twitter:data1\" content=\"3 minutes\" \/>\n<script type=\"application\/ld+json\" class=\"yoast-schema-graph\">{\"@context\":\"https:\\\/\\\/schema.org\",\"@graph\":[{\"@type\":\"WebPage\",\"@id\":\"https:\\\/\\\/stilettosupply.com\\\/resources\\\/faqs\\\/\",\"url\":\"https:\\\/\\\/stilettosupply.com\\\/resources\\\/faqs\\\/\",\"name\":\"FAQs - Stiletto Supply\",\"isPartOf\":{\"@id\":\"https:\\\/\\\/stilettosupply.com\\\/#website\"},\"primaryImageOfPage\":{\"@id\":\"https:\\\/\\\/stilettosupply.com\\\/resources\\\/faqs\\\/#primaryimage\"},\"image\":{\"@id\":\"https:\\\/\\\/stilettosupply.com\\\/resources\\\/faqs\\\/#primaryimage\"},\"thumbnailUrl\":\"https:\\\/\\\/stilettosupply.com\\\/wp-content\\\/uploads\\\/2024\\\/04\\\/Pin-Ends-300x300.jpg\",\"datePublished\":\"2022-05-24T01:41:25+00:00\",\"dateModified\":\"2025-04-10T20:21:20+00:00\",\"breadcrumb\":{\"@id\":\"https:\\\/\\\/stilettosupply.com\\\/resources\\\/faqs\\\/#breadcrumb\"},\"inLanguage\":\"de-DE\",\"potentialAction\":[{\"@type\":\"ReadAction\",\"target\":[\"https:\\\/\\\/stilettosupply.com\\\/resources\\\/faqs\\\/\"]}]},{\"@type\":\"ImageObject\",\"inLanguage\":\"de-DE\",\"@id\":\"https:\\\/\\\/stilettosupply.com\\\/resources\\\/faqs\\\/#primaryimage\",\"url\":\"https:\\\/\\\/stilettosupply.com\\\/wp-content\\\/uploads\\\/2024\\\/04\\\/Pin-Ends-300x300.jpg\",\"contentUrl\":\"https:\\\/\\\/stilettosupply.com\\\/wp-content\\\/uploads\\\/2024\\\/04\\\/Pin-Ends-300x300.jpg\"},{\"@type\":\"BreadcrumbList\",\"@id\":\"https:\\\/\\\/stilettosupply.com\\\/resources\\\/faqs\\\/#breadcrumb\",\"itemListElement\":[{\"@type\":\"ListItem\",\"position\":1,\"name\":\"Home\",\"item\":\"https:\\\/\\\/stilettosupply.com\\\/\"},{\"@type\":\"ListItem\",\"position\":2,\"name\":\"Resources\",\"item\":\"https:\\\/\\\/stilettosupply.com\\\/resources\\\/\"},{\"@type\":\"ListItem\",\"position\":3,\"name\":\"FAQs\"}]},{\"@type\":\"WebSite\",\"@id\":\"https:\\\/\\\/stilettosupply.com\\\/#website\",\"url\":\"https:\\\/\\\/stilettosupply.com\\\/\",\"name\":\"Stiletto Supply\",\"description\":\"\",\"potentialAction\":[{\"@type\":\"SearchAction\",\"target\":{\"@type\":\"EntryPoint\",\"urlTemplate\":\"https:\\\/\\\/stilettosupply.com\\\/?s={search_term_string}\"},\"query-input\":{\"@type\":\"PropertyValueSpecification\",\"valueRequired\":true,\"valueName\":\"search_term_string\"}}],\"inLanguage\":\"de-DE\"}]}<\/script>\n<!-- \/ Yoast SEO plugin. -->","yoast_head_json":{"title":"FAQs - Stiletto Supply","robots":{"index":"index","follow":"follow","max-snippet":"max-snippet:-1","max-image-preview":"max-image-preview:large","max-video-preview":"max-video-preview:-1"},"canonical":"https:\/\/stilettosupply.com\/de\/resources\/faqs\/","og_locale":"de_DE","og_type":"article","og_title":"FAQs - Stiletto Supply","og_url":"https:\/\/stilettosupply.com\/de\/resources\/faqs\/","og_site_name":"Stiletto Supply","article_modified_time":"2025-04-10T20:21:20+00:00","og_image":[{"width":1347,"height":1347,"url":"https:\/\/stilettosupply.com\/wp-content\/uploads\/2024\/04\/Pin-Ends.jpg","type":"image\/jpeg"}],"twitter_card":"summary_large_image","twitter_misc":{"Est. reading time":"3 minutes"},"schema":{"@context":"https:\/\/schema.org","@graph":[{"@type":"WebPage","@id":"https:\/\/stilettosupply.com\/resources\/faqs\/","url":"https:\/\/stilettosupply.com\/resources\/faqs\/","name":"FAQs - Stiletto Supply","isPartOf":{"@id":"https:\/\/stilettosupply.com\/#website"},"primaryImageOfPage":{"@id":"https:\/\/stilettosupply.com\/resources\/faqs\/#primaryimage"},"image":{"@id":"https:\/\/stilettosupply.com\/resources\/faqs\/#primaryimage"},"thumbnailUrl":"https:\/\/stilettosupply.com\/wp-content\/uploads\/2024\/04\/Pin-Ends-300x300.jpg","datePublished":"2022-05-24T01:41:25+00:00","dateModified":"2025-04-10T20:21:20+00:00","breadcrumb":{"@id":"https:\/\/stilettosupply.com\/resources\/faqs\/#breadcrumb"},"inLanguage":"de-DE","potentialAction":[{"@type":"ReadAction","target":["https:\/\/stilettosupply.com\/resources\/faqs\/"]}]},{"@type":"ImageObject","inLanguage":"de-DE","@id":"https:\/\/stilettosupply.com\/resources\/faqs\/#primaryimage","url":"https:\/\/stilettosupply.com\/wp-content\/uploads\/2024\/04\/Pin-Ends-300x300.jpg","contentUrl":"https:\/\/stilettosupply.com\/wp-content\/uploads\/2024\/04\/Pin-Ends-300x300.jpg"},{"@type":"BreadcrumbList","@id":"https:\/\/stilettosupply.com\/resources\/faqs\/#breadcrumb","itemListElement":[{"@type":"ListItem","position":1,"name":"Home","item":"https:\/\/stilettosupply.com\/"},{"@type":"ListItem","position":2,"name":"Resources","item":"https:\/\/stilettosupply.com\/resources\/"},{"@type":"ListItem","position":3,"name":"FAQs"}]},{"@type":"WebSite","@id":"https:\/\/stilettosupply.com\/#website","url":"https:\/\/stilettosupply.com\/","name":"Stiletto-Versorgung","description":"","potentialAction":[{"@type":"SearchAction","target":{"@type":"EntryPoint","urlTemplate":"https:\/\/stilettosupply.com\/?s={search_term_string}"},"query-input":{"@type":"PropertyValueSpecification","valueRequired":true,"valueName":"search_term_string"}}],"inLanguage":"de-DE"}]}},"jetpack_sharing_enabled":true,"_links":{"self":[{"href":"https:\/\/stilettosupply.com\/de\/wp-json\/wp\/v2\/pages\/214","targetHints":{"allow":["GET"]}}],"collection":[{"href":"https:\/\/stilettosupply.com\/de\/wp-json\/wp\/v2\/pages"}],"about":[{"href":"https:\/\/stilettosupply.com\/de\/wp-json\/wp\/v2\/types\/page"}],"author":[{"embeddable":true,"href":"https:\/\/stilettosupply.com\/de\/wp-json\/wp\/v2\/users\/1"}],"replies":[{"embeddable":true,"href":"https:\/\/stilettosupply.com\/de\/wp-json\/wp\/v2\/comments?post=214"}],"version-history":[{"count":13,"href":"https:\/\/stilettosupply.com\/de\/wp-json\/wp\/v2\/pages\/214\/revisions"}],"predecessor-version":[{"id":3329,"href":"https:\/\/stilettosupply.com\/de\/wp-json\/wp\/v2\/pages\/214\/revisions\/3329"}],"up":[{"embeddable":true,"href":"https:\/\/stilettosupply.com\/de\/wp-json\/wp\/v2\/pages\/83"}],"wp:attachment":[{"href":"https:\/\/stilettosupply.com\/de\/wp-json\/wp\/v2\/media?parent=214"}],"curies":[{"name":"wp","href":"https:\/\/api.w.org\/{rel}","templated":true}]}}