{"id":135,"date":"2022-05-18T10:59:47","date_gmt":"2022-05-18T14:59:47","guid":{"rendered":"https:\/\/stilettosupply.com\/?page_id=135"},"modified":"2025-07-23T12:27:10","modified_gmt":"2025-07-23T16:27:10","slug":"tweezer-clamps","status":"publish","type":"page","link":"https:\/\/stilettosupply.com\/es\/products\/tweezer-clamps\/","title":{"rendered":"Abrazaderas de pinzas"},"content":{"rendered":"<div class=\"wpb-content-wrapper\"><div data-vc-full-width=\"true\" data-vc-full-width-temp=\"true\" data-vc-full-width-init=\"false\" data-vc-stretch-content=\"true\" class=\"vc_row wpb_row vc_row-fluid vc_custom_1652886397691 vc_row-has-fill wd-rs-62850b69233d3\"><div class=\"wpb_column vc_column_container vc_col-sm-12 vc_col-md-offset-2 vc_col-md-4 wd-alignment-left wd-rs-6269812867809\"><div class=\"vc_column-inner vc_custom_1651081516368\"><div class=\"wpb_wrapper\">\n\t<div class=\"wpb_text_column wpb_content_element\" >\n\t\t<div class=\"wpb_wrapper\">\n\t\t\t<h1 class=\"product-hero-title\" style=\"text-align: left;\"><span class=\"h-title-decor\">Tweezer Clamps<\/span><\/h1>\n\n\t\t<\/div>\n\t<\/div>\n\n\t<div class=\"wpb_text_column wpb_content_element\" >\n\t\t<div class=\"wpb_wrapper\">\n\t\t\t<p class=\"h-subtitle\" style=\"text-align: left;\"><span style=\"color: #ffffff;\">Specifically designed to aid in holding beads and threadless posts.<\/span><\/p>\n\n\t\t<\/div>\n\t<\/div>\n<div class=\"vc_empty_space\"   style=\"height: 30px\"><span class=\"vc_empty_space_inner\"><\/span><\/div><\/div><\/div><\/div><div class=\"wpb_column vc_column_container vc_col-sm-12 wd-alignment-left\"><div class=\"vc_column-inner\"><div class=\"wpb_wrapper\">\t\t\t<link rel=\"stylesheet\" id=\"wd-dividers-css\" href=\"https:\/\/stilettosupply.com\/wp-content\/themes\/woodmart\/css\/parts\/el-row-divider.min.css?ver=6.4.2\" type=\"text\/css\" media=\"all\" \/> \t\t\t\t\t\t<div id=\"wd-625cab9517b4f\" class=\"wd-row-divider wd-625cab9517b4f dvr-position-bottom dvr-style-sweet-wave woodmart-row-divider\">\n\t\t\t\t<svg width=\"100%\" height=\"50px\" viewBox=\"0 0 1920 80\" xmlns=\"http:\/\/www.w3.org\/2000\/svg\" preserveAspectRatio=\"none\">\n<path d=\"M0 20C0 20 169.5 0 510 0C850.5 0 1069.5 60 1410 60C1750.5 60 1920 20 1920 20V80H0V20Z\" \/>\n<\/svg>\n\t\t\t\t\t\t\t<\/div>\n\t\t<\/div><\/div><\/div><\/div><div class=\"vc_row-full-width vc_clearfix\"><\/div><div class=\"vc_row wpb_row vc_row-fluid vc_column-gap-35 wd-z-index row-reverse-mobile row-reverse-tablet wd-rs-62a367af849a1\"><div class=\"wpb_column product-pink-center-line vc_column_container vc_col-sm-12 vc_col-md-6 wd-alignment-left wd-rs-62a367cd61338\"><div class=\"vc_column-inner vc_custom_1654876121861\"><div class=\"wpb_wrapper\">\n\t<div class=\"wpb_text_column wpb_content_element\" >\n\t\t<div class=\"wpb_wrapper\">\n\t\t\t<h2 class=\"h-sect2-title\">Specifically <span style=\"color: #ff34ac;\">Designed<\/span><\/h2>\n\n\t\t<\/div>\n\t<\/div>\n\n\t<div class=\"wpb_text_column wpb_content_element\" >\n\t\t<div class=\"wpb_wrapper\">\n\t\t\t<p>This product is specifically designed to aid in holding beads and threadless posts, both ball-ended and flatback. Helps you remove jewelry from nostrils and other places. Many studios are buying this product and giving them to clients to allow them to remove and change nostril jewelry on their own!<\/p>\n\n\t\t<\/div>\n\t<\/div>\n<\/div><\/div><\/div><div class=\"wpb_column vc_column_container vc_col-sm-6 vc_col-md-offset-0 vc_col-md-6 vc_col-sm-offset-3 vc_col-xs-12 wd-alignment-left wd-rs-62a367b4f1eeb\"><div class=\"vc_column-inner vc_custom_1654876105996\"><div class=\"wpb_wrapper\">\n\t<div  class=\"wpb_single_image wpb_content_element vc_align_center\">\n\t\t\n\t\t<figure class=\"wpb_wrapper vc_figure\">\n\t\t\t<div class=\"vc_single_image-wrapper   vc_box_border_grey\"><img loading=\"lazy\" decoding=\"async\" width=\"3947\" height=\"3145\" src=\"https:\/\/stilettosupply.com\/wp-content\/uploads\/2024\/10\/Clamp_Jewelry_flip-copy.png\" class=\"vc_single_image-img attachment-full\" alt=\"\" title=\"Clamp_Jewelry_flip copy\" srcset=\"https:\/\/stilettosupply.com\/wp-content\/uploads\/2024\/10\/Clamp_Jewelry_flip-copy.png 3947w, https:\/\/stilettosupply.com\/wp-content\/uploads\/2024\/10\/Clamp_Jewelry_flip-copy-300x239.png 300w, https:\/\/stilettosupply.com\/wp-content\/uploads\/2024\/10\/Clamp_Jewelry_flip-copy-1024x816.png 1024w, https:\/\/stilettosupply.com\/wp-content\/uploads\/2024\/10\/Clamp_Jewelry_flip-copy-768x612.png 768w, https:\/\/stilettosupply.com\/wp-content\/uploads\/2024\/10\/Clamp_Jewelry_flip-copy-1536x1224.png 1536w, https:\/\/stilettosupply.com\/wp-content\/uploads\/2024\/10\/Clamp_Jewelry_flip-copy-2048x1632.png 2048w, https:\/\/stilettosupply.com\/wp-content\/uploads\/2024\/10\/Clamp_Jewelry_flip-copy-15x12.png 15w\" sizes=\"auto, (max-width: 3947px) 100vw, 3947px\" \/><\/div>\n\t\t<\/figure>\n\t<\/div>\n<\/div><\/div><\/div><\/div><div class=\"vc_row wpb_row vc_row-fluid vc_custom_1651084775056 vc_row-o-equal-height vc_row-o-content-middle vc_row-flex wd-rs-62698de11c699\"><div class=\"wpb_column vc_column_container vc_col-sm-12 wd-alignment-left\"><div class=\"vc_column-inner\"><div class=\"wpb_wrapper\">\n\t<div class=\"wpb_raw_code wpb_raw_html wpb_content_element\" >\n\t\t<div class=\"wpb_wrapper\">\n\t\t\t<p style=\"text-align: center;\"><\/p>\n\t\t<\/div>\n\t<\/div>\n\n\t<div class=\"wpb_raw_code wpb_raw_html wpb_content_element\" >\n\t\t<div class=\"wpb_wrapper\">\n\t\t\t<p style=\"text-align: center;\"> <div class=\"iframe-container\"><iframe loading=\"lazy\" width=\"560\" height=\"315\" src=\"https:\/\/www.youtube.com\/embed\/eP58RKQRzZA\" title=\"YouTube video player\" frameborder=\"0\" allow=\"accelerometer; autoplay; clipboard-write; encrypted-media; gyroscope; picture-in-picture\" allowfullscreen><\/iframe><\/div>\n\t\t<\/div>\n\t<\/div>\n\n\t<div class=\"wpb_raw_code wpb_raw_html wpb_content_element\" >\n\t\t<div class=\"wpb_wrapper\">\n\t\t\t<p style=\"text-align: center;\"><\/p>\n\t\t<\/div>\n\t<\/div>\n\n\t<div class=\"wpb_raw_code wpb_raw_html wpb_content_element\" >\n\t\t<div class=\"wpb_wrapper\">\n\t\t\t<p style=\"text-align: center;\"><\/p>\n\t\t<\/div>\n\t<\/div>\n\n\t<div class=\"wpb_raw_code wpb_raw_html wpb_content_element\" >\n\t\t<div class=\"wpb_wrapper\">\n\t\t\t<p style=\"text-align: center;\"><\/p>\n\t\t<\/div>\n\t<\/div>\n\n\t<div class=\"wpb_raw_code wpb_raw_html wpb_content_element\" >\n\t\t<div class=\"wpb_wrapper\">\n\t\t\t<p style=\"text-align: center;\"><\/p>\n\t\t<\/div>\n\t<\/div>\n\n\t<div class=\"wpb_raw_code wpb_raw_html wpb_content_element\" >\n\t\t<div class=\"wpb_wrapper\">\n\t\t\t<p style=\"text-align: center;\"><\/p>\n\t\t<\/div>\n\t<\/div>\n<\/div><\/div><\/div><\/div><div class=\"vc_row wpb_row vc_row-fluid\"><div class=\"wpb_column vc_column_container vc_col-sm-12 wd-alignment-left\"><div class=\"vc_column-inner\"><div class=\"wpb_wrapper\"><div class=\"vc_row wpb_row vc_inner vc_row-fluid\"><div class=\"wpb_column vc_column_container vc_col-sm-6\"><div class=\"vc_column-inner\"><div class=\"wpb_wrapper\"><div id=\"wd-67351088e6553\" class=\" wd-rs-67351088e6553  wd-button-wrapper woodmart-button-wrapper text-center\"><a href=\"https:\/\/www.stilettosupply.com\/wp-content\/uploads\/2024\/08\/Stiletto-certificate-of-plastic-raw-material-UPDATED.pdf\" title=\"\" class=\"btn btn-scheme-light btn-scheme-hover-light btn-style-default btn-style-rectangle btn-size-default\">View Product Material Certification<\/a><\/div><div class=\"vc_empty_space\"   style=\"height: 32px\"><span class=\"vc_empty_space_inner\"><\/span><\/div><\/div><\/div><\/div><div class=\"wpb_column vc_column_container vc_col-sm-6\"><div class=\"vc_column-inner\"><div class=\"wpb_wrapper\"><div id=\"wd-68810d59dfef1\" class=\" wd-rs-68810d59dfef1 vc_custom_1753288028435 wd-button-wrapper woodmart-button-wrapper text-center\"><a href=\"https:\/\/stilettopiercing.net\/products\/stiletto-disposable-tweezer-clamp-not-sterilized-box-of-100\" title=\"\" class=\"btn btn-scheme-light btn-scheme-hover-light btn-style-default btn-style-rectangle btn-size-large\">Shop USA<\/a><\/div><div class=\"vc_empty_space\"   style=\"height: 32px\"><span class=\"vc_empty_space_inner\"><\/span><\/div><\/div><\/div><\/div><\/div><\/div><\/div><\/div><\/div><div data-vc-full-width=\"true\" data-vc-full-width-temp=\"true\" data-vc-full-width-init=\"false\" class=\"vc_row wpb_row vc_row-fluid vc_custom_1654013096496 vc_row-has-fill vc_row-o-equal-height vc_row-o-content-middle vc_row-flex wd-rs-62963ca1b8026\"><div class=\"wpb_column vc_column_container vc_col-sm-8 wd-alignment-left\"><div class=\"vc_column-inner\"><div class=\"wpb_wrapper\">\n\t<div class=\"wpb_text_column wpb_content_element\" >\n\t\t<div class=\"wpb_wrapper\">\n\t\t\t<h2 style=\"font-size: 36px; line-height: 1;\"><span style=\"color: #ffffff;\">Ready to buy? Find your <span style=\"color: #ff34ac;\">distributor<\/span> now!<\/span><\/h2>\n\n\t\t<\/div>\n\t<\/div>\n<\/div><\/div><\/div><div class=\"wpb_column vc_column_container vc_col-sm-4 wd-alignment-left wd-rs-62963c41229e6\"><div class=\"vc_column-inner vc_custom_1654012996973\"><div class=\"wpb_wrapper\"><div id=\"wd-62a23accb5361\" class=\" wd-rs-62a23accb5361  wd-button-wrapper woodmart-button-wrapper text-center\"><a href=\"\/distributors\/\" title=\"\" class=\"btn btn-color-primary btn-style-default btn-style-rectangle btn-size-extra-large btn-full-width\">FIND DISTRIBUTOR<\/a><\/div><\/div><\/div><\/div><\/div><div class=\"vc_row-full-width vc_clearfix\"><\/div><div data-vc-full-width=\"true\" data-vc-full-width-temp=\"true\" data-vc-full-width-init=\"false\" data-vc-stretch-content=\"true\" class=\"vc_row wpb_row vc_row-fluid vc_custom_1651084241767 vc_column-gap-1 vc_row-o-equal-height vc_row-flex wd-rs-62698bccd3794\"><div class=\"wpb_column home-gal-hgt vc_column_container vc_col-sm-3 vc_col-xs-6 vc_col-has-fill wd-alignment-left wd-rs-62851085c5c90\"><div class=\"vc_column-inner vc_custom_1652887699527\"><div class=\"wpb_wrapper\"><\/div><\/div><\/div><div class=\"wpb_column home-gal-hgt vc_column_container vc_col-sm-3 vc_col-xs-6 vc_col-has-fill wd-alignment-left wd-rs-62851094d3075\"><div class=\"vc_column-inner vc_custom_1652887706672\"><div class=\"wpb_wrapper\"><\/div><\/div><\/div><div class=\"wpb_column home-gal-hgt vc_column_container vc_col-sm-3 vc_col-xs-6 vc_col-has-fill wd-alignment-left wd-rs-6285109c328bf\"><div class=\"vc_column-inner vc_custom_1652887715592\"><div class=\"wpb_wrapper\"><\/div><\/div><\/div><div class=\"wpb_column home-gal-hgt vc_column_container vc_col-sm-3 vc_col-xs-6 vc_col-has-fill wd-alignment-left wd-rs-628510b8ad2a6\"><div class=\"vc_column-inner vc_custom_1652887743845\"><div class=\"wpb_wrapper\"><\/div><\/div><\/div><\/div><div class=\"vc_row-full-width vc_clearfix\"><\/div><div data-vc-full-width=\"true\" data-vc-full-width-temp=\"true\" data-vc-full-width-init=\"false\" data-vc-stretch-content=\"true\" class=\"vc_row wpb_row vc_row-fluid vc_custom_1650293657418 vc_row-has-fill vc_row-no-padding vc_row-o-equal-height vc_row-o-content-middle vc_row-flex wd-rs-625d7b90b0b37\"><div class=\"wpb_column vc_column_container vc_col-sm-10 vc_col-md-7 vc_col-xs-offset-1 vc_col-xs-10 wd-alignment-left wd-rs-62a14ab537519\"><div class=\"vc_column-inner vc_custom_1654737596518\"><div class=\"wpb_wrapper\">\n\t<div class=\"wpb_text_column wpb_content_element\" >\n\t\t<div class=\"wpb_wrapper\">\n\t\t\t<h3 style=\"font-size: 36px; line-height: 1;\"><span style=\"color: #ffffff;\">Sign Up for Updates and Exclusive Savings Offers<\/span><\/h3>\n\n\t\t<\/div>\n\t<\/div>\n<\/div><\/div><\/div><div class=\"wpb_column vc_column_container vc_col-sm-10 vc_col-md-offset-0 vc_col-md-3 vc_col-xs-offset-1 vc_col-xs-10 wd-alignment-left wd-rs-62a1e5bfd691f\"><div class=\"vc_column-inner vc_custom_1654777284635\"><div class=\"wpb_wrapper\">\n<div class=\"wpcf7 no-js\" id=\"wpcf7-f7-o1\" lang=\"en-US\" dir=\"ltr\" data-wpcf7-id=\"7\">\n<div class=\"screen-reader-response\"><p role=\"status\" aria-live=\"polite\" aria-atomic=\"true\"><\/p> <ul><\/ul><\/div>\n<form action=\"\/es\/wp-json\/wp\/v2\/pages\/135#wpcf7-f7-o1\" method=\"post\" class=\"wpcf7-form init\" aria-label=\"Contact form\" novalidate=\"novalidate\" data-status=\"init\">\n<fieldset class=\"hidden-fields-container\"><input type=\"hidden\" name=\"_wpcf7\" value=\"7\" \/><input type=\"hidden\" name=\"_wpcf7_version\" value=\"6.1.5\" \/><input type=\"hidden\" name=\"_wpcf7_locale\" value=\"en_US\" \/><input type=\"hidden\" name=\"_wpcf7_unit_tag\" value=\"wpcf7-f7-o1\" \/><input type=\"hidden\" name=\"_wpcf7_container_post\" value=\"0\" \/><input type=\"hidden\" name=\"_wpcf7_posted_data_hash\" value=\"\" \/><input type=\"hidden\" name=\"_wpcf7_recaptcha_response\" value=\"\" \/>\n<\/fieldset>\n<div class=\"row\">\n\t<div class=\"col-sm-9\" style=\"padding: 0px;\">\n\t\t<p><span class=\"wpcf7-form-control-wrap\" data-name=\"your-email\"><input size=\"40\" maxlength=\"400\" class=\"wpcf7-form-control wpcf7-email wpcf7-validates-as-required wpcf7-text wpcf7-validates-as-email\" id=\"cf7-nl-field\" aria-required=\"true\" aria-invalid=\"false\" placeholder=\"Enter Email\" value=\"\" type=\"email\" name=\"your-email\" \/><\/span>\n\t\t<\/p>\n\t<\/div>\n\t<div class=\"col-sm-3\" style=\"padding: 0px;\">\n\t\t<p><input class=\"wpcf7-form-control wpcf7-submit has-spinner\" id=\"cf7-nl-btn\" type=\"submit\" value=\"&gt;\" \/>\n\t\t<\/p>\n\t<\/div>\n<\/div><p style=\"display: none !important;\" class=\"akismet-fields-container\" data-prefix=\"_wpcf7_ak_\"><label>&#916;<textarea name=\"_wpcf7_ak_hp_textarea\" cols=\"45\" rows=\"8\" maxlength=\"100\"><\/textarea><\/label><input type=\"hidden\" id=\"ak_js_1\" name=\"_wpcf7_ak_js\" value=\"124\"\/><script type=\"text\/javascript\">\n\/* <![CDATA[ *\/\ndocument.getElementById( \"ak_js_1\" ).setAttribute( \"value\", ( new Date() ).getTime() );\n\/* ]]> *\/\n<\/script>\n<\/p><input type='hidden' class='wpcf7-pum' value='{\"closepopup\":false,\"closedelay\":0,\"openpopup\":false,\"openpopup_id\":0}' \/><div class=\"wpcf7-response-output\" aria-hidden=\"true\"><\/div>\n<\/form>\n<\/div>\n<\/div><\/div><\/div><div class=\"wpb_column vc_column_container vc_col-sm-12 vc_col-md-6 wd-alignment-left wd-rs-62a1492d2a9cc\"><div class=\"vc_column-inner vc_custom_1654737219286\"><div class=\"wpb_wrapper\"><div class=\"vc_separator wpb_content_element vc_separator_align_center vc_sep_width_100 vc_sep_border_width_3 vc_sep_pos_align_center vc_separator_no_text\" ><span class=\"vc_sep_holder vc_sep_holder_l\"><span style=\"border-color:#ff34ac;\" class=\"vc_sep_line\"><\/span><\/span><span class=\"vc_sep_holder vc_sep_holder_r\"><span style=\"border-color:#ff34ac;\" class=\"vc_sep_line\"><\/span><\/span>\n<\/div><\/div><\/div><\/div><\/div><div class=\"vc_row-full-width vc_clearfix\"><\/div>\n<\/div>","protected":false},"excerpt":{"rendered":"Abrazaderas con pinzas Dise\u00f1adas espec\u00edficamente para ayudar a sujetar perlas y postes sin rosca. Dise\u00f1ado espec\u00edficamente Este producto est\u00e1 dise\u00f1ado espec\u00edficamente para","protected":false},"author":1,"featured_media":0,"parent":52,"menu_order":0,"comment_status":"closed","ping_status":"closed","template":"","meta":{"_acf_changed":false,"footnotes":""},"class_list":["post-135","page","type-page","status-publish","hentry"],"acf":[],"yoast_head":"<!-- This site is optimized with the Yoast SEO plugin v27.5 - https:\/\/yoast.com\/product\/yoast-seo-wordpress\/ -->\n<title>Tweezer Clamps - Stiletto Supply<\/title>\n<meta name=\"robots\" content=\"index, follow, max-snippet:-1, max-image-preview:large, max-video-preview:-1\" \/>\n<link rel=\"canonical\" href=\"https:\/\/stilettosupply.com\/es\/products\/tweezer-clamps\/\" \/>\n<meta property=\"og:locale\" content=\"es_MX\" \/>\n<meta property=\"og:type\" content=\"article\" \/>\n<meta property=\"og:title\" content=\"Tweezer Clamps - Stiletto Supply\" \/>\n<meta property=\"og:url\" content=\"https:\/\/stilettosupply.com\/es\/products\/tweezer-clamps\/\" \/>\n<meta property=\"og:site_name\" content=\"Stiletto Supply\" \/>\n<meta property=\"article:modified_time\" content=\"2025-07-23T16:27:10+00:00\" \/>\n<meta name=\"twitter:card\" content=\"summary_large_image\" \/>\n<meta name=\"twitter:label1\" content=\"Est. reading time\" \/>\n\t<meta name=\"twitter:data1\" content=\"3 minutes\" \/>\n<script type=\"application\/ld+json\" class=\"yoast-schema-graph\">{\"@context\":\"https:\\\/\\\/schema.org\",\"@graph\":[{\"@type\":\"WebPage\",\"@id\":\"https:\\\/\\\/stilettosupply.com\\\/products\\\/tweezer-clamps\\\/\",\"url\":\"https:\\\/\\\/stilettosupply.com\\\/products\\\/tweezer-clamps\\\/\",\"name\":\"Tweezer Clamps - Stiletto Supply\",\"isPartOf\":{\"@id\":\"https:\\\/\\\/stilettosupply.com\\\/#website\"},\"datePublished\":\"2022-05-18T14:59:47+00:00\",\"dateModified\":\"2025-07-23T16:27:10+00:00\",\"breadcrumb\":{\"@id\":\"https:\\\/\\\/stilettosupply.com\\\/products\\\/tweezer-clamps\\\/#breadcrumb\"},\"inLanguage\":\"es-MX\",\"potentialAction\":[{\"@type\":\"ReadAction\",\"target\":[\"https:\\\/\\\/stilettosupply.com\\\/products\\\/tweezer-clamps\\\/\"]}]},{\"@type\":\"BreadcrumbList\",\"@id\":\"https:\\\/\\\/stilettosupply.com\\\/products\\\/tweezer-clamps\\\/#breadcrumb\",\"itemListElement\":[{\"@type\":\"ListItem\",\"position\":1,\"name\":\"Home\",\"item\":\"https:\\\/\\\/stilettosupply.com\\\/\"},{\"@type\":\"ListItem\",\"position\":2,\"name\":\"Products\",\"item\":\"https:\\\/\\\/stilettosupply.com\\\/products\\\/\"},{\"@type\":\"ListItem\",\"position\":3,\"name\":\"Tweezer Clamps\"}]},{\"@type\":\"WebSite\",\"@id\":\"https:\\\/\\\/stilettosupply.com\\\/#website\",\"url\":\"https:\\\/\\\/stilettosupply.com\\\/\",\"name\":\"Stiletto Supply\",\"description\":\"\",\"potentialAction\":[{\"@type\":\"SearchAction\",\"target\":{\"@type\":\"EntryPoint\",\"urlTemplate\":\"https:\\\/\\\/stilettosupply.com\\\/?s={search_term_string}\"},\"query-input\":{\"@type\":\"PropertyValueSpecification\",\"valueRequired\":true,\"valueName\":\"search_term_string\"}}],\"inLanguage\":\"es-MX\"}]}<\/script>\n<!-- \/ Yoast SEO plugin. -->","yoast_head_json":{"title":"Tweezer Clamps - Stiletto Supply","robots":{"index":"index","follow":"follow","max-snippet":"max-snippet:-1","max-image-preview":"max-image-preview:large","max-video-preview":"max-video-preview:-1"},"canonical":"https:\/\/stilettosupply.com\/es\/products\/tweezer-clamps\/","og_locale":"es_MX","og_type":"article","og_title":"Tweezer Clamps - Stiletto Supply","og_url":"https:\/\/stilettosupply.com\/es\/products\/tweezer-clamps\/","og_site_name":"Stiletto Supply","article_modified_time":"2025-07-23T16:27:10+00:00","twitter_card":"summary_large_image","twitter_misc":{"Est. reading time":"3 minutes"},"schema":{"@context":"https:\/\/schema.org","@graph":[{"@type":"WebPage","@id":"https:\/\/stilettosupply.com\/products\/tweezer-clamps\/","url":"https:\/\/stilettosupply.com\/products\/tweezer-clamps\/","name":"Tweezer Clamps - Stiletto Supply","isPartOf":{"@id":"https:\/\/stilettosupply.com\/#website"},"datePublished":"2022-05-18T14:59:47+00:00","dateModified":"2025-07-23T16:27:10+00:00","breadcrumb":{"@id":"https:\/\/stilettosupply.com\/products\/tweezer-clamps\/#breadcrumb"},"inLanguage":"es-MX","potentialAction":[{"@type":"ReadAction","target":["https:\/\/stilettosupply.com\/products\/tweezer-clamps\/"]}]},{"@type":"BreadcrumbList","@id":"https:\/\/stilettosupply.com\/products\/tweezer-clamps\/#breadcrumb","itemListElement":[{"@type":"ListItem","position":1,"name":"Home","item":"https:\/\/stilettosupply.com\/"},{"@type":"ListItem","position":2,"name":"Products","item":"https:\/\/stilettosupply.com\/products\/"},{"@type":"ListItem","position":3,"name":"Tweezer Clamps"}]},{"@type":"WebSite","@id":"https:\/\/stilettosupply.com\/#website","url":"https:\/\/stilettosupply.com\/","name":"Suministro de estilete","description":"","potentialAction":[{"@type":"SearchAction","target":{"@type":"EntryPoint","urlTemplate":"https:\/\/stilettosupply.com\/?s={search_term_string}"},"query-input":{"@type":"PropertyValueSpecification","valueRequired":true,"valueName":"search_term_string"}}],"inLanguage":"es-MX"}]}},"jetpack_sharing_enabled":true,"_links":{"self":[{"href":"https:\/\/stilettosupply.com\/es\/wp-json\/wp\/v2\/pages\/135","targetHints":{"allow":["GET"]}}],"collection":[{"href":"https:\/\/stilettosupply.com\/es\/wp-json\/wp\/v2\/pages"}],"about":[{"href":"https:\/\/stilettosupply.com\/es\/wp-json\/wp\/v2\/types\/page"}],"author":[{"embeddable":true,"href":"https:\/\/stilettosupply.com\/es\/wp-json\/wp\/v2\/users\/1"}],"replies":[{"embeddable":true,"href":"https:\/\/stilettosupply.com\/es\/wp-json\/wp\/v2\/comments?post=135"}],"version-history":[{"count":8,"href":"https:\/\/stilettosupply.com\/es\/wp-json\/wp\/v2\/pages\/135\/revisions"}],"predecessor-version":[{"id":2826,"href":"https:\/\/stilettosupply.com\/es\/wp-json\/wp\/v2\/pages\/135\/revisions\/2826"}],"up":[{"embeddable":true,"href":"https:\/\/stilettosupply.com\/es\/wp-json\/wp\/v2\/pages\/52"}],"wp:attachment":[{"href":"https:\/\/stilettosupply.com\/es\/wp-json\/wp\/v2\/media?parent=135"}],"curies":[{"name":"wp","href":"https:\/\/api.w.org\/{rel}","templated":true}]}}