{"id":214,"date":"2022-05-23T21:41:25","date_gmt":"2022-05-24T01:41:25","guid":{"rendered":"https:\/\/stilettosupply.com\/?page_id=214"},"modified":"2025-04-10T16:21:20","modified_gmt":"2025-04-10T20:21:20","slug":"faqs","status":"publish","type":"page","link":"https:\/\/stilettosupply.com\/es_es\/resources\/faqs\/","title":{"rendered":"preguntas frecuentes"},"content":{"rendered":"<div class=\"wpb-content-wrapper\"><div class=\"vc_row wpb_row vc_row-fluid vc_custom_1654778360065 vc_column-gap-35 wd-rs-62a1e9ef4edf2\"><div class=\"wpb_column vc_column_container vc_col-sm-6 vc_col-has-fill wd-alignment-left wd-rs-628d2d5f37bd8\"><div class=\"vc_column-inner vc_custom_1653419368232\"><div class=\"wpb_wrapper\">\t\t\t<link rel=\"stylesheet\" id=\"wd-dividers-css\" href=\"https:\/\/stilettosupply.com\/wp-content\/themes\/woodmart\/css\/parts\/el-row-divider.min.css?ver=6.4.2\" type=\"text\/css\" media=\"all\" \/> \t\t\t\t\t\t<div id=\"wd-628d2a58e521f\" class=\"wd-row-divider wd-628d2a58e521f dvr-position-bottom dvr-style-curved-line woodmart-row-divider\">\n\t\t\t\t<svg xmlns=\"http:\/\/www.w3.org\/2000\/svg\" xmlns:xlink=\"http:\/\/www.w3.org\/1999\/xlink\" x=\"0px\" y=\"0px\"\n\t viewbox=\"0 0 100 100\" width=\"100%\" height=\"50px\" preserveaspectratio=\"none\">\n<path display=\"none\" d=\"M100,25.8V100H0V52.5c-4.9-6.8-9.5-13.8-15-19.7V101h125V20.9C106.3,22,103,23.7,100,25.8z\"\/>\n<path d=\"M100,100V0.8C77.8,21.4,71.3,70.5,38.6,70.5c-18.8,0-29.1-16.2-38.6-34V100H100z\"\/>\n<\/svg>\n\t\t\t\t\t\t\t<\/div>\n\t\t<\/div><\/div><\/div><div class=\"wpb_column vc_column_container vc_col-sm-6 wd-alignment-left\"><div class=\"vc_column-inner\"><div class=\"wpb_wrapper\"><div class=\"vc_tta-container\" data-vc-action=\"collapseAll\"><div class=\"vc_general vc_tta vc_tta-accordion vc_tta-color-black vc_tta-style-flat vc_tta-shape-rounded vc_tta-o-shape-group vc_tta-gap-20 vc_tta-controls-align-default vc_tta-o-no-fill vc_tta-o-all-clickable\"><div class=\"vc_tta-panels-container\"><div class=\"vc_tta-panels\"><div class=\"vc_tta-panel vc_active\" id=\"1652714629759-d0fcf7f0-c2f1bfdf-5510\" data-vc-content=\".vc_tta-panel-body\"><div class=\"vc_tta-panel-heading\"><h4 class=\"vc_tta-panel-title vc_tta-controls-icon-position-left\"><a href=\"#1652714629759-d0fcf7f0-c2f1bfdf-5510\" data-vc-accordion data-vc-container=\".vc_tta-container\"><span class=\"vc_tta-title-text\">\u00bfPuedo reutilizar y reesterilizar los productos Stiletto?<\/span><i class=\"vc_tta-controls-icon vc_tta-controls-icon-chevron\"><\/i><\/a><\/h4><\/div><div class=\"vc_tta-panel-body\">\n\t<div class=\"wpb_text_column wpb_content_element\" >\n\t\t<div class=\"wpb_wrapper\">\n\t\t\t<p>Por razones de seguridad, desaconsejamos encarecidamente la reutilizaci\u00f3n de nuestros conos y agujas.<\/p>\n<p>Nuestros productos preesterilizados se someten a un proceso de esterilizaci\u00f3n con gas EO que est\u00e1 dise\u00f1ado para un <strong>aplicaci\u00f3n de un solo uso<\/strong>.<\/p>\n<p>Nuestros pl\u00e1sticos de grado alimenticio no est\u00e1n dise\u00f1ados para una exposici\u00f3n prolongada a ciclos de esterilizaci\u00f3n en dispositivos como el Statim o autoclaves grandes, y el revestimiento de silicona de grado alimenticio de nuestras agujas y conos se eliminar\u00e1 por completo si se vuelven a esterilizar.<\/p>\n<p><strong>Las agujas deben <em>nunca<\/em> ser reutilizado bajo ninguna circunstancia. La seguridad y el bienestar de sus clientes son primordiales.<\/strong><\/p>\n\n\t\t<\/div>\n\t<\/div>\n<\/div><\/div><div class=\"vc_tta-panel\" id=\"1652714629780-2017c2e4-193abfdf-5510\" data-vc-content=\".vc_tta-panel-body\"><div class=\"vc_tta-panel-heading\"><h4 class=\"vc_tta-panel-title vc_tta-controls-icon-position-left\"><a href=\"#1652714629780-2017c2e4-193abfdf-5510\" data-vc-accordion data-vc-container=\".vc_tta-container\"><span class=\"vc_tta-title-text\">\u00bfMis pines c\u00f3nicos est\u00e1ndar no encajan en mis joyas de ajuste a presi\u00f3n?<\/span><i class=\"vc_tta-controls-icon vc_tta-controls-icon-chevron\"><\/i><\/a><\/h4><\/div><div class=\"vc_tta-panel-body\">\n\t<div class=\"wpb_text_column wpb_content_element\" >\n\t\t<div class=\"wpb_wrapper\">\n\t\t\t<p><img loading=\"lazy\" decoding=\"async\" class=\"alignnone size-medium wp-image-2404\" src=\"https:\/\/stilettosupply.com\/wp-content\/uploads\/2024\/04\/Pin-Ends-300x300.jpg\" alt=\"\" width=\"300\" height=\"300\" srcset=\"https:\/\/stilettosupply.com\/wp-content\/uploads\/2024\/04\/Pin-Ends-300x300.jpg 300w, https:\/\/stilettosupply.com\/wp-content\/uploads\/2024\/04\/Pin-Ends-1024x1024.jpg 1024w, https:\/\/stilettosupply.com\/wp-content\/uploads\/2024\/04\/Pin-Ends-150x150.jpg 150w, https:\/\/stilettosupply.com\/wp-content\/uploads\/2024\/04\/Pin-Ends-768x768.jpg 768w, https:\/\/stilettosupply.com\/wp-content\/uploads\/2024\/04\/Pin-Ends-12x12.jpg 12w, https:\/\/stilettosupply.com\/wp-content\/uploads\/2024\/04\/Pin-Ends.jpg 1347w\" sizes=\"auto, (max-width: 300px) 100vw, 300px\" \/><\/p>\n<p>Cada uno de nuestros enganches est\u00e1 pensado para distintos prop\u00f3sitos. Las joyas con enganches Press Fit deben utilizarse con enganches Press Fit, ya que la parte final es mucho m\u00e1s fina que el pasador est\u00e1ndar.<\/p>\n<p>El pasador est\u00e1ndar que termina en forma de cono es demasiado grueso y fue creado para funcionar con joyas con rosca interna.<\/p>\n\n\t\t<\/div>\n\t<\/div>\n<\/div><\/div><div class=\"vc_tta-panel\" id=\"1653357841977-422d2247-bc14\" data-vc-content=\".vc_tta-panel-body\"><div class=\"vc_tta-panel-heading\"><h4 class=\"vc_tta-panel-title vc_tta-controls-icon-position-left\"><a href=\"#1653357841977-422d2247-bc14\" data-vc-accordion data-vc-container=\".vc_tta-container\"><span class=\"vc_tta-title-text\">\u00bfNo vendes a mi pa\u00eds?<\/span><i class=\"vc_tta-controls-icon vc_tta-controls-icon-chevron\"><\/i><\/a><\/h4><\/div><div class=\"vc_tta-panel-body\">\n\t<div class=\"wpb_text_column wpb_content_element\" >\n\t\t<div class=\"wpb_wrapper\">\n\t\t\t<p>Stiletto es una nueva empresa que est\u00e1 arraigada en todo el mundo para proporcionar herramientas desechables a la industria del piercing. Si no ves un distribuidor en tu pa\u00eds, echa un vistazo a nuestro mapa de distribuidores y podr\u00e1s realizar el pedido al m\u00e1s cercano a ti.<\/p>\n<p>Tenga en cuenta que nuestra lista de distribuidores siempre se actualiza a medida que continuamos haciendo crecer nuestra empresa y estableciendo distribuidores en todo el mundo.<\/p>\n\n\t\t<\/div>\n\t<\/div>\n<\/div><\/div><div class=\"vc_tta-panel\" id=\"1654614478835-8b5c62aa-a9f3\" data-vc-content=\".vc_tta-panel-body\"><div class=\"vc_tta-panel-heading\"><h4 class=\"vc_tta-panel-title vc_tta-controls-icon-position-left\"><a href=\"#1654614478835-8b5c62aa-a9f3\" data-vc-accordion data-vc-container=\".vc_tta-container\"><span class=\"vc_tta-title-text\">\u00bfCu\u00e1l es el recubrimiento de las Agujas y los Cilindros?<\/span><i class=\"vc_tta-controls-icon vc_tta-controls-icon-chevron\"><\/i><\/a><\/h4><\/div><div class=\"vc_tta-panel-body\">\n\t<div class=\"wpb_text_column wpb_content_element\" >\n\t\t<div class=\"wpb_wrapper\">\n\t\t\t<p>El revestimiento que se utiliza en nuestras agujas y conos es un revestimiento de silicona de grado alimenticio. Este es el mismo revestimiento que se encuentra en casi todas las agujas hipod\u00e9rmicas y es lo que ayuda a que el proceso de perforaci\u00f3n sea lo m\u00e1s r\u00e1pido y sencillo posible para su cliente.<\/p>\n\n\t\t<\/div>\n\t<\/div>\n<\/div><\/div><div class=\"vc_tta-panel\" id=\"1654614494248-b2a582f5-12b3\" data-vc-content=\".vc_tta-panel-body\"><div class=\"vc_tta-panel-heading\"><h4 class=\"vc_tta-panel-title vc_tta-controls-icon-position-left\"><a href=\"#1654614494248-b2a582f5-12b3\" data-vc-accordion data-vc-container=\".vc_tta-container\"><span class=\"vc_tta-title-text\">\u00bfPor qu\u00e9 solo vendemos a estudios\/empresas con licencia?<\/span><i class=\"vc_tta-controls-icon vc_tta-controls-icon-chevron\"><\/i><\/a><\/h4><\/div><div class=\"vc_tta-panel-body\">\n\t<div class=\"wpb_text_column wpb_content_element\" >\n\t\t<div class=\"wpb_wrapper\">\n\t\t\t<p>La misi\u00f3n de Stiletto es impulsar la industria de los piercings hacia el mercado de los desechables, de forma muy parecida a como ya lo ha hecho la industria del tatuaje.<\/p>\n<p>Nuestra principal prioridad es mejorar la facilidad y seguridad de los procedimientos de perforaci\u00f3n para los perforadores que utilizan nuestras herramientas con el objetivo de facilitar perforaciones seguras y precisas, permitiendo a los profesionales sobresalir en su oficio.<\/p>\n<p>Vender a estudios verificados garantiza que cada empresa y empleado est\u00e9 completamente certificado y posea toda la documentaci\u00f3n necesaria requerida en la industria del arte corporal\/perforaci\u00f3n corporal.<\/p>\n<p>Esto tambi\u00e9n es para evitar que alguien se haga perforaciones ilegalmente en su casa o en estudios sin licencia.<\/p>\n\n\t\t<\/div>\n\t<\/div>\n<\/div><\/div><div class=\"vc_tta-panel\" id=\"1654614513766-14a8103a-13ba\" data-vc-content=\".vc_tta-panel-body\"><div class=\"vc_tta-panel-heading\"><h4 class=\"vc_tta-panel-title vc_tta-controls-icon-position-left\"><a href=\"#1654614513766-14a8103a-13ba\" data-vc-accordion data-vc-container=\".vc_tta-container\"><span class=\"vc_tta-title-text\">\u00bfD\u00f3nde puedo obtener m\u00e1s informaci\u00f3n sobre los productos Stiletto?<\/span><i class=\"vc_tta-controls-icon vc_tta-controls-icon-chevron\"><\/i><\/a><\/h4><\/div><div class=\"vc_tta-panel-body\">\n\t<div class=\"wpb_text_column wpb_content_element\" >\n\t\t<div class=\"wpb_wrapper\">\n\t\t\t<p>Our landing page is the perfect place to inform yourself about all things Stiletto. We have dedicated this entire page to provide you with all the proper details of our products, display the necessary documentation to give to health inspectors, and so much more.<\/p>\n<p>Si\u00e9ntase libre de permanecer conectado a nuestras p\u00e1ginas de redes sociales. \u00a1Nos encanta interactuar con nuestros clientes!<\/p>\n\n\t\t<\/div>\n\t<\/div>\n<\/div><\/div><div class=\"vc_tta-panel\" id=\"1712690228783-7758d23a-5bf6\" data-vc-content=\".vc_tta-panel-body\"><div class=\"vc_tta-panel-heading\"><h4 class=\"vc_tta-panel-title vc_tta-controls-icon-position-left\"><a href=\"#1712690228783-7758d23a-5bf6\" data-vc-accordion data-vc-container=\".vc_tta-container\"><span class=\"vc_tta-title-text\">\u00bfProporcionan certificados de esterilizaci\u00f3n? \u00bfO f\u00e1bricas de joyer\u00eda? \u00bfD\u00f3nde puedo encontrarlo?<\/span><i class=\"vc_tta-controls-icon vc_tta-controls-icon-chevron\"><\/i><\/a><\/h4><\/div><div class=\"vc_tta-panel-body\">\n\t<div class=\"wpb_text_column wpb_content_element\" >\n\t\t<div class=\"wpb_wrapper\">\n\t\t\t<p>\u00a1S\u00ed!<\/p>\n<p>Nuestra p\u00e1gina de inicio en &quot;Recursos&quot; es donde puede encontrar todo tipo de certificaciones de esterilizaci\u00f3n. Todo lo que necesita saber es el lote # de los productos que est\u00e1 buscando y hacer coincidir el # con los certificados junto con el nombre del producto. Puede descargar tantos certificados como necesite. Esta es una excelente manera de mostrarle a su inspector de salud que todas las herramientas son verificables y rastreables.<\/p>\n<p>Si necesita m\u00e1s informaci\u00f3n o asistencia, no dude en comunicarse con el departamento de atenci\u00f3n al cliente de su distribuidor m\u00e1s cercano.<\/p>\n\n\t\t<\/div>\n\t<\/div>\n<\/div><\/div><\/div><\/div><\/div><\/div><\/div><\/div><\/div><\/div>\n<\/div>","protected":false},"excerpt":{"rendered":"\u00bfPuedo reutilizar y reesterilizar los productos Stiletto? Por razones de seguridad, desaconsejamos encarecidamente la reutilizaci\u00f3n de nuestros conos y agujas. Nuestro","protected":false},"author":1,"featured_media":0,"parent":83,"menu_order":0,"comment_status":"closed","ping_status":"closed","template":"","meta":{"_acf_changed":false,"footnotes":""},"class_list":["post-214","page","type-page","status-publish","hentry"],"acf":[],"yoast_head":"<!-- This site is optimized with the Yoast SEO plugin v27.5 - https:\/\/yoast.com\/product\/yoast-seo-wordpress\/ -->\n<title>FAQs - Stiletto Supply<\/title>\n<meta name=\"robots\" content=\"index, follow, max-snippet:-1, max-image-preview:large, max-video-preview:-1\" \/>\n<link rel=\"canonical\" href=\"https:\/\/stilettosupply.com\/es_es\/resources\/faqs\/\" \/>\n<meta property=\"og:locale\" content=\"es_ES\" \/>\n<meta property=\"og:type\" content=\"article\" \/>\n<meta property=\"og:title\" content=\"FAQs - Stiletto Supply\" \/>\n<meta property=\"og:url\" content=\"https:\/\/stilettosupply.com\/es_es\/resources\/faqs\/\" \/>\n<meta property=\"og:site_name\" content=\"Stiletto Supply\" \/>\n<meta property=\"article:modified_time\" content=\"2025-04-10T20:21:20+00:00\" \/>\n<meta property=\"og:image\" content=\"https:\/\/stilettosupply.com\/wp-content\/uploads\/2024\/04\/Pin-Ends.jpg\" \/>\n\t<meta property=\"og:image:width\" content=\"1347\" \/>\n\t<meta property=\"og:image:height\" content=\"1347\" \/>\n\t<meta property=\"og:image:type\" content=\"image\/jpeg\" \/>\n<meta name=\"twitter:card\" content=\"summary_large_image\" \/>\n<meta name=\"twitter:label1\" content=\"Est. reading time\" \/>\n\t<meta name=\"twitter:data1\" content=\"3 minutes\" \/>\n<script type=\"application\/ld+json\" class=\"yoast-schema-graph\">{\"@context\":\"https:\\\/\\\/schema.org\",\"@graph\":[{\"@type\":\"WebPage\",\"@id\":\"https:\\\/\\\/stilettosupply.com\\\/resources\\\/faqs\\\/\",\"url\":\"https:\\\/\\\/stilettosupply.com\\\/resources\\\/faqs\\\/\",\"name\":\"FAQs - Stiletto Supply\",\"isPartOf\":{\"@id\":\"https:\\\/\\\/stilettosupply.com\\\/#website\"},\"primaryImageOfPage\":{\"@id\":\"https:\\\/\\\/stilettosupply.com\\\/resources\\\/faqs\\\/#primaryimage\"},\"image\":{\"@id\":\"https:\\\/\\\/stilettosupply.com\\\/resources\\\/faqs\\\/#primaryimage\"},\"thumbnailUrl\":\"https:\\\/\\\/stilettosupply.com\\\/wp-content\\\/uploads\\\/2024\\\/04\\\/Pin-Ends-300x300.jpg\",\"datePublished\":\"2022-05-24T01:41:25+00:00\",\"dateModified\":\"2025-04-10T20:21:20+00:00\",\"breadcrumb\":{\"@id\":\"https:\\\/\\\/stilettosupply.com\\\/resources\\\/faqs\\\/#breadcrumb\"},\"inLanguage\":\"es-ES\",\"potentialAction\":[{\"@type\":\"ReadAction\",\"target\":[\"https:\\\/\\\/stilettosupply.com\\\/resources\\\/faqs\\\/\"]}]},{\"@type\":\"ImageObject\",\"inLanguage\":\"es-ES\",\"@id\":\"https:\\\/\\\/stilettosupply.com\\\/resources\\\/faqs\\\/#primaryimage\",\"url\":\"https:\\\/\\\/stilettosupply.com\\\/wp-content\\\/uploads\\\/2024\\\/04\\\/Pin-Ends-300x300.jpg\",\"contentUrl\":\"https:\\\/\\\/stilettosupply.com\\\/wp-content\\\/uploads\\\/2024\\\/04\\\/Pin-Ends-300x300.jpg\"},{\"@type\":\"BreadcrumbList\",\"@id\":\"https:\\\/\\\/stilettosupply.com\\\/resources\\\/faqs\\\/#breadcrumb\",\"itemListElement\":[{\"@type\":\"ListItem\",\"position\":1,\"name\":\"Home\",\"item\":\"https:\\\/\\\/stilettosupply.com\\\/\"},{\"@type\":\"ListItem\",\"position\":2,\"name\":\"Resources\",\"item\":\"https:\\\/\\\/stilettosupply.com\\\/resources\\\/\"},{\"@type\":\"ListItem\",\"position\":3,\"name\":\"FAQs\"}]},{\"@type\":\"WebSite\",\"@id\":\"https:\\\/\\\/stilettosupply.com\\\/#website\",\"url\":\"https:\\\/\\\/stilettosupply.com\\\/\",\"name\":\"Stiletto Supply\",\"description\":\"\",\"potentialAction\":[{\"@type\":\"SearchAction\",\"target\":{\"@type\":\"EntryPoint\",\"urlTemplate\":\"https:\\\/\\\/stilettosupply.com\\\/?s={search_term_string}\"},\"query-input\":{\"@type\":\"PropertyValueSpecification\",\"valueRequired\":true,\"valueName\":\"search_term_string\"}}],\"inLanguage\":\"es-ES\"}]}<\/script>\n<!-- \/ Yoast SEO plugin. -->","yoast_head_json":{"title":"FAQs - Stiletto Supply","robots":{"index":"index","follow":"follow","max-snippet":"max-snippet:-1","max-image-preview":"max-image-preview:large","max-video-preview":"max-video-preview:-1"},"canonical":"https:\/\/stilettosupply.com\/es_es\/resources\/faqs\/","og_locale":"es_ES","og_type":"article","og_title":"FAQs - Stiletto Supply","og_url":"https:\/\/stilettosupply.com\/es_es\/resources\/faqs\/","og_site_name":"Stiletto Supply","article_modified_time":"2025-04-10T20:21:20+00:00","og_image":[{"width":1347,"height":1347,"url":"https:\/\/stilettosupply.com\/wp-content\/uploads\/2024\/04\/Pin-Ends.jpg","type":"image\/jpeg"}],"twitter_card":"summary_large_image","twitter_misc":{"Est. reading time":"3 minutes"},"schema":{"@context":"https:\/\/schema.org","@graph":[{"@type":"WebPage","@id":"https:\/\/stilettosupply.com\/resources\/faqs\/","url":"https:\/\/stilettosupply.com\/resources\/faqs\/","name":"FAQs - Stiletto Supply","isPartOf":{"@id":"https:\/\/stilettosupply.com\/#website"},"primaryImageOfPage":{"@id":"https:\/\/stilettosupply.com\/resources\/faqs\/#primaryimage"},"image":{"@id":"https:\/\/stilettosupply.com\/resources\/faqs\/#primaryimage"},"thumbnailUrl":"https:\/\/stilettosupply.com\/wp-content\/uploads\/2024\/04\/Pin-Ends-300x300.jpg","datePublished":"2022-05-24T01:41:25+00:00","dateModified":"2025-04-10T20:21:20+00:00","breadcrumb":{"@id":"https:\/\/stilettosupply.com\/resources\/faqs\/#breadcrumb"},"inLanguage":"es-ES","potentialAction":[{"@type":"ReadAction","target":["https:\/\/stilettosupply.com\/resources\/faqs\/"]}]},{"@type":"ImageObject","inLanguage":"es-ES","@id":"https:\/\/stilettosupply.com\/resources\/faqs\/#primaryimage","url":"https:\/\/stilettosupply.com\/wp-content\/uploads\/2024\/04\/Pin-Ends-300x300.jpg","contentUrl":"https:\/\/stilettosupply.com\/wp-content\/uploads\/2024\/04\/Pin-Ends-300x300.jpg"},{"@type":"BreadcrumbList","@id":"https:\/\/stilettosupply.com\/resources\/faqs\/#breadcrumb","itemListElement":[{"@type":"ListItem","position":1,"name":"Home","item":"https:\/\/stilettosupply.com\/"},{"@type":"ListItem","position":2,"name":"Resources","item":"https:\/\/stilettosupply.com\/resources\/"},{"@type":"ListItem","position":3,"name":"FAQs"}]},{"@type":"WebSite","@id":"https:\/\/stilettosupply.com\/#website","url":"https:\/\/stilettosupply.com\/","name":"Suministro de estilete","description":"","potentialAction":[{"@type":"SearchAction","target":{"@type":"EntryPoint","urlTemplate":"https:\/\/stilettosupply.com\/?s={search_term_string}"},"query-input":{"@type":"PropertyValueSpecification","valueRequired":true,"valueName":"search_term_string"}}],"inLanguage":"es-ES"}]}},"jetpack_sharing_enabled":true,"_links":{"self":[{"href":"https:\/\/stilettosupply.com\/es_es\/wp-json\/wp\/v2\/pages\/214","targetHints":{"allow":["GET"]}}],"collection":[{"href":"https:\/\/stilettosupply.com\/es_es\/wp-json\/wp\/v2\/pages"}],"about":[{"href":"https:\/\/stilettosupply.com\/es_es\/wp-json\/wp\/v2\/types\/page"}],"author":[{"embeddable":true,"href":"https:\/\/stilettosupply.com\/es_es\/wp-json\/wp\/v2\/users\/1"}],"replies":[{"embeddable":true,"href":"https:\/\/stilettosupply.com\/es_es\/wp-json\/wp\/v2\/comments?post=214"}],"version-history":[{"count":13,"href":"https:\/\/stilettosupply.com\/es_es\/wp-json\/wp\/v2\/pages\/214\/revisions"}],"predecessor-version":[{"id":3329,"href":"https:\/\/stilettosupply.com\/es_es\/wp-json\/wp\/v2\/pages\/214\/revisions\/3329"}],"up":[{"embeddable":true,"href":"https:\/\/stilettosupply.com\/es_es\/wp-json\/wp\/v2\/pages\/83"}],"wp:attachment":[{"href":"https:\/\/stilettosupply.com\/es_es\/wp-json\/wp\/v2\/media?parent=214"}],"curies":[{"name":"wp","href":"https:\/\/api.w.org\/{rel}","templated":true}]}}