{"id":3471,"date":"2025-05-20T14:35:32","date_gmt":"2025-05-20T18:35:32","guid":{"rendered":"https:\/\/stilettosupply.com\/?page_id=3471"},"modified":"2025-07-28T10:25:56","modified_gmt":"2025-07-28T14:25:56","slug":"5-product-qr-page","status":"publish","type":"page","link":"https:\/\/stilettosupply.com\/es_es\/5-product-qr-page\/","title":{"rendered":"5 Sprouts QR Page"},"content":{"rendered":"<div class=\"wpb-content-wrapper\"><div class=\"vc_row wpb_row vc_row-fluid\"><div class=\"wpb_column vc_column_container vc_col-sm-12 wd-alignment-left\"><div class=\"vc_column-inner\"><div class=\"wpb_wrapper\">\t\t\t<link rel=\"stylesheet\" id=\"wd-accordion-css\" href=\"https:\/\/stilettosupply.com\/wp-content\/themes\/woodmart\/css\/parts\/el-accordion.min.css?ver=6.4.2\" type=\"text\/css\" media=\"all\" \/> \t\t\t\n\t\t<div id=\"wd-67c5fa1fd9ebd\" class=\"wd-accordion wd-wpb wd-rs-67c5fa1fd9ebd  wd-style-default\" data-state=\"first\">\n\t\t\t\t\t\t\t\n\t\t\t\t\n\t\t\t\t<div class=\"wd-accordion-item\">\n\t\t\t\t\t<div class=\"wd-accordion-title wd-active font-primary wd-fontsize-s text-left wd-opener-pos-left wd-font-weight-600\" data-accordion-index=\"0\">\n\t\t\t\t\t\t<div class=\"wd-accordion-title-text\">\n\t\t\t\t\t\t\t\t\t\t\t\t\t\t<span>\n\t\t\t\t\t\t\t\tBead Changer Safety Instructions\t\t\t\t\t\t\t<\/span>\n\t\t\t\t\t\t<\/div>\n\t\t\t\t\t\t<span class=\"wd-accordion-opener wd-opener-style-arrow\"><\/span>\n\t\t\t\t\t<\/div>\n\n\t\t\t\t\t<div class=\"wd-accordion-content reset-last-child wd-active\" data-accordion-index=\"0\">\n\t\t\t\t\t\t\t\t\t\t\t\t\t\n<ul>\n<li aria-level=\"1\"><a href=\"https:\/\/stilettosupply.com\/wp-content\/uploads\/2025\/05\/English-Bead-Changer-Safety-Manual_2.pdf\"><strong>English<\/strong>\u00a0Safety Instructions<\/a><\/li>\n<li><a href=\"https:\/\/stilettosupply.com\/wp-content\/uploads\/2025\/05\/Portuguese-Bead-Changer-Safety-Manual_2.pdf\"><span class=\"Y2IQFc\" lang=\"pt\">Instru\u00e7\u00f5es de Seguran\u00e7a\u00a0<strong>Portuguesas<\/strong><\/span><\/a><\/li>\n<li>Istruzioni di sicurezza\u00a0<strong>Italiane<\/strong><\/li>\n<li aria-level=\"1\"><a href=\"https:\/\/stilettosupply.com\/wp-content\/uploads\/2025\/05\/Spanish-Bead-Changer-Safety-Manual_2.pdf\">Instrucciones de seguridad en\u00a0<strong>Espa\u00f1ol<\/strong><\/a><\/li>\n<li><strong>Deutsche<\/strong>\u00a0Sicherheitshinweise<\/li>\n<li aria-level=\"1\">Consignes de s\u00e9curit\u00e9 en\u00a0<strong>Fran\u00e7ais<\/strong><\/li>\n<li><a href=\"https:\/\/stilettosupply.com\/wp-content\/uploads\/2025\/05\/Polish-Bead-Changer-Safety-Manual-_3.pdf\"><span class=\"Y2IQFc\" lang=\"pl\"><strong>Polskie<\/strong>\u00a0Instrukcje Bezpiecze\u0144stwa<\/span><\/a><\/li>\n<li><span class=\"Y2IQFc\" lang=\"sv\"><strong>Svenska<\/strong>\u00a0S\u00e4kerhetsinstruktioner<\/span><\/li>\n<li><a href=\"https:\/\/stilettosupply.com\/wp-content\/uploads\/2025\/05\/Dutch-Bead-Changer-Safety-Manual_2.pdf\"><strong>Nederlandse<\/strong>\u00a0Veiligheidsinstructies<\/a><\/li>\n<li><a href=\"https:\/\/stilettosupply.com\/wp-content\/uploads\/2025\/05\/Danish-Bead-Changer-Safety-Manual_2.pdf\"><strong>Dansk<\/strong>\u00a0sikkerhedsinstruktion<\/a><\/li>\n<\/ul>\n\t\t\t\t\t\t\t\t\t\t\t<\/div>\n\t\t\t\t<\/div>\n\t\t\t\t\t\t\t\n\t\t\t\t\n\t\t\t\t<div class=\"wd-accordion-item\">\n\t\t\t\t\t<div class=\"wd-accordion-title font-primary wd-fontsize-s text-left wd-opener-pos-left wd-font-weight-600\" data-accordion-index=\"1\">\n\t\t\t\t\t\t<div class=\"wd-accordion-title-text\">\n\t\t\t\t\t\t\t\t\t\t\t\t\t\t<span>\n\t\t\t\t\t\t\t\tLarge Flat Bead Changer Safety Instructions\t\t\t\t\t\t\t<\/span>\n\t\t\t\t\t\t<\/div>\n\t\t\t\t\t\t<span class=\"wd-accordion-opener wd-opener-style-arrow\"><\/span>\n\t\t\t\t\t<\/div>\n\n\t\t\t\t\t<div class=\"wd-accordion-content reset-last-child\" data-accordion-index=\"1\">\n\t\t\t\t\t\t\t\t\t\t\t\t\t\n<ul>\n<li aria-level=\"1\"><a href=\"https:\/\/stilettosupply.com\/wp-content\/uploads\/2025\/05\/English-Large-Flat-Bead-Changer-Safety-Manual.pdf\"><strong>English<\/strong>\u00a0Safety Instructions<\/a><\/li>\n<li aria-level=\"1\">Instrucciones de seguridad en\u00a0<strong>Espa\u00f1ol<\/strong><\/li>\n<li aria-level=\"1\">Consignes de s\u00e9curit\u00e9 en\u00a0<strong>Fran\u00e7ais<\/strong><\/li>\n<li aria-level=\"1\"><strong>Deutsche<\/strong>\u00a0Sicherheitshinweise<\/li>\n<li>Istruzioni di sicurezza\u00a0<strong>Italiane<\/strong><\/li>\n<li><span class=\"Y2IQFc\" lang=\"pt\">Instru\u00e7\u00f5es de Seguran\u00e7a\u00a0<strong>Portuguesas<\/strong><\/span><\/li>\n<li><span class=\"Y2IQFc\" lang=\"pl\"><strong>Polskie<\/strong>\u00a0Instrukcje Bezpiecze\u0144stwa<\/span><\/li>\n<li><span class=\"Y2IQFc\" lang=\"sv\"><strong>Svenska<\/strong>\u00a0S\u00e4kerhetsinstruktioner<\/span><\/li>\n<li><strong>Nederlandse<\/strong>\u00a0Veiligheidsinstructies<\/li>\n<li><strong>Dansk<\/strong>\u00a0sikkerhedsinstruktion<\/li>\n<\/ul>\n\t\t\t\t\t\t\t\t\t\t\t<\/div>\n\t\t\t\t<\/div>\n\t\t\t\t\t\t\t\n\t\t\t\t\n\t\t\t\t<div class=\"wd-accordion-item\">\n\t\t\t\t\t<div class=\"wd-accordion-title font-primary wd-fontsize-s text-left wd-opener-pos-left wd-font-weight-600\" data-accordion-index=\"2\">\n\t\t\t\t\t\t<div class=\"wd-accordion-title-text\">\n\t\t\t\t\t\t\t\t\t\t\t\t\t\t<span>\n\t\t\t\t\t\t\t\tRing Holder Safety Instructions\t\t\t\t\t\t\t<\/span>\n\t\t\t\t\t\t<\/div>\n\t\t\t\t\t\t<span class=\"wd-accordion-opener wd-opener-style-arrow\"><\/span>\n\t\t\t\t\t<\/div>\n\n\t\t\t\t\t<div class=\"wd-accordion-content reset-last-child\" data-accordion-index=\"2\">\n\t\t\t\t\t\t\t\t\t\t\t\t\t\n<ul>\n<li aria-level=\"1\"><a href=\"https:\/\/stilettosupply.com\/wp-content\/uploads\/2025\/05\/English-Ring-Holder-Safety-Manual.pdf\"><strong>English<\/strong>\u00a0Safety Instructions<\/a><\/li>\n<li aria-level=\"1\">Instrucciones de seguridad en\u00a0<strong>Esp<\/strong><strong>a\u00f1ol<\/strong><\/li>\n<li aria-level=\"1\">Consignes de s\u00e9curit\u00e9 en\u00a0<strong>Fran\u00e7ais<\/strong><\/li>\n<li aria-level=\"1\"><strong>Deutsche<\/strong>\u00a0Sicherheitshinweise<\/li>\n<li>Istruzioni di sicurezza\u00a0<strong>Italiane<\/strong><\/li>\n<li><span class=\"Y2IQFc\" lang=\"pt\">Instru\u00e7\u00f5es de Seguran\u00e7a\u00a0<strong>Portuguesas<\/strong><\/span><\/li>\n<li><span class=\"Y2IQFc\" lang=\"pl\"><strong>Polskie<\/strong>\u00a0Instrukcje Bezpiecze\u0144stwa<\/span><\/li>\n<li><span class=\"Y2IQFc\" lang=\"sv\"><strong>Svenska<\/strong>\u00a0S\u00e4kerhetsinstruktioner<\/span><\/li>\n<li><strong>Nederlandse<\/strong>\u00a0Veiligheidsinstructies<\/li>\n<li><strong>Dansk<\/strong>\u00a0sikkerhedsinstruktion<\/li>\n<\/ul>\n\t\t\t\t\t\t\t\t\t\t\t<\/div>\n\t\t\t\t<\/div>\n\t\t\t\t\t\t\t\n\t\t\t\t\n\t\t\t\t<div class=\"wd-accordion-item\">\n\t\t\t\t\t<div class=\"wd-accordion-title font-primary wd-fontsize-s text-left wd-opener-pos-left wd-font-weight-600\" data-accordion-index=\"3\">\n\t\t\t\t\t\t<div class=\"wd-accordion-title-text\">\n\t\t\t\t\t\t\t\t\t\t\t\t\t\t<span>\n\t\t\t\t\t\t\t\tDisplay Tool Safety Instructions\t\t\t\t\t\t\t<\/span>\n\t\t\t\t\t\t<\/div>\n\t\t\t\t\t\t<span class=\"wd-accordion-opener wd-opener-style-arrow\"><\/span>\n\t\t\t\t\t<\/div>\n\n\t\t\t\t\t<div class=\"wd-accordion-content reset-last-child\" data-accordion-index=\"3\">\n\t\t\t\t\t\t\t\t\t\t\t\t\t\n<ul>\n<li aria-level=\"1\"><a href=\"https:\/\/stilettosupply.com\/wp-content\/uploads\/2025\/05\/English-Display-Tool-Safety-Manual.pdf\"><strong>English<\/strong>\u00a0Safety Instructions<\/a><\/li>\n<li aria-level=\"1\">Instrucciones de seguridad en\u00a0<strong>Espa\u00f1ol<\/strong><\/li>\n<li aria-level=\"1\">Consignes de s\u00e9curit\u00e9 en\u00a0<strong>Fran\u00e7ais<\/strong><\/li>\n<li aria-level=\"1\"><strong>Deutsche<\/strong>\u00a0Sicherheitshinweise<\/li>\n<li>Istruzioni di sicurezza\u00a0<strong>Italiane<\/strong><\/li>\n<li><span class=\"Y2IQFc\" lang=\"pt\">Instru\u00e7\u00f5es de Seguran\u00e7a\u00a0<strong>Portuguesas<\/strong><\/span><\/li>\n<li><span class=\"Y2IQFc\" lang=\"pl\"><strong>Polskie<\/strong>\u00a0Instrukcje Bezpiecze\u0144stwa<\/span><\/li>\n<li><span class=\"Y2IQFc\" lang=\"sv\"><strong>Svenska<\/strong>\u00a0S\u00e4kerhetsinstruktioner<\/span><\/li>\n<li><strong>Nederlandse<\/strong>\u00a0Veiligheidsinstructies<\/li>\n<li><strong>Dansk<\/strong>\u00a0sikkerhedsinstruktion<\/li>\n<\/ul>\n\t\t\t\t\t\t\t\t\t\t\t<\/div>\n\t\t\t\t<\/div>\n\t\t\t\t\t\t\t\n\t\t\t\t\n\t\t\t\t<div class=\"wd-accordion-item\">\n\t\t\t\t\t<div class=\"wd-accordion-title font-primary wd-fontsize-s text-left wd-opener-pos-left wd-font-weight-600\" data-accordion-index=\"4\">\n\t\t\t\t\t\t<div class=\"wd-accordion-title-text\">\n\t\t\t\t\t\t\t\t\t\t\t\t\t\t<span>\n\t\t\t\t\t\t\t\tPost Tool Safety Instructions\t\t\t\t\t\t\t<\/span>\n\t\t\t\t\t\t<\/div>\n\t\t\t\t\t\t<span class=\"wd-accordion-opener wd-opener-style-arrow\"><\/span>\n\t\t\t\t\t<\/div>\n\n\t\t\t\t\t<div class=\"wd-accordion-content reset-last-child\" data-accordion-index=\"4\">\n\t\t\t\t\t\t\t\t\t\t\t\t\t\n<ul>\n<li aria-level=\"1\"><a href=\"https:\/\/stilettosupply.com\/wp-content\/uploads\/2025\/05\/English-Post-Tool-Safety-Manual.pdf\"><strong>English<\/strong>\u00a0Safety Instructions<\/a><\/li>\n<li aria-level=\"1\">Instrucciones de seguridad en\u00a0<strong>Espa\u00f1ol<\/strong><\/li>\n<li aria-level=\"1\">Consignes de s\u00e9curit\u00e9 en\u00a0<strong>Fran\u00e7ais<\/strong><\/li>\n<li aria-level=\"1\"><strong>Deutsche<\/strong>\u00a0Sicherheitshinweise<\/li>\n<li>Istruzioni di sicurezza\u00a0<strong>Italiane<\/strong><\/li>\n<li><span class=\"Y2IQFc\" lang=\"pt\">Instru\u00e7\u00f5es de Seguran\u00e7a\u00a0<strong>Portuguesas<\/strong><\/span><\/li>\n<li><span class=\"Y2IQFc\" lang=\"pl\"><strong>Polskie<\/strong>\u00a0Instrukcje Bezpiecze\u0144stwa<\/span><\/li>\n<li><span class=\"Y2IQFc\" lang=\"sv\"><strong>Svenska<\/strong>\u00a0S\u00e4kerhetsinstruktioner<\/span><\/li>\n<li><strong>Nederlandse<\/strong>\u00a0Veiligheidsinstructies<\/li>\n<li><strong>Dansk<\/strong>\u00a0sikkerhedsinstruktion<\/li>\n<\/ul>\n\t\t\t\t\t\t\t\t\t\t\t<\/div>\n\t\t\t\t<\/div>\n\t\t\t\t\t\t\t\t\t\t\t\t\t\t<\/div>\n\n\t\t<\/div><\/div><\/div><\/div><div class=\"vc_row wpb_row vc_row-fluid\"><div class=\"wpb_column vc_column_container vc_col-sm-12 wd-alignment-left\"><div class=\"vc_column-inner\"><div class=\"wpb_wrapper\"><div class=\"vc_empty_space\"   style=\"height: 32px\"><span class=\"vc_empty_space_inner\"><\/span><\/div><div class=\"vc_separator wpb_content_element vc_separator_align_center vc_sep_width_100 vc_sep_border_width_3 vc_sep_pos_align_center vc_separator_no_text vc_custom_1741122268153\" ><span class=\"vc_sep_holder vc_sep_holder_l\"><span style=\"border-color:#ff34ac;\" class=\"vc_sep_line\"><\/span><\/span><span class=\"vc_sep_holder vc_sep_holder_r\"><span style=\"border-color:#ff34ac;\" class=\"vc_sep_line\"><\/span><\/span>\n<\/div><\/div><\/div><\/div><\/div>\n<\/div>","protected":false},"excerpt":{"rendered":"Bead Changer Safety Instructions English\u00a0Safety Instructions Instru\u00e7\u00f5es de Seguran\u00e7a\u00a0Portuguesas Istruzioni di sicurezza\u00a0Italiane Instrucciones de seguridad en\u00a0Espa\u00f1ol Deutsche\u00a0Sicherheitshinweise Consignes de s\u00e9curit\u00e9","protected":false},"author":13073,"featured_media":0,"parent":0,"menu_order":0,"comment_status":"closed","ping_status":"closed","template":"","meta":{"_acf_changed":false,"footnotes":""},"class_list":["post-3471","page","type-page","status-publish","hentry"],"acf":[],"yoast_head":"<!-- This site is optimized with the Yoast SEO plugin v27.5 - https:\/\/yoast.com\/product\/yoast-seo-wordpress\/ -->\n<title>5 Sprouts QR Page - Stiletto Supply<\/title>\n<meta name=\"robots\" content=\"index, follow, max-snippet:-1, max-image-preview:large, max-video-preview:-1\" \/>\n<link rel=\"canonical\" href=\"https:\/\/stilettosupply.com\/es_es\/5-product-qr-page\/\" \/>\n<meta property=\"og:locale\" content=\"es_ES\" \/>\n<meta property=\"og:type\" content=\"article\" \/>\n<meta property=\"og:title\" content=\"5 Sprouts QR Page - Stiletto Supply\" \/>\n<meta property=\"og:url\" content=\"https:\/\/stilettosupply.com\/es_es\/5-product-qr-page\/\" \/>\n<meta property=\"og:site_name\" content=\"Stiletto Supply\" \/>\n<meta property=\"article:modified_time\" content=\"2025-07-28T14:25:56+00:00\" \/>\n<meta name=\"twitter:card\" content=\"summary_large_image\" \/>\n<meta name=\"twitter:label1\" content=\"Est. reading time\" \/>\n\t<meta name=\"twitter:data1\" content=\"1 minute\" \/>\n<script type=\"application\/ld+json\" class=\"yoast-schema-graph\">{\"@context\":\"https:\\\/\\\/schema.org\",\"@graph\":[{\"@type\":\"WebPage\",\"@id\":\"https:\\\/\\\/stilettosupply.com\\\/5-product-qr-page\\\/\",\"url\":\"https:\\\/\\\/stilettosupply.com\\\/5-product-qr-page\\\/\",\"name\":\"5 Sprouts QR Page - Stiletto Supply\",\"isPartOf\":{\"@id\":\"https:\\\/\\\/stilettosupply.com\\\/#website\"},\"datePublished\":\"2025-05-20T18:35:32+00:00\",\"dateModified\":\"2025-07-28T14:25:56+00:00\",\"breadcrumb\":{\"@id\":\"https:\\\/\\\/stilettosupply.com\\\/5-product-qr-page\\\/#breadcrumb\"},\"inLanguage\":\"es-ES\",\"potentialAction\":[{\"@type\":\"ReadAction\",\"target\":[\"https:\\\/\\\/stilettosupply.com\\\/5-product-qr-page\\\/\"]}]},{\"@type\":\"BreadcrumbList\",\"@id\":\"https:\\\/\\\/stilettosupply.com\\\/5-product-qr-page\\\/#breadcrumb\",\"itemListElement\":[{\"@type\":\"ListItem\",\"position\":1,\"name\":\"Home\",\"item\":\"https:\\\/\\\/stilettosupply.com\\\/\"},{\"@type\":\"ListItem\",\"position\":2,\"name\":\"5 Sprouts QR Page\"}]},{\"@type\":\"WebSite\",\"@id\":\"https:\\\/\\\/stilettosupply.com\\\/#website\",\"url\":\"https:\\\/\\\/stilettosupply.com\\\/\",\"name\":\"Stiletto Supply\",\"description\":\"\",\"potentialAction\":[{\"@type\":\"SearchAction\",\"target\":{\"@type\":\"EntryPoint\",\"urlTemplate\":\"https:\\\/\\\/stilettosupply.com\\\/?s={search_term_string}\"},\"query-input\":{\"@type\":\"PropertyValueSpecification\",\"valueRequired\":true,\"valueName\":\"search_term_string\"}}],\"inLanguage\":\"es-ES\"}]}<\/script>\n<!-- \/ Yoast SEO plugin. -->","yoast_head_json":{"title":"5 Sprouts QR Page - Stiletto Supply","robots":{"index":"index","follow":"follow","max-snippet":"max-snippet:-1","max-image-preview":"max-image-preview:large","max-video-preview":"max-video-preview:-1"},"canonical":"https:\/\/stilettosupply.com\/es_es\/5-product-qr-page\/","og_locale":"es_ES","og_type":"article","og_title":"5 Sprouts QR Page - Stiletto Supply","og_url":"https:\/\/stilettosupply.com\/es_es\/5-product-qr-page\/","og_site_name":"Stiletto Supply","article_modified_time":"2025-07-28T14:25:56+00:00","twitter_card":"summary_large_image","twitter_misc":{"Est. reading time":"1 minute"},"schema":{"@context":"https:\/\/schema.org","@graph":[{"@type":"WebPage","@id":"https:\/\/stilettosupply.com\/5-product-qr-page\/","url":"https:\/\/stilettosupply.com\/5-product-qr-page\/","name":"5 Sprouts QR Page - Stiletto Supply","isPartOf":{"@id":"https:\/\/stilettosupply.com\/#website"},"datePublished":"2025-05-20T18:35:32+00:00","dateModified":"2025-07-28T14:25:56+00:00","breadcrumb":{"@id":"https:\/\/stilettosupply.com\/5-product-qr-page\/#breadcrumb"},"inLanguage":"es-ES","potentialAction":[{"@type":"ReadAction","target":["https:\/\/stilettosupply.com\/5-product-qr-page\/"]}]},{"@type":"BreadcrumbList","@id":"https:\/\/stilettosupply.com\/5-product-qr-page\/#breadcrumb","itemListElement":[{"@type":"ListItem","position":1,"name":"Home","item":"https:\/\/stilettosupply.com\/"},{"@type":"ListItem","position":2,"name":"5 Sprouts QR Page"}]},{"@type":"WebSite","@id":"https:\/\/stilettosupply.com\/#website","url":"https:\/\/stilettosupply.com\/","name":"Suministro de estilete","description":"","potentialAction":[{"@type":"SearchAction","target":{"@type":"EntryPoint","urlTemplate":"https:\/\/stilettosupply.com\/?s={search_term_string}"},"query-input":{"@type":"PropertyValueSpecification","valueRequired":true,"valueName":"search_term_string"}}],"inLanguage":"es-ES"}]}},"jetpack_sharing_enabled":true,"_links":{"self":[{"href":"https:\/\/stilettosupply.com\/es_es\/wp-json\/wp\/v2\/pages\/3471","targetHints":{"allow":["GET"]}}],"collection":[{"href":"https:\/\/stilettosupply.com\/es_es\/wp-json\/wp\/v2\/pages"}],"about":[{"href":"https:\/\/stilettosupply.com\/es_es\/wp-json\/wp\/v2\/types\/page"}],"author":[{"embeddable":true,"href":"https:\/\/stilettosupply.com\/es_es\/wp-json\/wp\/v2\/users\/13073"}],"replies":[{"embeddable":true,"href":"https:\/\/stilettosupply.com\/es_es\/wp-json\/wp\/v2\/comments?post=3471"}],"version-history":[{"count":8,"href":"https:\/\/stilettosupply.com\/es_es\/wp-json\/wp\/v2\/pages\/3471\/revisions"}],"predecessor-version":[{"id":3888,"href":"https:\/\/stilettosupply.com\/es_es\/wp-json\/wp\/v2\/pages\/3471\/revisions\/3888"}],"wp:attachment":[{"href":"https:\/\/stilettosupply.com\/es_es\/wp-json\/wp\/v2\/media?parent=3471"}],"curies":[{"name":"wp","href":"https:\/\/api.w.org\/{rel}","templated":true}]}}