{"id":214,"date":"2022-05-23T21:41:25","date_gmt":"2022-05-24T01:41:25","guid":{"rendered":"https:\/\/stilettosupply.com\/?page_id=214"},"modified":"2025-04-10T16:21:20","modified_gmt":"2025-04-10T20:21:20","slug":"faqs","status":"publish","type":"page","link":"https:\/\/stilettosupply.com\/fr\/resources\/faqs\/","title":{"rendered":"FAQ"},"content":{"rendered":"<div class=\"wpb-content-wrapper\"><div class=\"vc_row wpb_row vc_row-fluid vc_custom_1654778360065 vc_column-gap-35 wd-rs-62a1e9ef4edf2\"><div class=\"wpb_column vc_column_container vc_col-sm-6 vc_col-has-fill wd-alignment-left wd-rs-628d2d5f37bd8\"><div class=\"vc_column-inner vc_custom_1653419368232\"><div class=\"wpb_wrapper\">\t\t\t<link rel=\"stylesheet\" id=\"wd-dividers-css\" href=\"https:\/\/stilettosupply.com\/wp-content\/themes\/woodmart\/css\/parts\/el-row-divider.min.css?ver=6.4.2\" type=\"text\/css\" media=\"all\" \/> \t\t\t\t\t\t<div id=\"wd-628d2a58e521f\" class=\"wd-row-divider wd-628d2a58e521f dvr-position-bottom dvr-style-curved-line woodmart-row-divider\">\n\t\t\t\t<svg xmlns=\"http:\/\/www.w3.org\/2000\/svg\" xmlns:xlink=\"http:\/\/www.w3.org\/1999\/xlink\" x=\"0px\" y=\"0px\"\n\t viewbox=\"0 0 100 100\" width=\"100%\" height=\"50px\" preserveaspectratio=\"none\">\n<path display=\"none\" d=\"M100,25.8V100H0V52.5c-4.9-6.8-9.5-13.8-15-19.7V101h125V20.9C106.3,22,103,23.7,100,25.8z\"\/>\n<path d=\"M100,100V0.8C77.8,21.4,71.3,70.5,38.6,70.5c-18.8,0-29.1-16.2-38.6-34V100H100z\"\/>\n<\/svg>\n\t\t\t\t\t\t\t<\/div>\n\t\t<\/div><\/div><\/div><div class=\"wpb_column vc_column_container vc_col-sm-6 wd-alignment-left\"><div class=\"vc_column-inner\"><div class=\"wpb_wrapper\"><div class=\"vc_tta-container\" data-vc-action=\"collapseAll\"><div class=\"vc_general vc_tta vc_tta-accordion vc_tta-color-black vc_tta-style-flat vc_tta-shape-rounded vc_tta-o-shape-group vc_tta-gap-20 vc_tta-controls-align-default vc_tta-o-no-fill vc_tta-o-all-clickable\"><div class=\"vc_tta-panels-container\"><div class=\"vc_tta-panels\"><div class=\"vc_tta-panel vc_active\" id=\"1652714629759-d0fcf7f0-c2f1bfdf-5510\" data-vc-content=\".vc_tta-panel-body\"><div class=\"vc_tta-panel-heading\"><h4 class=\"vc_tta-panel-title vc_tta-controls-icon-position-left\"><a href=\"#1652714629759-d0fcf7f0-c2f1bfdf-5510\" data-vc-accordion data-vc-container=\".vc_tta-container\"><span class=\"vc_tta-title-text\">Puis-je r\u00e9utiliser et rest\u00e9riliser les produits Stiletto ?<\/span><i class=\"vc_tta-controls-icon vc_tta-controls-icon-chevron\"><\/i><\/a><\/h4><\/div><div class=\"vc_tta-panel-body\">\n\t<div class=\"wpb_text_column wpb_content_element\" >\n\t\t<div class=\"wpb_wrapper\">\n\t\t\t<p>Pour des raisons de s\u00e9curit\u00e9, nous vous d\u00e9conseillons fortement de r\u00e9utiliser nos c\u00f4nes et aiguilles.<\/p>\n<p>Nos produits pr\u00e9st\u00e9rilis\u00e9s subissent un processus de st\u00e9rilisation au gaz EO con\u00e7u pour une <strong>application \u00e0 usage unique<\/strong>.<\/p>\n<p>Nos plastiques de qualit\u00e9 alimentaire ne sont pas destin\u00e9s \u00e0 une exposition prolong\u00e9e aux cycles de st\u00e9rilisation dans des appareils tels que le Statim ou les grands autoclaves, et le rev\u00eatement en silicone de qualit\u00e9 alimentaire de nos aiguilles et c\u00f4nes sera compl\u00e8tement \u00e9limin\u00e9 s&#039;il est rest\u00e9rilis\u00e9.<\/p>\n<p><strong>Les aiguilles devraient <em>jamais<\/em> \u00eatre r\u00e9utilis\u00e9 en toutes circonstances. La s\u00e9curit\u00e9 et le bien-\u00eatre de votre client sont primordiaux.<\/strong><\/p>\n\n\t\t<\/div>\n\t<\/div>\n<\/div><\/div><div class=\"vc_tta-panel\" id=\"1652714629780-2017c2e4-193abfdf-5510\" data-vc-content=\".vc_tta-panel-body\"><div class=\"vc_tta-panel-heading\"><h4 class=\"vc_tta-panel-title vc_tta-controls-icon-position-left\"><a href=\"#1652714629780-2017c2e4-193abfdf-5510\" data-vc-accordion data-vc-container=\".vc_tta-container\"><span class=\"vc_tta-title-text\">Mes c\u00f4nes standard ne rentrent pas dans mes bijoux Press fit ?<\/span><i class=\"vc_tta-controls-icon vc_tta-controls-icon-chevron\"><\/i><\/a><\/h4><\/div><div class=\"vc_tta-panel-body\">\n\t<div class=\"wpb_text_column wpb_content_element\" >\n\t\t<div class=\"wpb_wrapper\">\n\t\t\t<p><img loading=\"lazy\" decoding=\"async\" class=\"alignnone size-medium wp-image-2404\" src=\"https:\/\/stilettosupply.com\/wp-content\/uploads\/2024\/04\/Pin-Ends-300x300.jpg\" alt=\"\" width=\"300\" height=\"300\" srcset=\"https:\/\/stilettosupply.com\/wp-content\/uploads\/2024\/04\/Pin-Ends-300x300.jpg 300w, https:\/\/stilettosupply.com\/wp-content\/uploads\/2024\/04\/Pin-Ends-1024x1024.jpg 1024w, https:\/\/stilettosupply.com\/wp-content\/uploads\/2024\/04\/Pin-Ends-150x150.jpg 150w, https:\/\/stilettosupply.com\/wp-content\/uploads\/2024\/04\/Pin-Ends-768x768.jpg 768w, https:\/\/stilettosupply.com\/wp-content\/uploads\/2024\/04\/Pin-Ends-12x12.jpg 12w, https:\/\/stilettosupply.com\/wp-content\/uploads\/2024\/04\/Pin-Ends.jpg 1347w\" sizes=\"auto, (max-width: 300px) 100vw, 300px\" \/><\/p>\n<p>Chacun de nos c\u00f4nes est destin\u00e9 \u00e0 des fins diff\u00e9rentes. Les bijoux Press Fit doivent \u00eatre utilis\u00e9s avec des c\u00f4nes Press Fit car la partie terminale est beaucoup plus fine que la broche standard.<\/p>\n<p>La broche de fin de broche standard est trop \u00e9paisse et a \u00e9t\u00e9 cr\u00e9\u00e9e pour fonctionner avec des bijoux \u00e0 filetage interne.<\/p>\n\n\t\t<\/div>\n\t<\/div>\n<\/div><\/div><div class=\"vc_tta-panel\" id=\"1653357841977-422d2247-bc14\" data-vc-content=\".vc_tta-panel-body\"><div class=\"vc_tta-panel-heading\"><h4 class=\"vc_tta-panel-title vc_tta-controls-icon-position-left\"><a href=\"#1653357841977-422d2247-bc14\" data-vc-accordion data-vc-container=\".vc_tta-container\"><span class=\"vc_tta-title-text\">Vous ne vendez pas \u00e0 mon pays ?<\/span><i class=\"vc_tta-controls-icon vc_tta-controls-icon-chevron\"><\/i><\/a><\/h4><\/div><div class=\"vc_tta-panel-body\">\n\t<div class=\"wpb_text_column wpb_content_element\" >\n\t\t<div class=\"wpb_wrapper\">\n\t\t\t<p>Stiletto est une nouvelle soci\u00e9t\u00e9 qui s&#039;implante dans le monde entier pour fournir des outils jetables \u00e0 l&#039;industrie du per\u00e7age. Si vous ne voyez pas de distributeur dans votre pays, jetez un \u0153il \u00e0 notre carte des distributeurs et vous pourrez commander aupr\u00e8s du distributeur le plus proche de chez vous.<\/p>\n<p>Veuillez garder \u00e0 l&#039;esprit que notre liste de distributeurs est constamment mise \u00e0 jour \u00e0 mesure que nous continuons \u00e0 d\u00e9velopper notre entreprise et \u00e0 \u00e9tablir des distributeurs dans le monde entier.<\/p>\n\n\t\t<\/div>\n\t<\/div>\n<\/div><\/div><div class=\"vc_tta-panel\" id=\"1654614478835-8b5c62aa-a9f3\" data-vc-content=\".vc_tta-panel-body\"><div class=\"vc_tta-panel-heading\"><h4 class=\"vc_tta-panel-title vc_tta-controls-icon-position-left\"><a href=\"#1654614478835-8b5c62aa-a9f3\" data-vc-accordion data-vc-container=\".vc_tta-container\"><span class=\"vc_tta-title-text\">Quel est le rev\u00eatement sur les aiguilles et les c\u00f4nes\u00a0?<\/span><i class=\"vc_tta-controls-icon vc_tta-controls-icon-chevron\"><\/i><\/a><\/h4><\/div><div class=\"vc_tta-panel-body\">\n\t<div class=\"wpb_text_column wpb_content_element\" >\n\t\t<div class=\"wpb_wrapper\">\n\t\t\t<p>Le rev\u00eatement utilis\u00e9 sur nos aiguilles et nos c\u00f4nes est un rev\u00eatement en silicone de qualit\u00e9 alimentaire. Il s&#039;agit du m\u00eame rev\u00eatement que sur presque toutes les aiguilles hypodermiques et c&#039;est ce qui contribue \u00e0 rendre le processus de per\u00e7age le plus rapide et le plus fluide possible pour votre client.<\/p>\n\n\t\t<\/div>\n\t<\/div>\n<\/div><\/div><div class=\"vc_tta-panel\" id=\"1654614494248-b2a582f5-12b3\" data-vc-content=\".vc_tta-panel-body\"><div class=\"vc_tta-panel-heading\"><h4 class=\"vc_tta-panel-title vc_tta-controls-icon-position-left\"><a href=\"#1654614494248-b2a582f5-12b3\" data-vc-accordion data-vc-container=\".vc_tta-container\"><span class=\"vc_tta-title-text\">Pourquoi vendons-nous uniquement \u00e0 des studios\/entreprises agr\u00e9\u00e9s\u00a0?<\/span><i class=\"vc_tta-controls-icon vc_tta-controls-icon-chevron\"><\/i><\/a><\/h4><\/div><div class=\"vc_tta-panel-body\">\n\t<div class=\"wpb_text_column wpb_content_element\" >\n\t\t<div class=\"wpb_wrapper\">\n\t\t\t<p>La mission de Stiletto est de pousser l&#039;industrie du per\u00e7age vers le march\u00e9 du jetable, tout comme l&#039;industrie du tatouage l&#039;a d\u00e9j\u00e0 commenc\u00e9.<\/p>\n<p>Notre priorit\u00e9 absolue est d&#039;am\u00e9liorer la facilit\u00e9 et la s\u00e9curit\u00e9 des proc\u00e9dures de per\u00e7age pour les perceurs utilisant nos outils dans le but de faciliter des per\u00e7ages s\u00fbrs et pr\u00e9cis, permettant aux professionnels d&#039;exceller dans leur m\u00e9tier.<\/p>\n<p>Vendre \u00e0 des studios v\u00e9rifi\u00e9s garantit que chaque entreprise et chaque employ\u00e9 sont enti\u00e8rement certifi\u00e9s et poss\u00e8dent toute la documentation n\u00e9cessaire requise dans l&#039;industrie de l&#039;art corporel\/du piercing corporel.<\/p>\n<p>Ceci vise \u00e9galement \u00e0 \u00e9viter que des personnes ne pratiquent ill\u00e9galement le piercing \u00e0 l&#039;ext\u00e9rieur de leur domicile ou dans des studios sans licence.<\/p>\n\n\t\t<\/div>\n\t<\/div>\n<\/div><\/div><div class=\"vc_tta-panel\" id=\"1654614513766-14a8103a-13ba\" data-vc-content=\".vc_tta-panel-body\"><div class=\"vc_tta-panel-heading\"><h4 class=\"vc_tta-panel-title vc_tta-controls-icon-position-left\"><a href=\"#1654614513766-14a8103a-13ba\" data-vc-accordion data-vc-container=\".vc_tta-container\"><span class=\"vc_tta-title-text\">O\u00f9 puis-je en savoir plus sur les produits Stiletto ?<\/span><i class=\"vc_tta-controls-icon vc_tta-controls-icon-chevron\"><\/i><\/a><\/h4><\/div><div class=\"vc_tta-panel-body\">\n\t<div class=\"wpb_text_column wpb_content_element\" >\n\t\t<div class=\"wpb_wrapper\">\n\t\t\t<p>Our landing page is the perfect place to inform yourself about all things Stiletto. We have dedicated this entire page to provide you with all the proper details of our products, display the necessary documentation to give to health inspectors, and so much more.<\/p>\n<p>N&#039;h\u00e9sitez pas \u00e0 rester connect\u00e9 \u00e0 nos pages de r\u00e9seaux sociaux. Nous aimons interagir avec nos clients!<\/p>\n\n\t\t<\/div>\n\t<\/div>\n<\/div><\/div><div class=\"vc_tta-panel\" id=\"1712690228783-7758d23a-5bf6\" data-vc-content=\".vc_tta-panel-body\"><div class=\"vc_tta-panel-heading\"><h4 class=\"vc_tta-panel-title vc_tta-controls-icon-position-left\"><a href=\"#1712690228783-7758d23a-5bf6\" data-vc-accordion data-vc-container=\".vc_tta-container\"><span class=\"vc_tta-title-text\">Fournissez-vous des certificats de st\u00e9rilisation\u00a0? Ou des usines \u00e0 bijoux ? O\u00f9 puis-je le trouver?<\/span><i class=\"vc_tta-controls-icon vc_tta-controls-icon-chevron\"><\/i><\/a><\/h4><\/div><div class=\"vc_tta-panel-body\">\n\t<div class=\"wpb_text_column wpb_content_element\" >\n\t\t<div class=\"wpb_wrapper\">\n\t\t\t<p>Oui!<\/p>\n<p>Notre page de destination sous \u00ab\u00a0Ressources\u00a0\u00bb est l&#039;endroit o\u00f9 vous pouvez trouver tous les types de certifications de st\u00e9rilisation. Tout ce que vous devez conna\u00eetre est le lot # du ou des produits que vous recherchez et faire correspondre le # aux certificats ainsi que le nom du produit. Vous pouvez t\u00e9l\u00e9charger autant de certificats que n\u00e9cessaire. C&#039;est un excellent moyen de montrer \u00e0 votre inspecteur sanitaire que tous les outils sont v\u00e9rifiables et tra\u00e7ables.<\/p>\n<p>Si vous avez besoin de plus d\u2019informations ou d\u2019assistance, n\u2019h\u00e9sitez pas \u00e0 contacter le service client de votre distributeur le plus proche.<\/p>\n\n\t\t<\/div>\n\t<\/div>\n<\/div><\/div><\/div><\/div><\/div><\/div><\/div><\/div><\/div><\/div>\n<\/div>","protected":false},"excerpt":{"rendered":"Puis-je r\u00e9utiliser et re-st\u00e9riliser les produits Stiletto\u00a0? Pour des raisons de s\u00e9curit\u00e9, nous vous d\u00e9conseillons fortement de r\u00e9utiliser nos c\u00f4nes et aiguilles. Notre","protected":false},"author":1,"featured_media":0,"parent":83,"menu_order":0,"comment_status":"closed","ping_status":"closed","template":"","meta":{"_acf_changed":false,"footnotes":""},"class_list":["post-214","page","type-page","status-publish","hentry"],"acf":[],"yoast_head":"<!-- This site is optimized with the Yoast SEO plugin v27.6 - https:\/\/yoast.com\/product\/yoast-seo-wordpress\/ -->\n<title>FAQs - Stiletto Supply<\/title>\n<meta name=\"robots\" content=\"index, follow, max-snippet:-1, max-image-preview:large, max-video-preview:-1\" \/>\n<link rel=\"canonical\" href=\"https:\/\/stilettosupply.com\/fr\/resources\/faqs\/\" \/>\n<meta property=\"og:locale\" content=\"fr_FR\" \/>\n<meta property=\"og:type\" content=\"article\" \/>\n<meta property=\"og:title\" content=\"FAQs - Stiletto Supply\" \/>\n<meta property=\"og:url\" content=\"https:\/\/stilettosupply.com\/fr\/resources\/faqs\/\" \/>\n<meta property=\"og:site_name\" content=\"Stiletto Supply\" \/>\n<meta property=\"article:modified_time\" content=\"2025-04-10T20:21:20+00:00\" \/>\n<meta property=\"og:image\" content=\"https:\/\/stilettosupply.com\/wp-content\/uploads\/2024\/04\/Pin-Ends.jpg\" \/>\n\t<meta property=\"og:image:width\" content=\"1347\" \/>\n\t<meta property=\"og:image:height\" content=\"1347\" \/>\n\t<meta property=\"og:image:type\" content=\"image\/jpeg\" \/>\n<meta name=\"twitter:card\" content=\"summary_large_image\" \/>\n<meta name=\"twitter:label1\" content=\"Est. reading time\" \/>\n\t<meta name=\"twitter:data1\" content=\"3 minutes\" \/>\n<script type=\"application\/ld+json\" class=\"yoast-schema-graph\">{\"@context\":\"https:\\\/\\\/schema.org\",\"@graph\":[{\"@type\":\"WebPage\",\"@id\":\"https:\\\/\\\/stilettosupply.com\\\/resources\\\/faqs\\\/\",\"url\":\"https:\\\/\\\/stilettosupply.com\\\/resources\\\/faqs\\\/\",\"name\":\"FAQs - Stiletto Supply\",\"isPartOf\":{\"@id\":\"https:\\\/\\\/stilettosupply.com\\\/#website\"},\"primaryImageOfPage\":{\"@id\":\"https:\\\/\\\/stilettosupply.com\\\/resources\\\/faqs\\\/#primaryimage\"},\"image\":{\"@id\":\"https:\\\/\\\/stilettosupply.com\\\/resources\\\/faqs\\\/#primaryimage\"},\"thumbnailUrl\":\"https:\\\/\\\/stilettosupply.com\\\/wp-content\\\/uploads\\\/2024\\\/04\\\/Pin-Ends-300x300.jpg\",\"datePublished\":\"2022-05-24T01:41:25+00:00\",\"dateModified\":\"2025-04-10T20:21:20+00:00\",\"breadcrumb\":{\"@id\":\"https:\\\/\\\/stilettosupply.com\\\/resources\\\/faqs\\\/#breadcrumb\"},\"inLanguage\":\"fr-FR\",\"potentialAction\":[{\"@type\":\"ReadAction\",\"target\":[\"https:\\\/\\\/stilettosupply.com\\\/resources\\\/faqs\\\/\"]}]},{\"@type\":\"ImageObject\",\"inLanguage\":\"fr-FR\",\"@id\":\"https:\\\/\\\/stilettosupply.com\\\/resources\\\/faqs\\\/#primaryimage\",\"url\":\"https:\\\/\\\/stilettosupply.com\\\/wp-content\\\/uploads\\\/2024\\\/04\\\/Pin-Ends-300x300.jpg\",\"contentUrl\":\"https:\\\/\\\/stilettosupply.com\\\/wp-content\\\/uploads\\\/2024\\\/04\\\/Pin-Ends-300x300.jpg\"},{\"@type\":\"BreadcrumbList\",\"@id\":\"https:\\\/\\\/stilettosupply.com\\\/resources\\\/faqs\\\/#breadcrumb\",\"itemListElement\":[{\"@type\":\"ListItem\",\"position\":1,\"name\":\"Home\",\"item\":\"https:\\\/\\\/stilettosupply.com\\\/\"},{\"@type\":\"ListItem\",\"position\":2,\"name\":\"Resources\",\"item\":\"https:\\\/\\\/stilettosupply.com\\\/resources\\\/\"},{\"@type\":\"ListItem\",\"position\":3,\"name\":\"FAQs\"}]},{\"@type\":\"WebSite\",\"@id\":\"https:\\\/\\\/stilettosupply.com\\\/#website\",\"url\":\"https:\\\/\\\/stilettosupply.com\\\/\",\"name\":\"Stiletto Supply\",\"description\":\"\",\"potentialAction\":[{\"@type\":\"SearchAction\",\"target\":{\"@type\":\"EntryPoint\",\"urlTemplate\":\"https:\\\/\\\/stilettosupply.com\\\/?s={search_term_string}\"},\"query-input\":{\"@type\":\"PropertyValueSpecification\",\"valueRequired\":true,\"valueName\":\"search_term_string\"}}],\"inLanguage\":\"fr-FR\"}]}<\/script>\n<!-- \/ Yoast SEO plugin. -->","yoast_head_json":{"title":"FAQs - Stiletto Supply","robots":{"index":"index","follow":"follow","max-snippet":"max-snippet:-1","max-image-preview":"max-image-preview:large","max-video-preview":"max-video-preview:-1"},"canonical":"https:\/\/stilettosupply.com\/fr\/resources\/faqs\/","og_locale":"fr_FR","og_type":"article","og_title":"FAQs - Stiletto Supply","og_url":"https:\/\/stilettosupply.com\/fr\/resources\/faqs\/","og_site_name":"Stiletto Supply","article_modified_time":"2025-04-10T20:21:20+00:00","og_image":[{"width":1347,"height":1347,"url":"https:\/\/stilettosupply.com\/wp-content\/uploads\/2024\/04\/Pin-Ends.jpg","type":"image\/jpeg"}],"twitter_card":"summary_large_image","twitter_misc":{"Est. reading time":"3 minutes"},"schema":{"@context":"https:\/\/schema.org","@graph":[{"@type":"WebPage","@id":"https:\/\/stilettosupply.com\/resources\/faqs\/","url":"https:\/\/stilettosupply.com\/resources\/faqs\/","name":"FAQs - Stiletto Supply","isPartOf":{"@id":"https:\/\/stilettosupply.com\/#website"},"primaryImageOfPage":{"@id":"https:\/\/stilettosupply.com\/resources\/faqs\/#primaryimage"},"image":{"@id":"https:\/\/stilettosupply.com\/resources\/faqs\/#primaryimage"},"thumbnailUrl":"https:\/\/stilettosupply.com\/wp-content\/uploads\/2024\/04\/Pin-Ends-300x300.jpg","datePublished":"2022-05-24T01:41:25+00:00","dateModified":"2025-04-10T20:21:20+00:00","breadcrumb":{"@id":"https:\/\/stilettosupply.com\/resources\/faqs\/#breadcrumb"},"inLanguage":"fr-FR","potentialAction":[{"@type":"ReadAction","target":["https:\/\/stilettosupply.com\/resources\/faqs\/"]}]},{"@type":"ImageObject","inLanguage":"fr-FR","@id":"https:\/\/stilettosupply.com\/resources\/faqs\/#primaryimage","url":"https:\/\/stilettosupply.com\/wp-content\/uploads\/2024\/04\/Pin-Ends-300x300.jpg","contentUrl":"https:\/\/stilettosupply.com\/wp-content\/uploads\/2024\/04\/Pin-Ends-300x300.jpg"},{"@type":"BreadcrumbList","@id":"https:\/\/stilettosupply.com\/resources\/faqs\/#breadcrumb","itemListElement":[{"@type":"ListItem","position":1,"name":"Home","item":"https:\/\/stilettosupply.com\/"},{"@type":"ListItem","position":2,"name":"Resources","item":"https:\/\/stilettosupply.com\/resources\/"},{"@type":"ListItem","position":3,"name":"FAQs"}]},{"@type":"WebSite","@id":"https:\/\/stilettosupply.com\/#website","url":"https:\/\/stilettosupply.com\/","name":"Fourniture de stylet","description":"","potentialAction":[{"@type":"SearchAction","target":{"@type":"EntryPoint","urlTemplate":"https:\/\/stilettosupply.com\/?s={search_term_string}"},"query-input":{"@type":"PropertyValueSpecification","valueRequired":true,"valueName":"search_term_string"}}],"inLanguage":"fr-FR"}]}},"jetpack_sharing_enabled":true,"_links":{"self":[{"href":"https:\/\/stilettosupply.com\/fr\/wp-json\/wp\/v2\/pages\/214","targetHints":{"allow":["GET"]}}],"collection":[{"href":"https:\/\/stilettosupply.com\/fr\/wp-json\/wp\/v2\/pages"}],"about":[{"href":"https:\/\/stilettosupply.com\/fr\/wp-json\/wp\/v2\/types\/page"}],"author":[{"embeddable":true,"href":"https:\/\/stilettosupply.com\/fr\/wp-json\/wp\/v2\/users\/1"}],"replies":[{"embeddable":true,"href":"https:\/\/stilettosupply.com\/fr\/wp-json\/wp\/v2\/comments?post=214"}],"version-history":[{"count":13,"href":"https:\/\/stilettosupply.com\/fr\/wp-json\/wp\/v2\/pages\/214\/revisions"}],"predecessor-version":[{"id":3329,"href":"https:\/\/stilettosupply.com\/fr\/wp-json\/wp\/v2\/pages\/214\/revisions\/3329"}],"up":[{"embeddable":true,"href":"https:\/\/stilettosupply.com\/fr\/wp-json\/wp\/v2\/pages\/83"}],"wp:attachment":[{"href":"https:\/\/stilettosupply.com\/fr\/wp-json\/wp\/v2\/media?parent=214"}],"curies":[{"name":"wp","href":"https:\/\/api.w.org\/{rel}","templated":true}]}}