{"id":74,"date":"2022-05-13T13:56:27","date_gmt":"2022-05-13T17:56:27","guid":{"rendered":"https:\/\/stilettosupply.com\/?page_id=74"},"modified":"2024-10-03T13:51:19","modified_gmt":"2024-10-03T17:51:19","slug":"about","status":"publish","type":"page","link":"https:\/\/stilettosupply.com\/fr\/about\/","title":{"rendered":"\u00c0 propos de"},"content":{"rendered":"<div class=\"wpb-content-wrapper\"><div class=\"vc_row wpb_row vc_row-fluid vc_custom_1654873998980 vc_row-o-equal-height vc_row-o-content-middle vc_row-flex row-reverse-mobile row-reverse-tablet wd-rs-62a35f836caf1\"><div class=\"wpb_column vc_column_container vc_col-sm-12 vc_col-md-6 wd-alignment-left wd-rs-62a35f71ac162\"><div class=\"vc_column-inner\"><div class=\"wpb_wrapper\">\n\t<div class=\"wpb_text_column wpb_content_element\" >\n\t\t<div class=\"wpb_wrapper\">\n\t\t\t<h2 class=\"h-sect2-title\">New <span style=\"color: #ff34ac;\">Innovative<\/span> Company<\/h2>\n\n\t\t<\/div>\n\t<\/div>\n\n\t<div class=\"wpb_text_column wpb_content_element\" >\n\t\t<div class=\"wpb_wrapper\">\n\t\t\t<p>Stiletto Piercing Supply is revolutionizing the piercing industry with new, disposable products. Our mission is to move the industry into the disposable market, much like the tattoo industry has already done. All of our products have gone through testing and have been evaluated by industry professionals, and, within the next 2 years, Stiletto Piercing Supply will have all its products available, allowing studios to function WITHOUT a sterilization room. Stiletto is a joint venture between companies in the USA, Canada, and China, so our products will soon be available through many distributors worldwide. Safe and efficient piercing equipment has never been so accessible.<\/p>\n\n\t\t<\/div>\n\t<\/div>\n<\/div><\/div><\/div><div class=\"wpb_column vc_column_container vc_col-sm-12 vc_col-md-6 wd-alignment-left wd-rs-62a35f922f2f4\"><div class=\"vc_column-inner\"><div class=\"wpb_wrapper\">\n\t<div  class=\"wpb_single_image wpb_content_element vc_align_center vc_custom_1652705961893\">\n\t\t\n\t\t<figure class=\"wpb_wrapper vc_figure\">\n\t\t\t<div class=\"vc_single_image-wrapper   vc_box_border_grey\"><img loading=\"lazy\" decoding=\"async\" width=\"800\" height=\"587\" src=\"https:\/\/stilettosupply.com\/wp-content\/uploads\/2022\/05\/about-stiletto-2.png\" class=\"vc_single_image-img attachment-full\" alt=\"\" title=\"about-stiletto-2\" srcset=\"https:\/\/stilettosupply.com\/wp-content\/uploads\/2022\/05\/about-stiletto-2.png 800w, https:\/\/stilettosupply.com\/wp-content\/uploads\/2022\/05\/about-stiletto-2-150x110.png 150w, https:\/\/stilettosupply.com\/wp-content\/uploads\/2022\/05\/about-stiletto-2-600x440.png 600w, https:\/\/stilettosupply.com\/wp-content\/uploads\/2022\/05\/about-stiletto-2-300x220.png 300w, https:\/\/stilettosupply.com\/wp-content\/uploads\/2022\/05\/about-stiletto-2-768x564.png 768w\" sizes=\"auto, (max-width: 800px) 100vw, 800px\" \/><\/div>\n\t\t<\/figure>\n\t<\/div>\n<\/div><\/div><\/div><\/div><div class=\"vc_row wpb_row vc_row-fluid vc_custom_1654874234729 vc_row-has-fill vc_column-gap-30 vc_row-o-equal-height vc_row-o-content-top vc_row-flex wd-z-index wd-rs-62a3607026e03\"><div class=\"wpb_column vc_column_container vc_col-sm-12 vc_col-md-6 vc_col-has-fill wd-alignment-left wd-rs-62a35f9b9a905\"><div class=\"vc_column-inner vc_custom_1654874019324\"><div class=\"wpb_wrapper\"><\/div><\/div><\/div><div class=\"wpb_column vc_column_container vc_col-sm-12 vc_col-md-6 wd-z-index wd-alignment-left wd-rs-62a3607e38c98\"><div class=\"vc_column-inner vc_custom_1654874254326\"><div class=\"wpb_wrapper\">\n\t<div class=\"wpb_text_column wpb_content_element\" >\n\t\t<div class=\"wpb_wrapper\">\n\t\t\t<p>Many tattoo studios would like to pierce again, but the tattoo industry moved into the disposable realm over 13 years ago. Our products&#8211;and the many we plan to produce&#8211;will allow you to pierce without a sterilization room. Piercers who work at conventions will especially love our products, but studies have shown that using disposable tools saves time and money regardless of venue. We are establishing a worldwide <a href=\"\/distributors\/\">distribution network<\/a>, so check for distributors near you!<\/p>\n<p>As of 2024, Stiletto also produces an industry-first: Pre-sterilized, high-quality jewelry. We carry all basic jewelry as well as many gold Pressfit options. 90% of our jewelry will be Ti6Al4V ELI, which is ASTM F-136 compliant. Our fixed bead rings will be the only jewelry that is ASTM F-138 compliant so the jewelry can bend much easier than Ti rings. Stiletto also plans on having a worldwide distribution of our jewelry as well.<\/p>\n<p>We understand that many parts of the world don\u2019t have access to autoclaves or other professional sterilization methods, but this doesn\u2019t mean they shouldn\u2019t have high-quality jewelry.<\/p>\n\n\t\t<\/div>\n\t<\/div>\n<\/div><\/div><\/div><\/div><div data-vc-full-width=\"true\" data-vc-full-width-temp=\"true\" data-vc-full-width-init=\"false\" data-vc-stretch-content=\"true\" class=\"vc_row wpb_row vc_row-fluid vc_custom_1654738044335 vc_row-has-fill vc_row-o-equal-height vc_row-flex wd-rs-62a14c775835b\"><div class=\"wpb_column vc_column_container vc_col-sm-12 vc_col-md-offset-2 vc_col-md-4 wd-alignment-left wd-rs-62a35fd1aa43c\"><div class=\"vc_column-inner vc_custom_1654874080837\"><div class=\"wpb_wrapper\">\n\t<div class=\"wpb_text_column wpb_content_element\" >\n\t\t<div class=\"wpb_wrapper\">\n\t\t\t<h2 class=\"h-sect2-title\"><span style=\"color: #ffffff;\">Stiletto Has A<\/span> <span style=\"color: #ff34ac;\">Class 7<\/span> <span style=\"color: #ffffff;\">Cleanroom<\/span><\/h2>\n\n\t\t<\/div>\n\t<\/div>\n\n\t<div class=\"wpb_text_column wpb_content_element\" >\n\t\t<div class=\"wpb_wrapper\">\n\t\t\t<p><span style=\"color: #ffffff;\">In order for a cleanroom to meet the class 7 specification, it must meet specific requirements. <b>The ISO 7 <\/b> is a common clean cleanroom classification. A cleanroom must have less than 352,000 particles &gt;0.5 micron per cubic meter and 60HEPA filtered air changes per hour. The equivalent FED standard is class 10.000 or 10,000 particles per cubic foot. Common applications are pharmacy USP800 compounding rooms, electronics manufacturing, and medical device manufacturing.<\/span><\/p>\n<p><span style=\"color: #ffffff;\">In order to meet these standards, each individual entering the clean room must don shoe covers, hairnets, caps, gloves, facemask, and lab coat. Each worker has to walk through a special \u201cair shower\u201d which removes all particles from the person. A sophisticated air filtration system constantly monitors the complete room constantly cleaning the air to maintain the low particulates in the air. All actions are taken to ensure maximum quality.<\/span><\/p>\n\n\t\t<\/div>\n\t<\/div>\n<\/div><\/div><\/div><div class=\"wpb_column home-gal-hgt vc_column_container vc_col-sm-12 vc_col-md-4 vc_col-has-fill wd-alignment-left wd-rs-62a35fe3bc15e\"><div class=\"vc_column-inner vc_custom_1654874089548\"><div class=\"wpb_wrapper\"><\/div><\/div><\/div><div class=\"wpb_column vc_column_container vc_col-sm-12 wd-alignment-left\"><div class=\"vc_column-inner\"><div class=\"wpb_wrapper\">\t\t\t<link rel=\"stylesheet\" id=\"wd-dividers-css\" href=\"https:\/\/stilettosupply.com\/wp-content\/themes\/woodmart\/css\/parts\/el-row-divider.min.css?ver=6.4.2\" type=\"text\/css\" media=\"all\" \/> \t\t\t\t\t\t<div id=\"wd-62825c0cd6750\" class=\"wd-row-divider wd-62825c0cd6750 dvr-position-bottom dvr-style-sweet-wave woodmart-row-divider\">\n\t\t\t\t<svg width=\"100%\" height=\"50px\" viewBox=\"0 0 1920 80\" xmlns=\"http:\/\/www.w3.org\/2000\/svg\" preserveAspectRatio=\"none\">\n<path d=\"M0 20C0 20 169.5 0 510 0C850.5 0 1069.5 60 1410 60C1750.5 60 1920 20 1920 20V80H0V20Z\" \/>\n<\/svg>\n\t\t\t\t\t\t\t<\/div>\n\t\t<\/div><\/div><\/div><\/div><div class=\"vc_row-full-width vc_clearfix\"><\/div><div class=\"vc_row wpb_row vc_row-fluid vc_custom_1652710466246 wd-rs-62825c3da0b30\"><div class=\"wpb_column vc_column_container vc_col-sm-12 wd-alignment-left\"><div class=\"vc_column-inner\"><div class=\"wpb_wrapper\">\n\t<div class=\"wpb_text_column wpb_content_element\" >\n\t\t<div class=\"wpb_wrapper\">\n\t\t\t<h3 style=\"font-weight: 300; text-align: center; text-transform: uppercase;\">easy to use &#8211; let us show you how<\/h3>\n<h2 style=\"text-align: center; font-size: 52px; line-height: 1;\">Learn More About Our Products<\/h2>\n\n\t\t<\/div>\n\t<\/div>\n<\/div><\/div><\/div><\/div><div data-vc-full-width=\"true\" data-vc-full-width-temp=\"true\" data-vc-full-width-init=\"false\" data-vc-stretch-content=\"true\" class=\"vc_row wpb_row vc_row-fluid vc_custom_1654737967477 vc_row-no-padding vc_row-o-equal-height vc_row-o-content-middle vc_row-flex wd-rs-62a14c288c562\"><div class=\"wpb_column vc_column_container vc_col-sm-2 vc_col-xs-offset-5 vc_col-xs-2 wd-alignment-left wd-rs-625d763612b51\"><div class=\"vc_column-inner\"><div class=\"wpb_wrapper\"><div class=\"vc_icon_element vc_icon_element-outer vc_do_icon h-yt-line vc_icon_element-align-center vc_icon_element-have-style\"><div class=\"vc_icon_element-inner vc_icon_element-color-white vc_icon_element-have-style-inner vc_icon_element-size-md vc_icon_element-style-rounded vc_icon_element-background vc_icon_element-background-color-black\" ><span class=\"vc_icon_element-icon fab fa-youtube\" ><\/span><a class=\"vc_icon_element-link\" href=\"https:\/\/www.youtube.com\/channel\/UChrQ20ueBfu_2hhCXqp15Cg\"  title=\"\" target=\"_blank\"><\/a><\/div><\/div><\/div><\/div><\/div><div class=\"wpb_column vc_column_container vc_col-sm-5 vc_col-xs-5 wd-alignment-left wd-rs-62a35ff67a95a\"><div class=\"vc_column-inner vc_custom_1654874107540\"><div class=\"wpb_wrapper\"><div class=\"vc_separator wpb_content_element vc_separator_align_center vc_sep_width_100 vc_sep_border_width_5 vc_sep_pos_align_center vc_separator_no_text\" ><span class=\"vc_sep_holder vc_sep_holder_l\"><span style=\"border-color:#ff34ac;\" class=\"vc_sep_line\"><\/span><\/span><span class=\"vc_sep_holder vc_sep_holder_r\"><span style=\"border-color:#ff34ac;\" class=\"vc_sep_line\"><\/span><\/span>\n<\/div><\/div><\/div><\/div><\/div><div class=\"vc_row-full-width vc_clearfix\"><\/div><div data-vc-full-width=\"true\" data-vc-full-width-temp=\"true\" data-vc-full-width-init=\"false\" data-vc-stretch-content=\"true\" class=\"vc_row wpb_row vc_row-fluid vc_custom_1650293657418 vc_row-has-fill vc_row-no-padding vc_row-o-equal-height vc_row-o-content-middle vc_row-flex wd-rs-625d7b90b0b37\"><div class=\"wpb_column vc_column_container vc_col-sm-10 vc_col-md-7 vc_col-xs-offset-1 vc_col-xs-10 wd-alignment-left wd-rs-62a14ab537519\"><div class=\"vc_column-inner vc_custom_1654737596518\"><div class=\"wpb_wrapper\">\n\t<div class=\"wpb_text_column wpb_content_element\" >\n\t\t<div class=\"wpb_wrapper\">\n\t\t\t<h3 style=\"font-size: 36px; line-height: 1;\"><span style=\"color: #ffffff;\">Sign Up for Updates and Exclusive Savings Offers<\/span><\/h3>\n\n\t\t<\/div>\n\t<\/div>\n<\/div><\/div><\/div><div class=\"wpb_column vc_column_container vc_col-sm-10 vc_col-md-offset-0 vc_col-md-3 vc_col-xs-offset-1 vc_col-xs-10 wd-alignment-left wd-rs-62a153eeb7be5\"><div class=\"vc_column-inner vc_custom_1654739955526\"><div class=\"wpb_wrapper\">\n<div class=\"wpcf7 no-js\" id=\"wpcf7-f7-o1\" lang=\"en-US\" dir=\"ltr\" data-wpcf7-id=\"7\">\n<div class=\"screen-reader-response\"><p role=\"status\" aria-live=\"polite\" aria-atomic=\"true\"><\/p> <ul><\/ul><\/div>\n<form action=\"\/fr\/wp-json\/wp\/v2\/pages\/74#wpcf7-f7-o1\" method=\"post\" class=\"wpcf7-form init\" aria-label=\"Contact form\" novalidate=\"novalidate\" data-status=\"init\">\n<fieldset class=\"hidden-fields-container\"><input type=\"hidden\" name=\"_wpcf7\" value=\"7\" \/><input type=\"hidden\" name=\"_wpcf7_version\" value=\"6.1.5\" \/><input type=\"hidden\" name=\"_wpcf7_locale\" value=\"en_US\" \/><input type=\"hidden\" name=\"_wpcf7_unit_tag\" value=\"wpcf7-f7-o1\" \/><input type=\"hidden\" name=\"_wpcf7_container_post\" value=\"0\" \/><input type=\"hidden\" name=\"_wpcf7_posted_data_hash\" value=\"\" \/><input type=\"hidden\" name=\"_wpcf7_recaptcha_response\" value=\"\" \/>\n<\/fieldset>\n<div class=\"row\">\n\t<div class=\"col-sm-9\" style=\"padding: 0px;\">\n\t\t<p><span class=\"wpcf7-form-control-wrap\" data-name=\"your-email\"><input size=\"40\" maxlength=\"400\" class=\"wpcf7-form-control wpcf7-email wpcf7-validates-as-required wpcf7-text wpcf7-validates-as-email\" id=\"cf7-nl-field\" aria-required=\"true\" aria-invalid=\"false\" placeholder=\"Enter Email\" value=\"\" type=\"email\" name=\"your-email\" \/><\/span>\n\t\t<\/p>\n\t<\/div>\n\t<div class=\"col-sm-3\" style=\"padding: 0px;\">\n\t\t<p><input class=\"wpcf7-form-control wpcf7-submit has-spinner\" id=\"cf7-nl-btn\" type=\"submit\" value=\"&gt;\" \/>\n\t\t<\/p>\n\t<\/div>\n<\/div><p style=\"display: none !important;\" class=\"akismet-fields-container\" data-prefix=\"_wpcf7_ak_\"><label>&#916;<textarea name=\"_wpcf7_ak_hp_textarea\" cols=\"45\" rows=\"8\" maxlength=\"100\"><\/textarea><\/label><input type=\"hidden\" id=\"ak_js_1\" name=\"_wpcf7_ak_js\" value=\"203\"\/><script type=\"text\/javascript\">\n\/* <![CDATA[ *\/\ndocument.getElementById( \"ak_js_1\" ).setAttribute( \"value\", ( new Date() ).getTime() );\n\/* ]]> *\/\n<\/script>\n<\/p><input type='hidden' class='wpcf7-pum' value='{\"closepopup\":false,\"closedelay\":0,\"openpopup\":false,\"openpopup_id\":0}' \/><div class=\"wpcf7-response-output\" aria-hidden=\"true\"><\/div>\n<\/form>\n<\/div>\n<\/div><\/div><\/div><div class=\"wpb_column vc_column_container vc_col-sm-12 vc_col-md-6 wd-alignment-left wd-rs-62a1492d2a9cc\"><div class=\"vc_column-inner vc_custom_1654737219286\"><div class=\"wpb_wrapper\"><div class=\"vc_separator wpb_content_element vc_separator_align_center vc_sep_width_100 vc_sep_border_width_3 vc_sep_pos_align_center vc_separator_no_text\" ><span class=\"vc_sep_holder vc_sep_holder_l\"><span style=\"border-color:#ff34ac;\" class=\"vc_sep_line\"><\/span><\/span><span class=\"vc_sep_holder vc_sep_holder_r\"><span style=\"border-color:#ff34ac;\" class=\"vc_sep_line\"><\/span><\/span>\n<\/div><\/div><\/div><\/div><\/div><div class=\"vc_row-full-width vc_clearfix\"><\/div>\n<\/div>","protected":false},"excerpt":{"rendered":"La nouvelle soci\u00e9t\u00e9 innovante Stiletto Piercing Supply r\u00e9volutionne l&#039;industrie du piercing avec de nouveaux produits jetables. Notre mission est de faire avancer","protected":false},"author":1,"featured_media":0,"parent":0,"menu_order":0,"comment_status":"closed","ping_status":"closed","template":"","meta":{"_acf_changed":false,"footnotes":""},"class_list":["post-74","page","type-page","status-publish","hentry"],"acf":[],"yoast_head":"<!-- This site is optimized with the Yoast SEO plugin v27.5 - https:\/\/yoast.com\/product\/yoast-seo-wordpress\/ -->\n<title>About - Stiletto Supply<\/title>\n<meta name=\"robots\" content=\"index, follow, max-snippet:-1, max-image-preview:large, max-video-preview:-1\" \/>\n<link rel=\"canonical\" href=\"https:\/\/stilettosupply.com\/fr\/about\/\" \/>\n<meta property=\"og:locale\" content=\"fr_FR\" \/>\n<meta property=\"og:type\" content=\"article\" \/>\n<meta property=\"og:title\" content=\"About - Stiletto Supply\" \/>\n<meta property=\"og:url\" content=\"https:\/\/stilettosupply.com\/fr\/about\/\" \/>\n<meta property=\"og:site_name\" content=\"Stiletto Supply\" \/>\n<meta property=\"article:modified_time\" content=\"2024-10-03T17:51:19+00:00\" \/>\n<meta name=\"twitter:card\" content=\"summary_large_image\" \/>\n<meta name=\"twitter:label1\" content=\"Est. reading time\" \/>\n\t<meta name=\"twitter:data1\" content=\"4 minutes\" \/>\n<script type=\"application\/ld+json\" class=\"yoast-schema-graph\">{\"@context\":\"https:\\\/\\\/schema.org\",\"@graph\":[{\"@type\":\"WebPage\",\"@id\":\"https:\\\/\\\/stilettosupply.com\\\/about\\\/\",\"url\":\"https:\\\/\\\/stilettosupply.com\\\/about\\\/\",\"name\":\"About - Stiletto Supply\",\"isPartOf\":{\"@id\":\"https:\\\/\\\/stilettosupply.com\\\/#website\"},\"datePublished\":\"2022-05-13T17:56:27+00:00\",\"dateModified\":\"2024-10-03T17:51:19+00:00\",\"breadcrumb\":{\"@id\":\"https:\\\/\\\/stilettosupply.com\\\/about\\\/#breadcrumb\"},\"inLanguage\":\"fr-FR\",\"potentialAction\":[{\"@type\":\"ReadAction\",\"target\":[\"https:\\\/\\\/stilettosupply.com\\\/about\\\/\"]}]},{\"@type\":\"BreadcrumbList\",\"@id\":\"https:\\\/\\\/stilettosupply.com\\\/about\\\/#breadcrumb\",\"itemListElement\":[{\"@type\":\"ListItem\",\"position\":1,\"name\":\"Home\",\"item\":\"https:\\\/\\\/stilettosupply.com\\\/\"},{\"@type\":\"ListItem\",\"position\":2,\"name\":\"About\"}]},{\"@type\":\"WebSite\",\"@id\":\"https:\\\/\\\/stilettosupply.com\\\/#website\",\"url\":\"https:\\\/\\\/stilettosupply.com\\\/\",\"name\":\"Stiletto Supply\",\"description\":\"\",\"potentialAction\":[{\"@type\":\"SearchAction\",\"target\":{\"@type\":\"EntryPoint\",\"urlTemplate\":\"https:\\\/\\\/stilettosupply.com\\\/?s={search_term_string}\"},\"query-input\":{\"@type\":\"PropertyValueSpecification\",\"valueRequired\":true,\"valueName\":\"search_term_string\"}}],\"inLanguage\":\"fr-FR\"}]}<\/script>\n<!-- \/ Yoast SEO plugin. -->","yoast_head_json":{"title":"About - Stiletto Supply","robots":{"index":"index","follow":"follow","max-snippet":"max-snippet:-1","max-image-preview":"max-image-preview:large","max-video-preview":"max-video-preview:-1"},"canonical":"https:\/\/stilettosupply.com\/fr\/about\/","og_locale":"fr_FR","og_type":"article","og_title":"About - Stiletto Supply","og_url":"https:\/\/stilettosupply.com\/fr\/about\/","og_site_name":"Stiletto Supply","article_modified_time":"2024-10-03T17:51:19+00:00","twitter_card":"summary_large_image","twitter_misc":{"Est. reading time":"4 minutes"},"schema":{"@context":"https:\/\/schema.org","@graph":[{"@type":"WebPage","@id":"https:\/\/stilettosupply.com\/about\/","url":"https:\/\/stilettosupply.com\/about\/","name":"About - Stiletto Supply","isPartOf":{"@id":"https:\/\/stilettosupply.com\/#website"},"datePublished":"2022-05-13T17:56:27+00:00","dateModified":"2024-10-03T17:51:19+00:00","breadcrumb":{"@id":"https:\/\/stilettosupply.com\/about\/#breadcrumb"},"inLanguage":"fr-FR","potentialAction":[{"@type":"ReadAction","target":["https:\/\/stilettosupply.com\/about\/"]}]},{"@type":"BreadcrumbList","@id":"https:\/\/stilettosupply.com\/about\/#breadcrumb","itemListElement":[{"@type":"ListItem","position":1,"name":"Home","item":"https:\/\/stilettosupply.com\/"},{"@type":"ListItem","position":2,"name":"About"}]},{"@type":"WebSite","@id":"https:\/\/stilettosupply.com\/#website","url":"https:\/\/stilettosupply.com\/","name":"Fourniture de stylet","description":"","potentialAction":[{"@type":"SearchAction","target":{"@type":"EntryPoint","urlTemplate":"https:\/\/stilettosupply.com\/?s={search_term_string}"},"query-input":{"@type":"PropertyValueSpecification","valueRequired":true,"valueName":"search_term_string"}}],"inLanguage":"fr-FR"}]}},"jetpack_sharing_enabled":true,"_links":{"self":[{"href":"https:\/\/stilettosupply.com\/fr\/wp-json\/wp\/v2\/pages\/74","targetHints":{"allow":["GET"]}}],"collection":[{"href":"https:\/\/stilettosupply.com\/fr\/wp-json\/wp\/v2\/pages"}],"about":[{"href":"https:\/\/stilettosupply.com\/fr\/wp-json\/wp\/v2\/types\/page"}],"author":[{"embeddable":true,"href":"https:\/\/stilettosupply.com\/fr\/wp-json\/wp\/v2\/users\/1"}],"replies":[{"embeddable":true,"href":"https:\/\/stilettosupply.com\/fr\/wp-json\/wp\/v2\/comments?post=74"}],"version-history":[{"count":13,"href":"https:\/\/stilettosupply.com\/fr\/wp-json\/wp\/v2\/pages\/74\/revisions"}],"predecessor-version":[{"id":2851,"href":"https:\/\/stilettosupply.com\/fr\/wp-json\/wp\/v2\/pages\/74\/revisions\/2851"}],"wp:attachment":[{"href":"https:\/\/stilettosupply.com\/fr\/wp-json\/wp\/v2\/media?parent=74"}],"curies":[{"name":"wp","href":"https:\/\/api.w.org\/{rel}","templated":true}]}}