{"id":82,"date":"2022-05-16T10:30:07","date_gmt":"2022-05-16T14:30:07","guid":{"rendered":"https:\/\/stilettosupply.com\/?page_id=82"},"modified":"2026-02-24T11:13:02","modified_gmt":"2026-02-24T16:13:02","slug":"why-go-disposable","status":"publish","type":"page","link":"https:\/\/stilettosupply.com\/fr\/resources\/why-go-disposable\/","title":{"rendered":"Pourquoi devenir jetable ?"},"content":{"rendered":"<div class=\"wpb-content-wrapper\"><div data-vc-full-width=\"true\" data-vc-full-width-temp=\"true\" data-vc-full-width-init=\"false\" class=\"vc_row wpb_row vc_row-fluid vc_custom_1654877120790 vc_row-has-fill vc_column-gap-30 vc_row-o-equal-height vc_row-flex mobile-bg-img-hidden tablet-bg-img-hidden wd-rs-62a36bb686c20\"><div class=\"wpb_column home-gal-hgt vc_column_container vc_col-sm-12 vc_col-md-6 vc_col-has-fill wd-alignment-left wd-rs-699dcd991409a\"><div class=\"vc_column-inner vc_custom_1771949469407\"><div class=\"wpb_wrapper\">\n\t<div class=\"wpb_video_widget wpb_content_element vc_clearfix vc_video-aspect-ratio-169 vc_video-el-width-100 vc_video-align-left\" >\n\t\t<div class=\"wpb_wrapper\">\n\t\t\t\n\t\t\t<div class=\"wpb_video_wrapper\"><iframe loading=\"lazy\" title=\"Stiletto Earth Series - How does it work?\" width=\"500\" height=\"281\" src=\"https:\/\/www.youtube.com\/embed\/VpzrC7Rar0E?feature=oembed\" frameborder=\"0\" allow=\"accelerometer; autoplay; clipboard-write; encrypted-media; gyroscope; picture-in-picture; web-share\" referrerpolicy=\"strict-origin-when-cross-origin\" allowfullscreen><\/iframe><\/div>\n\t\t<\/div>\n\t<\/div>\n<\/div><\/div><\/div><div class=\"wpb_column vc_column_container vc_col-sm-12 vc_col-md-6 wd-alignment-left wd-rs-62a36a4bd2cb1\"><div class=\"vc_column-inner vc_custom_1654876754233\"><div class=\"wpb_wrapper\">\n\t<div class=\"wpb_text_column wpb_content_element\" >\n\t\t<div class=\"wpb_wrapper\">\n\t\t\t<h2 class=\"h-sect2-title\"><span style=\"color: #ff34ac;\">Train<\/span> Jetable<\/h2>\n\n\t\t<\/div>\n\t<\/div>\n\n\t<div class=\"wpb_text_column wpb_content_element vc_custom_1771949551971\" >\n\t\t<div class=\"wpb_wrapper\">\n\t\t\t<p>The tattoo industry went disposable over 14 years ago. Now, Stiletto has come out with the tools needed for the piercing industry to go disposable as well. Going disposable in a GREEN way is of huge importance to Stiletto. We began with the Earth Series and have now made all piercing products biodegradable as well as their packaging whenever possible. As artists, we all should be committed to keeping our planet healthy.<\/p>\n\n\t\t<\/div>\n\t<\/div>\n<\/div><\/div><\/div><div class=\"wpb_column vc_column_container vc_col-sm-12 vc_hidden-md vc_hidden-sm vc_hidden-xs wd-alignment-left wd-rs-62a36b8a68424\"><div class=\"vc_column-inner\"><div class=\"wpb_wrapper\"><div class=\"vc_empty_space\"   style=\"height: 180px\"><span class=\"vc_empty_space_inner\"><\/span><\/div><\/div><\/div><\/div><div class=\"wpb_column vc_column_container vc_col-sm-12 vc_col-md-6 wd-alignment-left wd-rs-62a36c26c7fc2\"><div class=\"vc_column-inner\"><div class=\"wpb_wrapper\">\n\t<div class=\"wpb_text_column wpb_content_element white-dk-black-mb\" >\n\t\t<div class=\"wpb_wrapper\">\n\t\t\t<p>Le jetable est d\u00e9sormais une option \u00e9conomique et plus r\u00e9aliste que jamais. Que vous pratiquiez le per\u00e7age \u00e0 main lev\u00e9e ou avec des outils, Stiletto a des produits pour vous.<\/p>\n<p>Le recours au jetable permet aux studios de tatouage et aux nouveaux studios de piercing de contourner le co\u00fbt et l&#039;espace suppl\u00e9mentaires li\u00e9s \u00e0 l&#039;int\u00e9gration d&#039;une salle de st\u00e9rilisation.<\/p>\n<p>Gr\u00e2ce \u00e0 Stiletto produisant nos produits de qualit\u00e9, le jetable 100% est devenu le courant dominant des studios de piercing et de tatouage.<\/p>\n\n\t\t<\/div>\n\t<\/div>\n<\/div><\/div><\/div><div class=\"wpb_column vc_column_container vc_col-sm-12 vc_col-md-6 vc_col-has-fill wd-alignment-left wd-rs-699dcda2242fa\"><div class=\"vc_column-inner vc_custom_1771949478814\"><div class=\"wpb_wrapper\"><\/div><\/div><\/div><\/div><div class=\"vc_row-full-width vc_clearfix\"><\/div><div data-vc-full-width=\"true\" data-vc-full-width-temp=\"true\" data-vc-full-width-init=\"false\" class=\"vc_row wpb_row vc_row-fluid vc_custom_1654613694932 vc_row-o-equal-height vc_row-o-content-middle vc_row-flex wd-rs-629f66ba7ae36\"><div class=\"wpb_column vc_column_container vc_col-sm-8 wd-alignment-left\"><div class=\"vc_column-inner\"><div class=\"wpb_wrapper\">\n\t<div class=\"wpb_text_column wpb_content_element\" >\n\t\t<div class=\"wpb_wrapper\">\n\t\t\t<h2 style=\"font-size: 36px; line-height: 1;\">Pr\u00eat \u00e0 acheter ? Trouver votre <span style=\"color: #ffffff;\"><span style=\"color: #ff34ac;\">distributeur<\/span> <\/span>\u00e0 pr\u00e9sent!<\/h2>\n\n\t\t<\/div>\n\t<\/div>\n<\/div><\/div><\/div><div class=\"wpb_column vc_column_container vc_col-sm-4 wd-alignment-left wd-rs-62963c41229e6\"><div class=\"vc_column-inner vc_custom_1654012996973\"><div class=\"wpb_wrapper\"><div id=\"wd-62a23b566d485\" class=\"wd-rs-62a23b566d485  wd-button-wrapper woodmart-button-wrapper text-center\"><a href=\"\/fr\/distributors\/\" title=\"\" class=\"btn btn-color-primary btn-style-default btn-style-rectangle btn-size-extra-large btn-full-width\">TROUVER UN DISTRIBUTEUR<\/a><\/div><\/div><\/div><\/div><\/div><div class=\"vc_row-full-width vc_clearfix\"><\/div>\n<\/div>","protected":false},"excerpt":{"rendered":"Le jetable L&#039;industrie du tatouage est pass\u00e9e au jetable il y a plus de 14 ans. Aujourd&#039;hui, Stiletto propose les outils n\u00e9cessaires","protected":false},"author":1,"featured_media":0,"parent":83,"menu_order":0,"comment_status":"closed","ping_status":"closed","template":"","meta":{"_acf_changed":false,"footnotes":""},"class_list":["post-82","page","type-page","status-publish","hentry"],"acf":[],"yoast_head":"<!-- This site is optimized with the Yoast SEO plugin v27.5 - https:\/\/yoast.com\/product\/yoast-seo-wordpress\/ -->\n<title>Why Go Disposable? - Stiletto Supply<\/title>\n<meta name=\"robots\" content=\"index, follow, max-snippet:-1, max-image-preview:large, max-video-preview:-1\" \/>\n<link rel=\"canonical\" href=\"https:\/\/stilettosupply.com\/fr\/resources\/why-go-disposable\/\" \/>\n<meta property=\"og:locale\" content=\"fr_FR\" \/>\n<meta property=\"og:type\" content=\"article\" \/>\n<meta property=\"og:title\" content=\"Why Go Disposable? - Stiletto Supply\" \/>\n<meta property=\"og:url\" content=\"https:\/\/stilettosupply.com\/fr\/resources\/why-go-disposable\/\" \/>\n<meta property=\"og:site_name\" content=\"Stiletto Supply\" \/>\n<meta property=\"article:modified_time\" content=\"2026-02-24T16:13:02+00:00\" \/>\n<meta name=\"twitter:card\" content=\"summary_large_image\" \/>\n<meta name=\"twitter:label1\" content=\"Est. reading time\" \/>\n\t<meta name=\"twitter:data1\" content=\"2 minutes\" \/>\n<script type=\"application\/ld+json\" class=\"yoast-schema-graph\">{\"@context\":\"https:\\\/\\\/schema.org\",\"@graph\":[{\"@type\":\"WebPage\",\"@id\":\"https:\\\/\\\/stilettosupply.com\\\/resources\\\/why-go-disposable\\\/\",\"url\":\"https:\\\/\\\/stilettosupply.com\\\/resources\\\/why-go-disposable\\\/\",\"name\":\"Why Go Disposable? - Stiletto Supply\",\"isPartOf\":{\"@id\":\"https:\\\/\\\/stilettosupply.com\\\/#website\"},\"datePublished\":\"2022-05-16T14:30:07+00:00\",\"dateModified\":\"2026-02-24T16:13:02+00:00\",\"breadcrumb\":{\"@id\":\"https:\\\/\\\/stilettosupply.com\\\/resources\\\/why-go-disposable\\\/#breadcrumb\"},\"inLanguage\":\"fr-FR\",\"potentialAction\":[{\"@type\":\"ReadAction\",\"target\":[\"https:\\\/\\\/stilettosupply.com\\\/resources\\\/why-go-disposable\\\/\"]}]},{\"@type\":\"BreadcrumbList\",\"@id\":\"https:\\\/\\\/stilettosupply.com\\\/resources\\\/why-go-disposable\\\/#breadcrumb\",\"itemListElement\":[{\"@type\":\"ListItem\",\"position\":1,\"name\":\"Home\",\"item\":\"https:\\\/\\\/stilettosupply.com\\\/\"},{\"@type\":\"ListItem\",\"position\":2,\"name\":\"Resources\",\"item\":\"https:\\\/\\\/stilettosupply.com\\\/resources\\\/\"},{\"@type\":\"ListItem\",\"position\":3,\"name\":\"Why Go Disposable?\"}]},{\"@type\":\"WebSite\",\"@id\":\"https:\\\/\\\/stilettosupply.com\\\/#website\",\"url\":\"https:\\\/\\\/stilettosupply.com\\\/\",\"name\":\"Stiletto Supply\",\"description\":\"\",\"potentialAction\":[{\"@type\":\"SearchAction\",\"target\":{\"@type\":\"EntryPoint\",\"urlTemplate\":\"https:\\\/\\\/stilettosupply.com\\\/?s={search_term_string}\"},\"query-input\":{\"@type\":\"PropertyValueSpecification\",\"valueRequired\":true,\"valueName\":\"search_term_string\"}}],\"inLanguage\":\"fr-FR\"}]}<\/script>\n<!-- \/ Yoast SEO plugin. -->","yoast_head_json":{"title":"Why Go Disposable? - Stiletto Supply","robots":{"index":"index","follow":"follow","max-snippet":"max-snippet:-1","max-image-preview":"max-image-preview:large","max-video-preview":"max-video-preview:-1"},"canonical":"https:\/\/stilettosupply.com\/fr\/resources\/why-go-disposable\/","og_locale":"fr_FR","og_type":"article","og_title":"Why Go Disposable? - Stiletto Supply","og_url":"https:\/\/stilettosupply.com\/fr\/resources\/why-go-disposable\/","og_site_name":"Stiletto Supply","article_modified_time":"2026-02-24T16:13:02+00:00","twitter_card":"summary_large_image","twitter_misc":{"Est. reading time":"2 minutes"},"schema":{"@context":"https:\/\/schema.org","@graph":[{"@type":"WebPage","@id":"https:\/\/stilettosupply.com\/resources\/why-go-disposable\/","url":"https:\/\/stilettosupply.com\/resources\/why-go-disposable\/","name":"Why Go Disposable? - Stiletto Supply","isPartOf":{"@id":"https:\/\/stilettosupply.com\/#website"},"datePublished":"2022-05-16T14:30:07+00:00","dateModified":"2026-02-24T16:13:02+00:00","breadcrumb":{"@id":"https:\/\/stilettosupply.com\/resources\/why-go-disposable\/#breadcrumb"},"inLanguage":"fr-FR","potentialAction":[{"@type":"ReadAction","target":["https:\/\/stilettosupply.com\/resources\/why-go-disposable\/"]}]},{"@type":"BreadcrumbList","@id":"https:\/\/stilettosupply.com\/resources\/why-go-disposable\/#breadcrumb","itemListElement":[{"@type":"ListItem","position":1,"name":"Home","item":"https:\/\/stilettosupply.com\/"},{"@type":"ListItem","position":2,"name":"Resources","item":"https:\/\/stilettosupply.com\/resources\/"},{"@type":"ListItem","position":3,"name":"Why Go Disposable?"}]},{"@type":"WebSite","@id":"https:\/\/stilettosupply.com\/#website","url":"https:\/\/stilettosupply.com\/","name":"Fourniture de stylet","description":"","potentialAction":[{"@type":"SearchAction","target":{"@type":"EntryPoint","urlTemplate":"https:\/\/stilettosupply.com\/?s={search_term_string}"},"query-input":{"@type":"PropertyValueSpecification","valueRequired":true,"valueName":"search_term_string"}}],"inLanguage":"fr-FR"}]}},"jetpack_sharing_enabled":true,"_links":{"self":[{"href":"https:\/\/stilettosupply.com\/fr\/wp-json\/wp\/v2\/pages\/82","targetHints":{"allow":["GET"]}}],"collection":[{"href":"https:\/\/stilettosupply.com\/fr\/wp-json\/wp\/v2\/pages"}],"about":[{"href":"https:\/\/stilettosupply.com\/fr\/wp-json\/wp\/v2\/types\/page"}],"author":[{"embeddable":true,"href":"https:\/\/stilettosupply.com\/fr\/wp-json\/wp\/v2\/users\/1"}],"replies":[{"embeddable":true,"href":"https:\/\/stilettosupply.com\/fr\/wp-json\/wp\/v2\/comments?post=82"}],"version-history":[{"count":14,"href":"https:\/\/stilettosupply.com\/fr\/wp-json\/wp\/v2\/pages\/82\/revisions"}],"predecessor-version":[{"id":4034,"href":"https:\/\/stilettosupply.com\/fr\/wp-json\/wp\/v2\/pages\/82\/revisions\/4034"}],"up":[{"embeddable":true,"href":"https:\/\/stilettosupply.com\/fr\/wp-json\/wp\/v2\/pages\/83"}],"wp:attachment":[{"href":"https:\/\/stilettosupply.com\/fr\/wp-json\/wp\/v2\/media?parent=82"}],"curies":[{"name":"wp","href":"https:\/\/api.w.org\/{rel}","templated":true}]}}