{"id":214,"date":"2022-05-23T21:41:25","date_gmt":"2022-05-24T01:41:25","guid":{"rendered":"https:\/\/stilettosupply.com\/?page_id=214"},"modified":"2025-04-10T16:21:20","modified_gmt":"2025-04-10T20:21:20","slug":"faqs","status":"publish","type":"page","link":"https:\/\/stilettosupply.com\/it\/resources\/faqs\/","title":{"rendered":"Domande frequenti"},"content":{"rendered":"<div class=\"wpb-content-wrapper\"><div class=\"vc_row wpb_row vc_row-fluid vc_custom_1654778360065 vc_column-gap-35 wd-rs-62a1e9ef4edf2\"><div class=\"wpb_column vc_column_container vc_col-sm-6 vc_col-has-fill wd-alignment-left wd-rs-628d2d5f37bd8\"><div class=\"vc_column-inner vc_custom_1653419368232\"><div class=\"wpb_wrapper\">\t\t\t<link rel=\"stylesheet\" id=\"wd-dividers-css\" href=\"https:\/\/stilettosupply.com\/wp-content\/themes\/woodmart\/css\/parts\/el-row-divider.min.css?ver=6.4.2\" type=\"text\/css\" media=\"all\" \/> \t\t\t\t\t\t<div id=\"wd-628d2a58e521f\" class=\"wd-row-divider wd-628d2a58e521f dvr-position-bottom dvr-style-curved-line woodmart-row-divider\">\n\t\t\t\t<svg xmlns=\"http:\/\/www.w3.org\/2000\/svg\" xmlns:xlink=\"http:\/\/www.w3.org\/1999\/xlink\" x=\"0px\" y=\"0px\"\n\t viewbox=\"0 0 100 100\" width=\"100%\" height=\"50px\" preserveaspectratio=\"none\">\n<path display=\"none\" d=\"M100,25.8V100H0V52.5c-4.9-6.8-9.5-13.8-15-19.7V101h125V20.9C106.3,22,103,23.7,100,25.8z\"\/>\n<path d=\"M100,100V0.8C77.8,21.4,71.3,70.5,38.6,70.5c-18.8,0-29.1-16.2-38.6-34V100H100z\"\/>\n<\/svg>\n\t\t\t\t\t\t\t<\/div>\n\t\t<\/div><\/div><\/div><div class=\"wpb_column vc_column_container vc_col-sm-6 wd-alignment-left\"><div class=\"vc_column-inner\"><div class=\"wpb_wrapper\"><div class=\"vc_tta-container\" data-vc-action=\"collapseAll\"><div class=\"vc_general vc_tta vc_tta-accordion vc_tta-color-black vc_tta-style-flat vc_tta-shape-rounded vc_tta-o-shape-group vc_tta-gap-20 vc_tta-controls-align-default vc_tta-o-no-fill vc_tta-o-all-clickable\"><div class=\"vc_tta-panels-container\"><div class=\"vc_tta-panels\"><div class=\"vc_tta-panel vc_active\" id=\"1652714629759-d0fcf7f0-c2f1bfdf-5510\" data-vc-content=\".vc_tta-panel-body\"><div class=\"vc_tta-panel-heading\"><h4 class=\"vc_tta-panel-title vc_tta-controls-icon-position-left\"><a href=\"#1652714629759-d0fcf7f0-c2f1bfdf-5510\" data-vc-accordion data-vc-container=\".vc_tta-container\"><span class=\"vc_tta-title-text\">Posso riutilizzare e risterilizzare i prodotti Stiletto?<\/span><i class=\"vc_tta-controls-icon vc_tta-controls-icon-chevron\"><\/i><\/a><\/h4><\/div><div class=\"vc_tta-panel-body\">\n\t<div class=\"wpb_text_column wpb_content_element\" >\n\t\t<div class=\"wpb_wrapper\">\n\t\t\t<p>Per motivi di sicurezza, sconsigliamo vivamente di riutilizzare i nostri coni e aghi.<\/p>\n<p>I nostri prodotti presterilizzati vengono sottoposti a un processo di sterilizzazione con gas EO progettato per un <strong>applicazione monouso<\/strong>.<\/p>\n<p>Le nostre plastiche per uso alimentare non sono destinate a un&#039;esposizione prolungata a cicli di sterilizzazione in dispositivi come Statim o grandi autoclavi, e il rivestimento in silicone per uso alimentare sui nostri aghi e coni verr\u00e0 completamente rimosso in caso di risterilizzazione.<\/p>\n<p><strong>Gli aghi dovrebbero <em>Mai<\/em> essere riutilizzato in qualsiasi circostanza. La sicurezza e il benessere del tuo cliente sono fondamentali.<\/strong><\/p>\n\n\t\t<\/div>\n\t<\/div>\n<\/div><\/div><div class=\"vc_tta-panel\" id=\"1652714629780-2017c2e4-193abfdf-5510\" data-vc-content=\".vc_tta-panel-body\"><div class=\"vc_tta-panel-heading\"><h4 class=\"vc_tta-panel-title vc_tta-controls-icon-position-left\"><a href=\"#1652714629780-2017c2e4-193abfdf-5510\" data-vc-accordion data-vc-container=\".vc_tta-container\"><span class=\"vc_tta-title-text\">I miei pin conici standard non si adattano ai miei gioielli Press fit?<\/span><i class=\"vc_tta-controls-icon vc_tta-controls-icon-chevron\"><\/i><\/a><\/h4><\/div><div class=\"vc_tta-panel-body\">\n\t<div class=\"wpb_text_column wpb_content_element\" >\n\t\t<div class=\"wpb_wrapper\">\n\t\t\t<p><img loading=\"lazy\" decoding=\"async\" class=\"alignnone size-medium wp-image-2404\" src=\"https:\/\/stilettosupply.com\/wp-content\/uploads\/2024\/04\/Pin-Ends-300x300.jpg\" alt=\"\" width=\"300\" height=\"300\" srcset=\"https:\/\/stilettosupply.com\/wp-content\/uploads\/2024\/04\/Pin-Ends-300x300.jpg 300w, https:\/\/stilettosupply.com\/wp-content\/uploads\/2024\/04\/Pin-Ends-1024x1024.jpg 1024w, https:\/\/stilettosupply.com\/wp-content\/uploads\/2024\/04\/Pin-Ends-150x150.jpg 150w, https:\/\/stilettosupply.com\/wp-content\/uploads\/2024\/04\/Pin-Ends-768x768.jpg 768w, https:\/\/stilettosupply.com\/wp-content\/uploads\/2024\/04\/Pin-Ends-12x12.jpg 12w, https:\/\/stilettosupply.com\/wp-content\/uploads\/2024\/04\/Pin-Ends.jpg 1347w\" sizes=\"auto, (max-width: 300px) 100vw, 300px\" \/><\/p>\n<p>Ciascuno dei nostri taper \u00e8 stato concepito per scopi diversi. I gioielli Press Fit devono essere utilizzati con i taper Press Fit poich\u00e9 la parte finale \u00e8 molto pi\u00f9 sottile del perno standard.<\/p>\n<p>Il perno terminale conico standard \u00e8 troppo spesso ed \u00e8 stato creato per funzionare con gioielli con filettatura interna.<\/p>\n\n\t\t<\/div>\n\t<\/div>\n<\/div><\/div><div class=\"vc_tta-panel\" id=\"1653357841977-422d2247-bc14\" data-vc-content=\".vc_tta-panel-body\"><div class=\"vc_tta-panel-heading\"><h4 class=\"vc_tta-panel-title vc_tta-controls-icon-position-left\"><a href=\"#1653357841977-422d2247-bc14\" data-vc-accordion data-vc-container=\".vc_tta-container\"><span class=\"vc_tta-title-text\">Non vendi al mio paese?<\/span><i class=\"vc_tta-controls-icon vc_tta-controls-icon-chevron\"><\/i><\/a><\/h4><\/div><div class=\"vc_tta-panel-body\">\n\t<div class=\"wpb_text_column wpb_content_element\" >\n\t\t<div class=\"wpb_wrapper\">\n\t\t\t<p>Stiletto \u00e8 una nuova azienda che sta radicandosi in tutto il mondo per fornire strumenti usa e getta all&#039;industria del piercing. Se non vedi un distributore nel tuo Paese, dai un&#039;occhiata alla nostra mappa dei distributori e potrai ordinare da quello pi\u00f9 vicino a te.<\/p>\n<p>Tieni presente che il nostro elenco di distributori \u00e8 in continuo aggiornamento mentre continuiamo a far crescere la nostra azienda e a stabilire distributori in tutto il mondo.<\/p>\n\n\t\t<\/div>\n\t<\/div>\n<\/div><\/div><div class=\"vc_tta-panel\" id=\"1654614478835-8b5c62aa-a9f3\" data-vc-content=\".vc_tta-panel-body\"><div class=\"vc_tta-panel-heading\"><h4 class=\"vc_tta-panel-title vc_tta-controls-icon-position-left\"><a href=\"#1654614478835-8b5c62aa-a9f3\" data-vc-accordion data-vc-container=\".vc_tta-container\"><span class=\"vc_tta-title-text\">Qual \u00e8 il rivestimento degli aghi e dei coni?<\/span><i class=\"vc_tta-controls-icon vc_tta-controls-icon-chevron\"><\/i><\/a><\/h4><\/div><div class=\"vc_tta-panel-body\">\n\t<div class=\"wpb_text_column wpb_content_element\" >\n\t\t<div class=\"wpb_wrapper\">\n\t\t\t<p>Il rivestimento utilizzato sui nostri aghi e taper \u00e8 un rivestimento in silicone alimentare. \u00c8 lo stesso rivestimento di quasi tutti gli aghi ipodermici ed \u00e8 ci\u00f2 che aiuta a rendere il processo di piercing il pi\u00f9 veloce e fluido possibile per il tuo cliente.<\/p>\n\n\t\t<\/div>\n\t<\/div>\n<\/div><\/div><div class=\"vc_tta-panel\" id=\"1654614494248-b2a582f5-12b3\" data-vc-content=\".vc_tta-panel-body\"><div class=\"vc_tta-panel-heading\"><h4 class=\"vc_tta-panel-title vc_tta-controls-icon-position-left\"><a href=\"#1654614494248-b2a582f5-12b3\" data-vc-accordion data-vc-container=\".vc_tta-container\"><span class=\"vc_tta-title-text\">Perch\u00e9 vendiamo solo a studi\/aziende autorizzati?<\/span><i class=\"vc_tta-controls-icon vc_tta-controls-icon-chevron\"><\/i><\/a><\/h4><\/div><div class=\"vc_tta-panel-body\">\n\t<div class=\"wpb_text_column wpb_content_element\" >\n\t\t<div class=\"wpb_wrapper\">\n\t\t\t<p>La missione di Stiletto \u00e8 quella di spingere l&#039;industria dei piercing verso il mercato usa e getta, proprio come l&#039;industria dei tatuaggi ha gi\u00e0 iniziato.<\/p>\n<p>La nostra priorit\u00e0 principale \u00e8 quella di semplificare e rendere pi\u00f9 sicure le procedure di piercing per i piercer che utilizzano i nostri strumenti, allo scopo di facilitare piercing sicuri e precisi, consentendo ai professionisti di eccellere nella loro attivit\u00e0.<\/p>\n<p>La vendita a studi verificati garantisce che ogni attivit\u00e0 e dipendente sia completamente certificato e possieda tutta la documentazione necessaria richiesta nel settore della body art\/piercing.<\/p>\n<p>Questo serve anche a evitare che qualcuno pratichi il piercing illegalmente nelle proprie case o in studi non autorizzati.<\/p>\n\n\t\t<\/div>\n\t<\/div>\n<\/div><\/div><div class=\"vc_tta-panel\" id=\"1654614513766-14a8103a-13ba\" data-vc-content=\".vc_tta-panel-body\"><div class=\"vc_tta-panel-heading\"><h4 class=\"vc_tta-panel-title vc_tta-controls-icon-position-left\"><a href=\"#1654614513766-14a8103a-13ba\" data-vc-accordion data-vc-container=\".vc_tta-container\"><span class=\"vc_tta-title-text\">Dove posso saperne di pi\u00f9 sui prodotti Stiletto?<\/span><i class=\"vc_tta-controls-icon vc_tta-controls-icon-chevron\"><\/i><\/a><\/h4><\/div><div class=\"vc_tta-panel-body\">\n\t<div class=\"wpb_text_column wpb_content_element\" >\n\t\t<div class=\"wpb_wrapper\">\n\t\t\t<p>Our landing page is the perfect place to inform yourself about all things Stiletto. We have dedicated this entire page to provide you with all the proper details of our products, display the necessary documentation to give to health inspectors, and so much more.<\/p>\n<p>Sentiti libero di rimanere connesso alle nostre pagine di social media. Ci piace interagire con i nostri clienti!<\/p>\n\n\t\t<\/div>\n\t<\/div>\n<\/div><\/div><div class=\"vc_tta-panel\" id=\"1712690228783-7758d23a-5bf6\" data-vc-content=\".vc_tta-panel-body\"><div class=\"vc_tta-panel-heading\"><h4 class=\"vc_tta-panel-title vc_tta-controls-icon-position-left\"><a href=\"#1712690228783-7758d23a-5bf6\" data-vc-accordion data-vc-container=\".vc_tta-container\"><span class=\"vc_tta-title-text\">Fornite certificati di sterilizzazione? O mulini per gioielli? Dove posso trovarlo?<\/span><i class=\"vc_tta-controls-icon vc_tta-controls-icon-chevron\"><\/i><\/a><\/h4><\/div><div class=\"vc_tta-panel-body\">\n\t<div class=\"wpb_text_column wpb_content_element\" >\n\t\t<div class=\"wpb_wrapper\">\n\t\t\t<p>S\u00ec, lo sappiamo!<\/p>\n<p>La nostra pagina di destinazione sotto &quot;Risorse&quot; \u00e8 dove puoi trovare tutti i tipi di certificazioni di sterilizzazione. Tutto quello che devi sapere \u00e8 il lotto # del prodotto\/i che stai cercando e abbinare l&#039;# ai certificati insieme al nome del prodotto. Puoi scaricare tutti i certificati necessari. Questo \u00e8 un ottimo modo per dimostrare al tuo ispettore sanitario che tutti gli strumenti sono verificabili e tracciabili.<\/p>\n<p>Se hai bisogno di maggiori informazioni o assistenza, non esitare a contattare il servizio clienti del distributore pi\u00f9 vicino.<\/p>\n\n\t\t<\/div>\n\t<\/div>\n<\/div><\/div><\/div><\/div><\/div><\/div><\/div><\/div><\/div><\/div>\n<\/div>","protected":false},"excerpt":{"rendered":"Posso riutilizzare e risterilizzare i prodotti Stiletto? Per motivi di sicurezza, sconsigliamo vivamente di riutilizzare i nostri coni e aghi. Nostro","protected":false},"author":1,"featured_media":0,"parent":83,"menu_order":0,"comment_status":"closed","ping_status":"closed","template":"","meta":{"_acf_changed":false,"footnotes":""},"class_list":["post-214","page","type-page","status-publish","hentry"],"acf":[],"yoast_head":"<!-- This site is optimized with the Yoast SEO plugin v27.5 - https:\/\/yoast.com\/product\/yoast-seo-wordpress\/ -->\n<title>FAQs - Stiletto Supply<\/title>\n<meta name=\"robots\" content=\"index, follow, max-snippet:-1, max-image-preview:large, max-video-preview:-1\" \/>\n<link rel=\"canonical\" href=\"https:\/\/stilettosupply.com\/it\/resources\/faqs\/\" \/>\n<meta property=\"og:locale\" content=\"it_IT\" \/>\n<meta property=\"og:type\" content=\"article\" \/>\n<meta property=\"og:title\" content=\"FAQs - Stiletto Supply\" \/>\n<meta property=\"og:url\" content=\"https:\/\/stilettosupply.com\/it\/resources\/faqs\/\" \/>\n<meta property=\"og:site_name\" content=\"Stiletto Supply\" \/>\n<meta property=\"article:modified_time\" content=\"2025-04-10T20:21:20+00:00\" \/>\n<meta property=\"og:image\" content=\"https:\/\/stilettosupply.com\/wp-content\/uploads\/2024\/04\/Pin-Ends.jpg\" \/>\n\t<meta property=\"og:image:width\" content=\"1347\" \/>\n\t<meta property=\"og:image:height\" content=\"1347\" \/>\n\t<meta property=\"og:image:type\" content=\"image\/jpeg\" \/>\n<meta name=\"twitter:card\" content=\"summary_large_image\" \/>\n<meta name=\"twitter:label1\" content=\"Est. reading time\" \/>\n\t<meta name=\"twitter:data1\" content=\"3 minutes\" \/>\n<script type=\"application\/ld+json\" class=\"yoast-schema-graph\">{\"@context\":\"https:\\\/\\\/schema.org\",\"@graph\":[{\"@type\":\"WebPage\",\"@id\":\"https:\\\/\\\/stilettosupply.com\\\/resources\\\/faqs\\\/\",\"url\":\"https:\\\/\\\/stilettosupply.com\\\/resources\\\/faqs\\\/\",\"name\":\"FAQs - Stiletto Supply\",\"isPartOf\":{\"@id\":\"https:\\\/\\\/stilettosupply.com\\\/#website\"},\"primaryImageOfPage\":{\"@id\":\"https:\\\/\\\/stilettosupply.com\\\/resources\\\/faqs\\\/#primaryimage\"},\"image\":{\"@id\":\"https:\\\/\\\/stilettosupply.com\\\/resources\\\/faqs\\\/#primaryimage\"},\"thumbnailUrl\":\"https:\\\/\\\/stilettosupply.com\\\/wp-content\\\/uploads\\\/2024\\\/04\\\/Pin-Ends-300x300.jpg\",\"datePublished\":\"2022-05-24T01:41:25+00:00\",\"dateModified\":\"2025-04-10T20:21:20+00:00\",\"breadcrumb\":{\"@id\":\"https:\\\/\\\/stilettosupply.com\\\/resources\\\/faqs\\\/#breadcrumb\"},\"inLanguage\":\"it-IT\",\"potentialAction\":[{\"@type\":\"ReadAction\",\"target\":[\"https:\\\/\\\/stilettosupply.com\\\/resources\\\/faqs\\\/\"]}]},{\"@type\":\"ImageObject\",\"inLanguage\":\"it-IT\",\"@id\":\"https:\\\/\\\/stilettosupply.com\\\/resources\\\/faqs\\\/#primaryimage\",\"url\":\"https:\\\/\\\/stilettosupply.com\\\/wp-content\\\/uploads\\\/2024\\\/04\\\/Pin-Ends-300x300.jpg\",\"contentUrl\":\"https:\\\/\\\/stilettosupply.com\\\/wp-content\\\/uploads\\\/2024\\\/04\\\/Pin-Ends-300x300.jpg\"},{\"@type\":\"BreadcrumbList\",\"@id\":\"https:\\\/\\\/stilettosupply.com\\\/resources\\\/faqs\\\/#breadcrumb\",\"itemListElement\":[{\"@type\":\"ListItem\",\"position\":1,\"name\":\"Home\",\"item\":\"https:\\\/\\\/stilettosupply.com\\\/\"},{\"@type\":\"ListItem\",\"position\":2,\"name\":\"Resources\",\"item\":\"https:\\\/\\\/stilettosupply.com\\\/resources\\\/\"},{\"@type\":\"ListItem\",\"position\":3,\"name\":\"FAQs\"}]},{\"@type\":\"WebSite\",\"@id\":\"https:\\\/\\\/stilettosupply.com\\\/#website\",\"url\":\"https:\\\/\\\/stilettosupply.com\\\/\",\"name\":\"Stiletto Supply\",\"description\":\"\",\"potentialAction\":[{\"@type\":\"SearchAction\",\"target\":{\"@type\":\"EntryPoint\",\"urlTemplate\":\"https:\\\/\\\/stilettosupply.com\\\/?s={search_term_string}\"},\"query-input\":{\"@type\":\"PropertyValueSpecification\",\"valueRequired\":true,\"valueName\":\"search_term_string\"}}],\"inLanguage\":\"it-IT\"}]}<\/script>\n<!-- \/ Yoast SEO plugin. -->","yoast_head_json":{"title":"FAQs - Stiletto Supply","robots":{"index":"index","follow":"follow","max-snippet":"max-snippet:-1","max-image-preview":"max-image-preview:large","max-video-preview":"max-video-preview:-1"},"canonical":"https:\/\/stilettosupply.com\/it\/resources\/faqs\/","og_locale":"it_IT","og_type":"article","og_title":"FAQs - Stiletto Supply","og_url":"https:\/\/stilettosupply.com\/it\/resources\/faqs\/","og_site_name":"Stiletto Supply","article_modified_time":"2025-04-10T20:21:20+00:00","og_image":[{"width":1347,"height":1347,"url":"https:\/\/stilettosupply.com\/wp-content\/uploads\/2024\/04\/Pin-Ends.jpg","type":"image\/jpeg"}],"twitter_card":"summary_large_image","twitter_misc":{"Est. reading time":"3 minutes"},"schema":{"@context":"https:\/\/schema.org","@graph":[{"@type":"WebPage","@id":"https:\/\/stilettosupply.com\/resources\/faqs\/","url":"https:\/\/stilettosupply.com\/resources\/faqs\/","name":"FAQs - Stiletto Supply","isPartOf":{"@id":"https:\/\/stilettosupply.com\/#website"},"primaryImageOfPage":{"@id":"https:\/\/stilettosupply.com\/resources\/faqs\/#primaryimage"},"image":{"@id":"https:\/\/stilettosupply.com\/resources\/faqs\/#primaryimage"},"thumbnailUrl":"https:\/\/stilettosupply.com\/wp-content\/uploads\/2024\/04\/Pin-Ends-300x300.jpg","datePublished":"2022-05-24T01:41:25+00:00","dateModified":"2025-04-10T20:21:20+00:00","breadcrumb":{"@id":"https:\/\/stilettosupply.com\/resources\/faqs\/#breadcrumb"},"inLanguage":"it-IT","potentialAction":[{"@type":"ReadAction","target":["https:\/\/stilettosupply.com\/resources\/faqs\/"]}]},{"@type":"ImageObject","inLanguage":"it-IT","@id":"https:\/\/stilettosupply.com\/resources\/faqs\/#primaryimage","url":"https:\/\/stilettosupply.com\/wp-content\/uploads\/2024\/04\/Pin-Ends-300x300.jpg","contentUrl":"https:\/\/stilettosupply.com\/wp-content\/uploads\/2024\/04\/Pin-Ends-300x300.jpg"},{"@type":"BreadcrumbList","@id":"https:\/\/stilettosupply.com\/resources\/faqs\/#breadcrumb","itemListElement":[{"@type":"ListItem","position":1,"name":"Home","item":"https:\/\/stilettosupply.com\/"},{"@type":"ListItem","position":2,"name":"Resources","item":"https:\/\/stilettosupply.com\/resources\/"},{"@type":"ListItem","position":3,"name":"FAQs"}]},{"@type":"WebSite","@id":"https:\/\/stilettosupply.com\/#website","url":"https:\/\/stilettosupply.com\/","name":"Fornitura di stiletto","description":"","potentialAction":[{"@type":"SearchAction","target":{"@type":"EntryPoint","urlTemplate":"https:\/\/stilettosupply.com\/?s={search_term_string}"},"query-input":{"@type":"PropertyValueSpecification","valueRequired":true,"valueName":"search_term_string"}}],"inLanguage":"it-IT"}]}},"jetpack_sharing_enabled":true,"_links":{"self":[{"href":"https:\/\/stilettosupply.com\/it\/wp-json\/wp\/v2\/pages\/214","targetHints":{"allow":["GET"]}}],"collection":[{"href":"https:\/\/stilettosupply.com\/it\/wp-json\/wp\/v2\/pages"}],"about":[{"href":"https:\/\/stilettosupply.com\/it\/wp-json\/wp\/v2\/types\/page"}],"author":[{"embeddable":true,"href":"https:\/\/stilettosupply.com\/it\/wp-json\/wp\/v2\/users\/1"}],"replies":[{"embeddable":true,"href":"https:\/\/stilettosupply.com\/it\/wp-json\/wp\/v2\/comments?post=214"}],"version-history":[{"count":13,"href":"https:\/\/stilettosupply.com\/it\/wp-json\/wp\/v2\/pages\/214\/revisions"}],"predecessor-version":[{"id":3329,"href":"https:\/\/stilettosupply.com\/it\/wp-json\/wp\/v2\/pages\/214\/revisions\/3329"}],"up":[{"embeddable":true,"href":"https:\/\/stilettosupply.com\/it\/wp-json\/wp\/v2\/pages\/83"}],"wp:attachment":[{"href":"https:\/\/stilettosupply.com\/it\/wp-json\/wp\/v2\/media?parent=214"}],"curies":[{"name":"wp","href":"https:\/\/api.w.org\/{rel}","templated":true}]}}