{"id":214,"date":"2022-05-23T21:41:25","date_gmt":"2022-05-24T01:41:25","guid":{"rendered":"https:\/\/stilettosupply.com\/?page_id=214"},"modified":"2025-04-10T16:21:20","modified_gmt":"2025-04-10T20:21:20","slug":"faqs","status":"publish","type":"page","link":"https:\/\/stilettosupply.com\/pt\/resources\/faqs\/","title":{"rendered":"Perguntas frequentes"},"content":{"rendered":"<div class=\"wpb-content-wrapper\"><div class=\"vc_row wpb_row vc_row-fluid vc_custom_1654778360065 vc_column-gap-35 wd-rs-62a1e9ef4edf2\"><div class=\"wpb_column vc_column_container vc_col-sm-6 vc_col-has-fill wd-alignment-left wd-rs-628d2d5f37bd8\"><div class=\"vc_column-inner vc_custom_1653419368232\"><div class=\"wpb_wrapper\">\t\t\t<link rel=\"stylesheet\" id=\"wd-dividers-css\" href=\"https:\/\/stilettosupply.com\/wp-content\/themes\/woodmart\/css\/parts\/el-row-divider.min.css?ver=6.4.2\" type=\"text\/css\" media=\"all\" \/> \t\t\t\t\t\t<div id=\"wd-628d2a58e521f\" class=\"wd-row-divider wd-628d2a58e521f dvr-position-bottom dvr-style-curved-line woodmart-row-divider\">\n\t\t\t\t<svg xmlns=\"http:\/\/www.w3.org\/2000\/svg\" xmlns:xlink=\"http:\/\/www.w3.org\/1999\/xlink\" x=\"0px\" y=\"0px\"\n\t viewbox=\"0 0 100 100\" width=\"100%\" height=\"50px\" preserveaspectratio=\"none\">\n<path display=\"none\" d=\"M100,25.8V100H0V52.5c-4.9-6.8-9.5-13.8-15-19.7V101h125V20.9C106.3,22,103,23.7,100,25.8z\"\/>\n<path d=\"M100,100V0.8C77.8,21.4,71.3,70.5,38.6,70.5c-18.8,0-29.1-16.2-38.6-34V100H100z\"\/>\n<\/svg>\n\t\t\t\t\t\t\t<\/div>\n\t\t<\/div><\/div><\/div><div class=\"wpb_column vc_column_container vc_col-sm-6 wd-alignment-left\"><div class=\"vc_column-inner\"><div class=\"wpb_wrapper\"><div class=\"vc_tta-container\" data-vc-action=\"collapseAll\"><div class=\"vc_general vc_tta vc_tta-accordion vc_tta-color-black vc_tta-style-flat vc_tta-shape-rounded vc_tta-o-shape-group vc_tta-gap-20 vc_tta-controls-align-default vc_tta-o-no-fill vc_tta-o-all-clickable\"><div class=\"vc_tta-panels-container\"><div class=\"vc_tta-panels\"><div class=\"vc_tta-panel vc_active\" id=\"1652714629759-d0fcf7f0-c2f1bfdf-5510\" data-vc-content=\".vc_tta-panel-body\"><div class=\"vc_tta-panel-heading\"><h4 class=\"vc_tta-panel-title vc_tta-controls-icon-position-left\"><a href=\"#1652714629759-d0fcf7f0-c2f1bfdf-5510\" data-vc-accordion data-vc-container=\".vc_tta-container\"><span class=\"vc_tta-title-text\">Posso reutilizar e reesterilizar os produtos Stiletto?<\/span><i class=\"vc_tta-controls-icon vc_tta-controls-icon-chevron\"><\/i><\/a><\/h4><\/div><div class=\"vc_tta-panel-body\">\n\t<div class=\"wpb_text_column wpb_content_element\" >\n\t\t<div class=\"wpb_wrapper\">\n\t\t\t<p>Por raz\u00f5es de seguran\u00e7a, desaconselhamos vivamente a reutiliza\u00e7\u00e3o dos nossos cones e agulhas.<\/p>\n<p>Nossos produtos pr\u00e9-esterilizados passam por um processo de esteriliza\u00e7\u00e3o por g\u00e1s EO, projetado para um <strong>aplicativo de uso \u00fanico<\/strong>.<\/p>\n<p>Nossos pl\u00e1sticos de grau aliment\u00edcio n\u00e3o s\u00e3o destinados \u00e0 exposi\u00e7\u00e3o prolongada a ciclos de esteriliza\u00e7\u00e3o em dispositivos como o Statim ou grandes autoclaves, e o revestimento de silicone de grau aliment\u00edcio em nossas agulhas e cones ser\u00e1 completamente removido se forem reesterilizados.<\/p>\n<p><strong>As agulhas devem <em>nunca<\/em> ser reutilizado em qualquer circunst\u00e2ncia. A seguran\u00e7a e o bem estar do seu cliente s\u00e3o fundamentais.<\/strong><\/p>\n\n\t\t<\/div>\n\t<\/div>\n<\/div><\/div><div class=\"vc_tta-panel\" id=\"1652714629780-2017c2e4-193abfdf-5510\" data-vc-content=\".vc_tta-panel-body\"><div class=\"vc_tta-panel-heading\"><h4 class=\"vc_tta-panel-title vc_tta-controls-icon-position-left\"><a href=\"#1652714629780-2017c2e4-193abfdf-5510\" data-vc-accordion data-vc-container=\".vc_tta-container\"><span class=\"vc_tta-title-text\">Meus cones de alfinetes padr\u00e3o n\u00e3o cabem em minhas joias de ajuste de press\u00e3o?<\/span><i class=\"vc_tta-controls-icon vc_tta-controls-icon-chevron\"><\/i><\/a><\/h4><\/div><div class=\"vc_tta-panel-body\">\n\t<div class=\"wpb_text_column wpb_content_element\" >\n\t\t<div class=\"wpb_wrapper\">\n\t\t\t<p><img loading=\"lazy\" decoding=\"async\" class=\"alignnone size-medium wp-image-2404\" src=\"https:\/\/stilettosupply.com\/wp-content\/uploads\/2024\/04\/Pin-Ends-300x300.jpg\" alt=\"\" width=\"300\" height=\"300\" srcset=\"https:\/\/stilettosupply.com\/wp-content\/uploads\/2024\/04\/Pin-Ends-300x300.jpg 300w, https:\/\/stilettosupply.com\/wp-content\/uploads\/2024\/04\/Pin-Ends-1024x1024.jpg 1024w, https:\/\/stilettosupply.com\/wp-content\/uploads\/2024\/04\/Pin-Ends-150x150.jpg 150w, https:\/\/stilettosupply.com\/wp-content\/uploads\/2024\/04\/Pin-Ends-768x768.jpg 768w, https:\/\/stilettosupply.com\/wp-content\/uploads\/2024\/04\/Pin-Ends-12x12.jpg 12w, https:\/\/stilettosupply.com\/wp-content\/uploads\/2024\/04\/Pin-Ends.jpg 1347w\" sizes=\"auto, (max-width: 300px) 100vw, 300px\" \/><\/p>\n<p>Cada um dos nossos cones foi criado para prop\u00f3sitos diferentes. As joias Press Fit precisam ser usadas com cones Press Fit, pois a parte final \u00e9 muito mais fina do que o pino padr\u00e3o.<\/p>\n<p>O pino final c\u00f4nico padr\u00e3o \u00e9 muito grosso e foi criado para funcionar com joias com rosca interna.<\/p>\n\n\t\t<\/div>\n\t<\/div>\n<\/div><\/div><div class=\"vc_tta-panel\" id=\"1653357841977-422d2247-bc14\" data-vc-content=\".vc_tta-panel-body\"><div class=\"vc_tta-panel-heading\"><h4 class=\"vc_tta-panel-title vc_tta-controls-icon-position-left\"><a href=\"#1653357841977-422d2247-bc14\" data-vc-accordion data-vc-container=\".vc_tta-container\"><span class=\"vc_tta-title-text\">Voc\u00ea n\u00e3o vende para o meu pa\u00eds?<\/span><i class=\"vc_tta-controls-icon vc_tta-controls-icon-chevron\"><\/i><\/a><\/h4><\/div><div class=\"vc_tta-panel-body\">\n\t<div class=\"wpb_text_column wpb_content_element\" >\n\t\t<div class=\"wpb_wrapper\">\n\t\t\t<p>Stiletto \u00e9 uma nova empresa que estabelece ra\u00edzes em todo o mundo para fornecer ferramentas descart\u00e1veis para a ind\u00fastria de piercings. Se voc\u00ea n\u00e3o encontrar um distribuidor em seu pa\u00eds, d\u00ea uma olhada em nosso mapa de distribuidores e poder\u00e1 fazer o pedido no mais pr\u00f3ximo de voc\u00ea.<\/p>\n<p>Tenha em mente que nossa lista de distribuidores est\u00e1 sempre sendo atualizada \u00e0 medida que continuamos a expandir nossa empresa e a estabelecer distribuidores em todo o mundo.<\/p>\n\n\t\t<\/div>\n\t<\/div>\n<\/div><\/div><div class=\"vc_tta-panel\" id=\"1654614478835-8b5c62aa-a9f3\" data-vc-content=\".vc_tta-panel-body\"><div class=\"vc_tta-panel-heading\"><h4 class=\"vc_tta-panel-title vc_tta-controls-icon-position-left\"><a href=\"#1654614478835-8b5c62aa-a9f3\" data-vc-accordion data-vc-container=\".vc_tta-container\"><span class=\"vc_tta-title-text\">Qual \u00e9 o revestimento das agulhas e dos cones?<\/span><i class=\"vc_tta-controls-icon vc_tta-controls-icon-chevron\"><\/i><\/a><\/h4><\/div><div class=\"vc_tta-panel-body\">\n\t<div class=\"wpb_text_column wpb_content_element\" >\n\t\t<div class=\"wpb_wrapper\">\n\t\t\t<p>O revestimento usado em nossas agulhas e cones \u00e9 um revestimento de silicone de grau aliment\u00edcio. Este \u00e9 o mesmo revestimento em quase todas as agulhas hipod\u00e9rmicas e \u00e9 o que ajuda a tornar o processo de perfura\u00e7\u00e3o o mais r\u00e1pido e suave poss\u00edvel para seu cliente.<\/p>\n\n\t\t<\/div>\n\t<\/div>\n<\/div><\/div><div class=\"vc_tta-panel\" id=\"1654614494248-b2a582f5-12b3\" data-vc-content=\".vc_tta-panel-body\"><div class=\"vc_tta-panel-heading\"><h4 class=\"vc_tta-panel-title vc_tta-controls-icon-position-left\"><a href=\"#1654614494248-b2a582f5-12b3\" data-vc-accordion data-vc-container=\".vc_tta-container\"><span class=\"vc_tta-title-text\">Por que vendemos apenas para est\u00fadios\/empresas licenciados?<\/span><i class=\"vc_tta-controls-icon vc_tta-controls-icon-chevron\"><\/i><\/a><\/h4><\/div><div class=\"vc_tta-panel-body\">\n\t<div class=\"wpb_text_column wpb_content_element\" >\n\t\t<div class=\"wpb_wrapper\">\n\t\t\t<p>A miss\u00e3o da Stiletto \u00e9 impulsionar a ind\u00fastria de piercings em dire\u00e7\u00e3o ao mercado descart\u00e1vel, assim como a ind\u00fastria de tatuagens j\u00e1 come\u00e7ou.<\/p>\n<p>Nossa principal prioridade \u00e9 aumentar a facilidade e a seguran\u00e7a dos procedimentos de perfura\u00e7\u00e3o para os piercers que usam nossas ferramentas, com o objetivo de facilitar perfura\u00e7\u00f5es seguras e precisas, permitindo que os profissionais se destaquem em sua arte.<\/p>\n<p>Vender para est\u00fadios verificados garante que cada empresa e funcion\u00e1rio seja totalmente certificado e possua toda a documenta\u00e7\u00e3o necess\u00e1ria exigida no setor de arte corporal\/piercings.<\/p>\n<p>Isso tamb\u00e9m \u00e9 para evitar que algu\u00e9m fa\u00e7a piercings ilegalmente em suas casas ou em est\u00fadios sem licen\u00e7a.<\/p>\n\n\t\t<\/div>\n\t<\/div>\n<\/div><\/div><div class=\"vc_tta-panel\" id=\"1654614513766-14a8103a-13ba\" data-vc-content=\".vc_tta-panel-body\"><div class=\"vc_tta-panel-heading\"><h4 class=\"vc_tta-panel-title vc_tta-controls-icon-position-left\"><a href=\"#1654614513766-14a8103a-13ba\" data-vc-accordion data-vc-container=\".vc_tta-container\"><span class=\"vc_tta-title-text\">Onde posso saber mais sobre os produtos Stiletto?<\/span><i class=\"vc_tta-controls-icon vc_tta-controls-icon-chevron\"><\/i><\/a><\/h4><\/div><div class=\"vc_tta-panel-body\">\n\t<div class=\"wpb_text_column wpb_content_element\" >\n\t\t<div class=\"wpb_wrapper\">\n\t\t\t<p>Our landing page is the perfect place to inform yourself about all things Stiletto. We have dedicated this entire page to provide you with all the proper details of our products, display the necessary documentation to give to health inspectors, and so much more.<\/p>\n<p>Sinta-se \u00e0 vontade para ficar conectado \u00e0s nossas p\u00e1ginas de m\u00eddia social. Adoramos interagir com nossos clientes!<\/p>\n\n\t\t<\/div>\n\t<\/div>\n<\/div><\/div><div class=\"vc_tta-panel\" id=\"1712690228783-7758d23a-5bf6\" data-vc-content=\".vc_tta-panel-body\"><div class=\"vc_tta-panel-heading\"><h4 class=\"vc_tta-panel-title vc_tta-controls-icon-position-left\"><a href=\"#1712690228783-7758d23a-5bf6\" data-vc-accordion data-vc-container=\".vc_tta-container\"><span class=\"vc_tta-title-text\">Voc\u00ea fornece certificados de esteriliza\u00e7\u00e3o? Ou f\u00e1bricas de joias? Onde posso encontr\u00e1-lo?<\/span><i class=\"vc_tta-controls-icon vc_tta-controls-icon-chevron\"><\/i><\/a><\/h4><\/div><div class=\"vc_tta-panel-body\">\n\t<div class=\"wpb_text_column wpb_content_element\" >\n\t\t<div class=\"wpb_wrapper\">\n\t\t\t<p>Sim n\u00f3s fazemos!<\/p>\n<p>Nossa p\u00e1gina inicial em \u201cRecursos\u201d \u00e9 onde voc\u00ea pode encontrar todos os tipos de certifica\u00e7\u00f5es de esteriliza\u00e7\u00e3o. Tudo o que voc\u00ea precisa saber \u00e9 o lote # do(s) produto(s) que procura e combinar o # com os certificados junto com o nome do produto. Voc\u00ea pode baixar quantos certificados forem necess\u00e1rios. Esta \u00e9 uma \u00f3tima maneira de mostrar ao seu inspetor de sa\u00fade que todas as ferramentas s\u00e3o verific\u00e1veis e rastre\u00e1veis.<\/p>\n<p>Se precisar de mais informa\u00e7\u00f5es ou assist\u00eancia, sinta-se \u00e0 vontade para entrar em contato com o departamento de atendimento ao cliente do distribuidor mais pr\u00f3ximo.<\/p>\n\n\t\t<\/div>\n\t<\/div>\n<\/div><\/div><\/div><\/div><\/div><\/div><\/div><\/div><\/div><\/div>\n<\/div>","protected":false},"excerpt":{"rendered":"Posso reutilizar e reesterilizar os produtos Stiletto? Por raz\u00f5es de seguran\u00e7a, desaconselhamos vivamente a reutiliza\u00e7\u00e3o dos nossos cones e agulhas. Nosso","protected":false},"author":1,"featured_media":0,"parent":83,"menu_order":0,"comment_status":"closed","ping_status":"closed","template":"","meta":{"_acf_changed":false,"footnotes":""},"class_list":["post-214","page","type-page","status-publish","hentry"],"acf":[],"yoast_head":"<!-- This site is optimized with the Yoast SEO plugin v27.5 - https:\/\/yoast.com\/product\/yoast-seo-wordpress\/ -->\n<title>FAQs - Stiletto Supply<\/title>\n<meta name=\"robots\" content=\"index, follow, max-snippet:-1, max-image-preview:large, max-video-preview:-1\" \/>\n<link rel=\"canonical\" href=\"https:\/\/stilettosupply.com\/pt\/resources\/faqs\/\" \/>\n<meta property=\"og:locale\" content=\"pt_PT\" \/>\n<meta property=\"og:type\" content=\"article\" \/>\n<meta property=\"og:title\" content=\"FAQs - Stiletto Supply\" \/>\n<meta property=\"og:url\" content=\"https:\/\/stilettosupply.com\/pt\/resources\/faqs\/\" \/>\n<meta property=\"og:site_name\" content=\"Stiletto Supply\" \/>\n<meta property=\"article:modified_time\" content=\"2025-04-10T20:21:20+00:00\" \/>\n<meta property=\"og:image\" content=\"https:\/\/stilettosupply.com\/wp-content\/uploads\/2024\/04\/Pin-Ends.jpg\" \/>\n\t<meta property=\"og:image:width\" content=\"1347\" \/>\n\t<meta property=\"og:image:height\" content=\"1347\" \/>\n\t<meta property=\"og:image:type\" content=\"image\/jpeg\" \/>\n<meta name=\"twitter:card\" content=\"summary_large_image\" \/>\n<meta name=\"twitter:label1\" content=\"Est. reading time\" \/>\n\t<meta name=\"twitter:data1\" content=\"3 minutes\" \/>\n<script type=\"application\/ld+json\" class=\"yoast-schema-graph\">{\"@context\":\"https:\\\/\\\/schema.org\",\"@graph\":[{\"@type\":\"WebPage\",\"@id\":\"https:\\\/\\\/stilettosupply.com\\\/resources\\\/faqs\\\/\",\"url\":\"https:\\\/\\\/stilettosupply.com\\\/resources\\\/faqs\\\/\",\"name\":\"FAQs - Stiletto Supply\",\"isPartOf\":{\"@id\":\"https:\\\/\\\/stilettosupply.com\\\/#website\"},\"primaryImageOfPage\":{\"@id\":\"https:\\\/\\\/stilettosupply.com\\\/resources\\\/faqs\\\/#primaryimage\"},\"image\":{\"@id\":\"https:\\\/\\\/stilettosupply.com\\\/resources\\\/faqs\\\/#primaryimage\"},\"thumbnailUrl\":\"https:\\\/\\\/stilettosupply.com\\\/wp-content\\\/uploads\\\/2024\\\/04\\\/Pin-Ends-300x300.jpg\",\"datePublished\":\"2022-05-24T01:41:25+00:00\",\"dateModified\":\"2025-04-10T20:21:20+00:00\",\"breadcrumb\":{\"@id\":\"https:\\\/\\\/stilettosupply.com\\\/resources\\\/faqs\\\/#breadcrumb\"},\"inLanguage\":\"pt-PT\",\"potentialAction\":[{\"@type\":\"ReadAction\",\"target\":[\"https:\\\/\\\/stilettosupply.com\\\/resources\\\/faqs\\\/\"]}]},{\"@type\":\"ImageObject\",\"inLanguage\":\"pt-PT\",\"@id\":\"https:\\\/\\\/stilettosupply.com\\\/resources\\\/faqs\\\/#primaryimage\",\"url\":\"https:\\\/\\\/stilettosupply.com\\\/wp-content\\\/uploads\\\/2024\\\/04\\\/Pin-Ends-300x300.jpg\",\"contentUrl\":\"https:\\\/\\\/stilettosupply.com\\\/wp-content\\\/uploads\\\/2024\\\/04\\\/Pin-Ends-300x300.jpg\"},{\"@type\":\"BreadcrumbList\",\"@id\":\"https:\\\/\\\/stilettosupply.com\\\/resources\\\/faqs\\\/#breadcrumb\",\"itemListElement\":[{\"@type\":\"ListItem\",\"position\":1,\"name\":\"Home\",\"item\":\"https:\\\/\\\/stilettosupply.com\\\/\"},{\"@type\":\"ListItem\",\"position\":2,\"name\":\"Resources\",\"item\":\"https:\\\/\\\/stilettosupply.com\\\/resources\\\/\"},{\"@type\":\"ListItem\",\"position\":3,\"name\":\"FAQs\"}]},{\"@type\":\"WebSite\",\"@id\":\"https:\\\/\\\/stilettosupply.com\\\/#website\",\"url\":\"https:\\\/\\\/stilettosupply.com\\\/\",\"name\":\"Stiletto Supply\",\"description\":\"\",\"potentialAction\":[{\"@type\":\"SearchAction\",\"target\":{\"@type\":\"EntryPoint\",\"urlTemplate\":\"https:\\\/\\\/stilettosupply.com\\\/?s={search_term_string}\"},\"query-input\":{\"@type\":\"PropertyValueSpecification\",\"valueRequired\":true,\"valueName\":\"search_term_string\"}}],\"inLanguage\":\"pt-PT\"}]}<\/script>\n<!-- \/ Yoast SEO plugin. -->","yoast_head_json":{"title":"FAQs - Stiletto Supply","robots":{"index":"index","follow":"follow","max-snippet":"max-snippet:-1","max-image-preview":"max-image-preview:large","max-video-preview":"max-video-preview:-1"},"canonical":"https:\/\/stilettosupply.com\/pt\/resources\/faqs\/","og_locale":"pt_PT","og_type":"article","og_title":"FAQs - Stiletto Supply","og_url":"https:\/\/stilettosupply.com\/pt\/resources\/faqs\/","og_site_name":"Stiletto Supply","article_modified_time":"2025-04-10T20:21:20+00:00","og_image":[{"width":1347,"height":1347,"url":"https:\/\/stilettosupply.com\/wp-content\/uploads\/2024\/04\/Pin-Ends.jpg","type":"image\/jpeg"}],"twitter_card":"summary_large_image","twitter_misc":{"Est. reading time":"3 minutes"},"schema":{"@context":"https:\/\/schema.org","@graph":[{"@type":"WebPage","@id":"https:\/\/stilettosupply.com\/resources\/faqs\/","url":"https:\/\/stilettosupply.com\/resources\/faqs\/","name":"FAQs - Stiletto Supply","isPartOf":{"@id":"https:\/\/stilettosupply.com\/#website"},"primaryImageOfPage":{"@id":"https:\/\/stilettosupply.com\/resources\/faqs\/#primaryimage"},"image":{"@id":"https:\/\/stilettosupply.com\/resources\/faqs\/#primaryimage"},"thumbnailUrl":"https:\/\/stilettosupply.com\/wp-content\/uploads\/2024\/04\/Pin-Ends-300x300.jpg","datePublished":"2022-05-24T01:41:25+00:00","dateModified":"2025-04-10T20:21:20+00:00","breadcrumb":{"@id":"https:\/\/stilettosupply.com\/resources\/faqs\/#breadcrumb"},"inLanguage":"pt-PT","potentialAction":[{"@type":"ReadAction","target":["https:\/\/stilettosupply.com\/resources\/faqs\/"]}]},{"@type":"ImageObject","inLanguage":"pt-PT","@id":"https:\/\/stilettosupply.com\/resources\/faqs\/#primaryimage","url":"https:\/\/stilettosupply.com\/wp-content\/uploads\/2024\/04\/Pin-Ends-300x300.jpg","contentUrl":"https:\/\/stilettosupply.com\/wp-content\/uploads\/2024\/04\/Pin-Ends-300x300.jpg"},{"@type":"BreadcrumbList","@id":"https:\/\/stilettosupply.com\/resources\/faqs\/#breadcrumb","itemListElement":[{"@type":"ListItem","position":1,"name":"Home","item":"https:\/\/stilettosupply.com\/"},{"@type":"ListItem","position":2,"name":"Resources","item":"https:\/\/stilettosupply.com\/resources\/"},{"@type":"ListItem","position":3,"name":"FAQs"}]},{"@type":"WebSite","@id":"https:\/\/stilettosupply.com\/#website","url":"https:\/\/stilettosupply.com\/","name":"Fornecimento de estilete","description":"","potentialAction":[{"@type":"SearchAction","target":{"@type":"EntryPoint","urlTemplate":"https:\/\/stilettosupply.com\/?s={search_term_string}"},"query-input":{"@type":"PropertyValueSpecification","valueRequired":true,"valueName":"search_term_string"}}],"inLanguage":"pt-PT"}]}},"jetpack_sharing_enabled":true,"_links":{"self":[{"href":"https:\/\/stilettosupply.com\/pt\/wp-json\/wp\/v2\/pages\/214","targetHints":{"allow":["GET"]}}],"collection":[{"href":"https:\/\/stilettosupply.com\/pt\/wp-json\/wp\/v2\/pages"}],"about":[{"href":"https:\/\/stilettosupply.com\/pt\/wp-json\/wp\/v2\/types\/page"}],"author":[{"embeddable":true,"href":"https:\/\/stilettosupply.com\/pt\/wp-json\/wp\/v2\/users\/1"}],"replies":[{"embeddable":true,"href":"https:\/\/stilettosupply.com\/pt\/wp-json\/wp\/v2\/comments?post=214"}],"version-history":[{"count":13,"href":"https:\/\/stilettosupply.com\/pt\/wp-json\/wp\/v2\/pages\/214\/revisions"}],"predecessor-version":[{"id":3329,"href":"https:\/\/stilettosupply.com\/pt\/wp-json\/wp\/v2\/pages\/214\/revisions\/3329"}],"up":[{"embeddable":true,"href":"https:\/\/stilettosupply.com\/pt\/wp-json\/wp\/v2\/pages\/83"}],"wp:attachment":[{"href":"https:\/\/stilettosupply.com\/pt\/wp-json\/wp\/v2\/media?parent=214"}],"curies":[{"name":"wp","href":"https:\/\/api.w.org\/{rel}","templated":true}]}}