{"id":2440,"date":"2024-06-20T11:29:28","date_gmt":"2024-06-20T15:29:28","guid":{"rendered":"https:\/\/stilettosupply.com\/?page_id=2440"},"modified":"2025-07-28T15:29:52","modified_gmt":"2025-07-28T19:29:52","slug":"stiletto-material-sheets","status":"publish","type":"page","link":"https:\/\/stilettosupply.com\/pt\/stiletto-material-sheets\/","title":{"rendered":"Estilete \u2013 Folhas de Materiais"},"content":{"rendered":"<div class=\"wpb-content-wrapper\"><div class=\"vc_row wpb_row vc_row-fluid\"><div class=\"wpb_column vc_column_container vc_col-sm-12 wd-alignment-left\"><div class=\"vc_column-inner\"><div class=\"wpb_wrapper\">\n\t<div class=\"wpb_text_column wpb_content_element\" >\n\t\t<div class=\"wpb_wrapper\">\n\t\t\t<p>SDS, MDSS e Fichas de Materiais Gerais. Verifique o menu Recursos se estiver procurando certificados de f\u00e1brica ou certificados de esteriliza\u00e7\u00e3o.<\/p>\n<ul>\n<li style=\"list-style-type: none;\">\n<ul>\n<li>Agulhas (A\u00e7o) \u2013 <a href=\"https:\/\/stilettosupply.com\/wp-content\/uploads\/2024\/08\/Stiletto-Needles-Certificate-UPDATED.pdf\">Ficha de dados<\/a><\/li>\n<li>C\u00f4nicos (A\u00e7o) \u2013 <a href=\"https:\/\/stilettosupply.com\/wp-content\/uploads\/2024\/08\/Stiletto-Tapers-Certificate-UPDATED.pdf\">Ficha de dados<\/a><\/li>\n<li>Pl\u00e1sticos \u2013 <a href=\"https:\/\/stilettosupply.com\/wp-content\/uploads\/2024\/08\/Stiletto-certificate-of-plastic-raw-material-UPDATED.pdf\">Ficha de dados<\/a><\/li>\n<li>Tubos de Recep\u00e7\u00e3o de A\u00e7o \u2013 <a href=\"https:\/\/stilettosupply.com\/wp-content\/uploads\/2024\/08\/Stiletto-Steel-receiving-tube-Certificate-UPDATED.pdf\">Ficha de dados<\/a><\/li>\n<li>Marcadores Roxos V1 \u2013 <a href=\"https:\/\/stilettosupply.com\/wp-content\/uploads\/2024\/06\/Stiletto-SDS-61-16-I-Purple-EU-UPDATED.pdf\">Ficha de dados<\/a><\/li>\n<li>Marcadores Roxos v2 \u2013 <a href=\"https:\/\/stilettosupply.com\/wp-content\/uploads\/2024\/06\/Safety-data-sheet-V2-purple.pdf\">Ficha de dados<\/a><\/li>\n<li>Marcadores Brancos \u2013 <a href=\"https:\/\/stilettosupply.com\/wp-content\/uploads\/2024\/06\/Stiletto-SDS-61-16-J-White-EU-UPDATED.pdf\">Ficha de dados<\/a><\/li>\n<li>Iodo \u2013 <a href=\"https:\/\/stilettosupply.com\/wp-content\/uploads\/2024\/06\/Iodine-MSDS.pdf\">Ficha de dados<\/a><\/li>\n<li>\u00c1lcool \u2013 <a href=\"https:\/\/stilettosupply.com\/wp-content\/uploads\/2024\/06\/Alcohol-MSDS.pdf\">Ficha de dados<\/a><\/li>\n<li>PurKlenz \u2013 <a href=\"https:\/\/stilettosupply.com\/wp-content\/uploads\/2024\/06\/PurKlenz-Safety-Data-Sheet-SDS-Feb.-14-2022.pdf\">Ficha de dados<\/a><\/li>\n<li>PurSan \u2013 <a href=\"https:\/\/stilettosupply.com\/wp-content\/uploads\/2024\/06\/PurSan-Safety-Data-Sheet-SDS-Feb.-14-2022.pdf\">Ficha de dados<\/a><\/li>\n<\/ul>\n<\/li>\n<\/ul>\n<p>&nbsp;<\/p>\n\n\t\t<\/div>\n\t<\/div>\n<\/div><\/div><\/div><\/div>\n<\/div>","protected":false},"excerpt":{"rendered":"SDS, MDSS and General Material Sheets.\u00a0 Check Resources menu if looking for mill certs or sterilization certs. Needles (Steel) -","protected":false},"author":103,"featured_media":0,"parent":0,"menu_order":0,"comment_status":"closed","ping_status":"closed","template":"","meta":{"_acf_changed":false,"footnotes":""},"class_list":["post-2440","page","type-page","status-publish","hentry"],"acf":[],"yoast_head":"<!-- This site is optimized with the Yoast SEO plugin v27.5 - https:\/\/yoast.com\/product\/yoast-seo-wordpress\/ -->\n<title>Stiletto - Material Sheets - Stiletto Supply<\/title>\n<meta name=\"robots\" content=\"index, follow, max-snippet:-1, max-image-preview:large, max-video-preview:-1\" \/>\n<link rel=\"canonical\" href=\"https:\/\/stilettosupply.com\/pt\/stiletto-material-sheets\/\" \/>\n<meta property=\"og:locale\" content=\"pt_PT\" \/>\n<meta property=\"og:type\" content=\"article\" \/>\n<meta property=\"og:title\" content=\"Stiletto - Material Sheets - Stiletto Supply\" \/>\n<meta property=\"og:url\" content=\"https:\/\/stilettosupply.com\/pt\/stiletto-material-sheets\/\" \/>\n<meta property=\"og:site_name\" content=\"Stiletto Supply\" \/>\n<meta property=\"article:modified_time\" content=\"2025-07-28T19:29:52+00:00\" \/>\n<meta name=\"twitter:card\" content=\"summary_large_image\" \/>\n<meta name=\"twitter:label1\" content=\"Est. reading time\" \/>\n\t<meta name=\"twitter:data1\" content=\"1 minute\" \/>\n<script type=\"application\/ld+json\" class=\"yoast-schema-graph\">{\"@context\":\"https:\\\/\\\/schema.org\",\"@graph\":[{\"@type\":\"WebPage\",\"@id\":\"https:\\\/\\\/stilettosupply.com\\\/stiletto-material-sheets\\\/\",\"url\":\"https:\\\/\\\/stilettosupply.com\\\/stiletto-material-sheets\\\/\",\"name\":\"Stiletto - Material Sheets - Stiletto Supply\",\"isPartOf\":{\"@id\":\"https:\\\/\\\/stilettosupply.com\\\/#website\"},\"datePublished\":\"2024-06-20T15:29:28+00:00\",\"dateModified\":\"2025-07-28T19:29:52+00:00\",\"breadcrumb\":{\"@id\":\"https:\\\/\\\/stilettosupply.com\\\/stiletto-material-sheets\\\/#breadcrumb\"},\"inLanguage\":\"pt-PT\",\"potentialAction\":[{\"@type\":\"ReadAction\",\"target\":[\"https:\\\/\\\/stilettosupply.com\\\/stiletto-material-sheets\\\/\"]}]},{\"@type\":\"BreadcrumbList\",\"@id\":\"https:\\\/\\\/stilettosupply.com\\\/stiletto-material-sheets\\\/#breadcrumb\",\"itemListElement\":[{\"@type\":\"ListItem\",\"position\":1,\"name\":\"Home\",\"item\":\"https:\\\/\\\/stilettosupply.com\\\/\"},{\"@type\":\"ListItem\",\"position\":2,\"name\":\"Stiletto &#8211; Material Sheets\"}]},{\"@type\":\"WebSite\",\"@id\":\"https:\\\/\\\/stilettosupply.com\\\/#website\",\"url\":\"https:\\\/\\\/stilettosupply.com\\\/\",\"name\":\"Stiletto Supply\",\"description\":\"\",\"potentialAction\":[{\"@type\":\"SearchAction\",\"target\":{\"@type\":\"EntryPoint\",\"urlTemplate\":\"https:\\\/\\\/stilettosupply.com\\\/?s={search_term_string}\"},\"query-input\":{\"@type\":\"PropertyValueSpecification\",\"valueRequired\":true,\"valueName\":\"search_term_string\"}}],\"inLanguage\":\"pt-PT\"}]}<\/script>\n<!-- \/ Yoast SEO plugin. -->","yoast_head_json":{"title":"Stiletto - Material Sheets - Stiletto Supply","robots":{"index":"index","follow":"follow","max-snippet":"max-snippet:-1","max-image-preview":"max-image-preview:large","max-video-preview":"max-video-preview:-1"},"canonical":"https:\/\/stilettosupply.com\/pt\/stiletto-material-sheets\/","og_locale":"pt_PT","og_type":"article","og_title":"Stiletto - Material Sheets - Stiletto Supply","og_url":"https:\/\/stilettosupply.com\/pt\/stiletto-material-sheets\/","og_site_name":"Stiletto Supply","article_modified_time":"2025-07-28T19:29:52+00:00","twitter_card":"summary_large_image","twitter_misc":{"Est. reading time":"1 minute"},"schema":{"@context":"https:\/\/schema.org","@graph":[{"@type":"WebPage","@id":"https:\/\/stilettosupply.com\/stiletto-material-sheets\/","url":"https:\/\/stilettosupply.com\/stiletto-material-sheets\/","name":"Stiletto - Material Sheets - Stiletto Supply","isPartOf":{"@id":"https:\/\/stilettosupply.com\/#website"},"datePublished":"2024-06-20T15:29:28+00:00","dateModified":"2025-07-28T19:29:52+00:00","breadcrumb":{"@id":"https:\/\/stilettosupply.com\/stiletto-material-sheets\/#breadcrumb"},"inLanguage":"pt-PT","potentialAction":[{"@type":"ReadAction","target":["https:\/\/stilettosupply.com\/stiletto-material-sheets\/"]}]},{"@type":"BreadcrumbList","@id":"https:\/\/stilettosupply.com\/stiletto-material-sheets\/#breadcrumb","itemListElement":[{"@type":"ListItem","position":1,"name":"Home","item":"https:\/\/stilettosupply.com\/"},{"@type":"ListItem","position":2,"name":"Stiletto &#8211; Material Sheets"}]},{"@type":"WebSite","@id":"https:\/\/stilettosupply.com\/#website","url":"https:\/\/stilettosupply.com\/","name":"Fornecimento de estilete","description":"","potentialAction":[{"@type":"SearchAction","target":{"@type":"EntryPoint","urlTemplate":"https:\/\/stilettosupply.com\/?s={search_term_string}"},"query-input":{"@type":"PropertyValueSpecification","valueRequired":true,"valueName":"search_term_string"}}],"inLanguage":"pt-PT"}]}},"jetpack_sharing_enabled":true,"_links":{"self":[{"href":"https:\/\/stilettosupply.com\/pt\/wp-json\/wp\/v2\/pages\/2440","targetHints":{"allow":["GET"]}}],"collection":[{"href":"https:\/\/stilettosupply.com\/pt\/wp-json\/wp\/v2\/pages"}],"about":[{"href":"https:\/\/stilettosupply.com\/pt\/wp-json\/wp\/v2\/types\/page"}],"author":[{"embeddable":true,"href":"https:\/\/stilettosupply.com\/pt\/wp-json\/wp\/v2\/users\/103"}],"replies":[{"embeddable":true,"href":"https:\/\/stilettosupply.com\/pt\/wp-json\/wp\/v2\/comments?post=2440"}],"version-history":[{"count":7,"href":"https:\/\/stilettosupply.com\/pt\/wp-json\/wp\/v2\/pages\/2440\/revisions"}],"predecessor-version":[{"id":3895,"href":"https:\/\/stilettosupply.com\/pt\/wp-json\/wp\/v2\/pages\/2440\/revisions\/3895"}],"wp:attachment":[{"href":"https:\/\/stilettosupply.com\/pt\/wp-json\/wp\/v2\/media?parent=2440"}],"curies":[{"name":"wp","href":"https:\/\/api.w.org\/{rel}","templated":true}]}}