{"id":2991,"date":"2024-12-12T12:44:04","date_gmt":"2024-12-12T17:44:04","guid":{"rendered":"https:\/\/stilettosupply.com\/?page_id=2991"},"modified":"2025-07-10T14:24:31","modified_gmt":"2025-07-10T18:24:31","slug":"stiletto-taper-pin-safety-instructions","status":"publish","type":"page","link":"https:\/\/stilettosupply.com\/pt\/stiletto-taper-pin-safety-instructions\/","title":{"rendered":"Stiletto Tapers Safety Instructions"},"content":{"rendered":"<div class=\"wpb-content-wrapper\"><div class=\"vc_row wpb_row vc_row-fluid\"><div class=\"wpb_column vc_column_container vc_col-sm-12 wd-alignment-left\"><div class=\"vc_column-inner\"><div class=\"wpb_wrapper\">\n\t<div class=\"wpb_text_column wpb_content_element\" >\n\t\t<div class=\"wpb_wrapper\">\n\t\t\t<ul>\n<li style=\"font-weight: 400;\" aria-level=\"1\"><a href=\"https:\/\/stilettosupply.com\/wp-content\/uploads\/2025\/05\/English-Taper-Pin-Safety-Manual_3.pdf\"><strong>English<\/strong> Safety Instructions<\/a><\/li>\n<li>Instru\u00e7\u00f5es de Seguran\u00e7a <strong>Brasileiras<\/strong><\/li>\n<li><a href=\"https:\/\/stilettosupply.com\/wp-content\/uploads\/2025\/05\/Portuguese-Tapers-Safety-Manual_2.pdf\"><span class=\"Y2IQFc\" lang=\"pt\">Instru\u00e7\u00f5es de Seguran\u00e7a <strong>Portuguesas<\/strong><\/span><\/a><\/li>\n<li>Istruzioni di sicurezza <strong>Italiane<\/strong><\/li>\n<li><a href=\"https:\/\/stilettosupply.com\/wp-content\/uploads\/2025\/05\/Spanish-Taper-Pin-Safety-Manual-1_2.pdf\">Instrucciones de seguridad en <strong>Espa\u00f1ol<\/strong><\/a><\/li>\n<li><a href=\"https:\/\/stilettosupply.com\/wp-content\/uploads\/2025\/05\/Deutsch-Taper-Pin-Safety-Manual_1_2.pdf\"><strong>Deutsche<\/strong> Sicherheitshinweise<\/a><\/li>\n<li>Consignes de s\u00e9curit\u00e9 en <strong>Fran\u00e7ais<\/strong><\/li>\n<li><a href=\"https:\/\/stilettosupply.com\/wp-content\/uploads\/2025\/05\/Polish-Tapers-Safety-Manual-_2.pdf\"><span class=\"Y2IQFc\" lang=\"pl\"><strong>Polskie<\/strong> Instrukcje Bezpiecze\u0144stwa<\/span><\/a><\/li>\n<li><span class=\"Y2IQFc\" lang=\"sv\"><strong>Svenska<\/strong> S\u00e4kerhetsinstruktioner<\/span><\/li>\n<li><a href=\"https:\/\/stilettosupply.com\/wp-content\/uploads\/2025\/05\/Dutch-Taper-Pin-Safety-Manual_2.pdf\"><strong>Nederlandse<\/strong> Veiligheidsinstructies<\/a><\/li>\n<li><a href=\"https:\/\/stilettosupply.com\/wp-content\/uploads\/2025\/05\/Danish-Taper-Pin-Safety-Manual_2.pdf\"><strong>Dansk<\/strong> sikkerhedsinstruktion<\/a><\/li>\n<\/ul>\n\n\t\t<\/div>\n\t<\/div>\n<\/div><\/div><\/div><\/div>\n<\/div>","protected":false},"excerpt":{"rendered":"English Safety Instructions Instru\u00e7\u00f5es de Seguran\u00e7a Brasileiras Instru\u00e7\u00f5es de Seguran\u00e7a Portuguesas Istruzioni di sicurezza Italiane Instrucciones de seguridad en Espa\u00f1ol","protected":false},"author":13073,"featured_media":0,"parent":0,"menu_order":0,"comment_status":"closed","ping_status":"closed","template":"","meta":{"_acf_changed":false,"footnotes":""},"class_list":["post-2991","page","type-page","status-publish","hentry"],"acf":[],"yoast_head":"<!-- This site is optimized with the Yoast SEO plugin v27.5 - https:\/\/yoast.com\/product\/yoast-seo-wordpress\/ -->\n<title>Stiletto Tapers Safety Instructions - Stiletto Supply<\/title>\n<meta name=\"robots\" content=\"index, follow, max-snippet:-1, max-image-preview:large, max-video-preview:-1\" \/>\n<link rel=\"canonical\" href=\"https:\/\/stilettosupply.com\/pt\/stiletto-taper-pin-safety-instructions\/\" \/>\n<meta property=\"og:locale\" content=\"pt_PT\" \/>\n<meta property=\"og:type\" content=\"article\" \/>\n<meta property=\"og:title\" content=\"Stiletto Tapers Safety Instructions - Stiletto Supply\" \/>\n<meta property=\"og:url\" content=\"https:\/\/stilettosupply.com\/pt\/stiletto-taper-pin-safety-instructions\/\" \/>\n<meta property=\"og:site_name\" content=\"Stiletto Supply\" \/>\n<meta property=\"article:modified_time\" content=\"2025-07-10T18:24:31+00:00\" \/>\n<meta name=\"twitter:card\" content=\"summary_large_image\" \/>\n<meta name=\"twitter:label1\" content=\"Est. reading time\" \/>\n\t<meta name=\"twitter:data1\" content=\"1 minute\" \/>\n<script type=\"application\/ld+json\" class=\"yoast-schema-graph\">{\"@context\":\"https:\\\/\\\/schema.org\",\"@graph\":[{\"@type\":\"WebPage\",\"@id\":\"https:\\\/\\\/stilettosupply.com\\\/stiletto-taper-pin-safety-instructions\\\/\",\"url\":\"https:\\\/\\\/stilettosupply.com\\\/stiletto-taper-pin-safety-instructions\\\/\",\"name\":\"Stiletto Tapers Safety Instructions - Stiletto Supply\",\"isPartOf\":{\"@id\":\"https:\\\/\\\/stilettosupply.com\\\/#website\"},\"datePublished\":\"2024-12-12T17:44:04+00:00\",\"dateModified\":\"2025-07-10T18:24:31+00:00\",\"breadcrumb\":{\"@id\":\"https:\\\/\\\/stilettosupply.com\\\/stiletto-taper-pin-safety-instructions\\\/#breadcrumb\"},\"inLanguage\":\"pt-PT\",\"potentialAction\":[{\"@type\":\"ReadAction\",\"target\":[\"https:\\\/\\\/stilettosupply.com\\\/stiletto-taper-pin-safety-instructions\\\/\"]}]},{\"@type\":\"BreadcrumbList\",\"@id\":\"https:\\\/\\\/stilettosupply.com\\\/stiletto-taper-pin-safety-instructions\\\/#breadcrumb\",\"itemListElement\":[{\"@type\":\"ListItem\",\"position\":1,\"name\":\"Home\",\"item\":\"https:\\\/\\\/stilettosupply.com\\\/\"},{\"@type\":\"ListItem\",\"position\":2,\"name\":\"Stiletto Tapers Safety Instructions\"}]},{\"@type\":\"WebSite\",\"@id\":\"https:\\\/\\\/stilettosupply.com\\\/#website\",\"url\":\"https:\\\/\\\/stilettosupply.com\\\/\",\"name\":\"Stiletto Supply\",\"description\":\"\",\"potentialAction\":[{\"@type\":\"SearchAction\",\"target\":{\"@type\":\"EntryPoint\",\"urlTemplate\":\"https:\\\/\\\/stilettosupply.com\\\/?s={search_term_string}\"},\"query-input\":{\"@type\":\"PropertyValueSpecification\",\"valueRequired\":true,\"valueName\":\"search_term_string\"}}],\"inLanguage\":\"pt-PT\"}]}<\/script>\n<!-- \/ Yoast SEO plugin. -->","yoast_head_json":{"title":"Stiletto Tapers Safety Instructions - Stiletto Supply","robots":{"index":"index","follow":"follow","max-snippet":"max-snippet:-1","max-image-preview":"max-image-preview:large","max-video-preview":"max-video-preview:-1"},"canonical":"https:\/\/stilettosupply.com\/pt\/stiletto-taper-pin-safety-instructions\/","og_locale":"pt_PT","og_type":"article","og_title":"Stiletto Tapers Safety Instructions - Stiletto Supply","og_url":"https:\/\/stilettosupply.com\/pt\/stiletto-taper-pin-safety-instructions\/","og_site_name":"Stiletto Supply","article_modified_time":"2025-07-10T18:24:31+00:00","twitter_card":"summary_large_image","twitter_misc":{"Est. reading time":"1 minute"},"schema":{"@context":"https:\/\/schema.org","@graph":[{"@type":"WebPage","@id":"https:\/\/stilettosupply.com\/stiletto-taper-pin-safety-instructions\/","url":"https:\/\/stilettosupply.com\/stiletto-taper-pin-safety-instructions\/","name":"Stiletto Tapers Safety Instructions - Stiletto Supply","isPartOf":{"@id":"https:\/\/stilettosupply.com\/#website"},"datePublished":"2024-12-12T17:44:04+00:00","dateModified":"2025-07-10T18:24:31+00:00","breadcrumb":{"@id":"https:\/\/stilettosupply.com\/stiletto-taper-pin-safety-instructions\/#breadcrumb"},"inLanguage":"pt-PT","potentialAction":[{"@type":"ReadAction","target":["https:\/\/stilettosupply.com\/stiletto-taper-pin-safety-instructions\/"]}]},{"@type":"BreadcrumbList","@id":"https:\/\/stilettosupply.com\/stiletto-taper-pin-safety-instructions\/#breadcrumb","itemListElement":[{"@type":"ListItem","position":1,"name":"Home","item":"https:\/\/stilettosupply.com\/"},{"@type":"ListItem","position":2,"name":"Stiletto Tapers Safety Instructions"}]},{"@type":"WebSite","@id":"https:\/\/stilettosupply.com\/#website","url":"https:\/\/stilettosupply.com\/","name":"Fornecimento de estilete","description":"","potentialAction":[{"@type":"SearchAction","target":{"@type":"EntryPoint","urlTemplate":"https:\/\/stilettosupply.com\/?s={search_term_string}"},"query-input":{"@type":"PropertyValueSpecification","valueRequired":true,"valueName":"search_term_string"}}],"inLanguage":"pt-PT"}]}},"jetpack_sharing_enabled":true,"_links":{"self":[{"href":"https:\/\/stilettosupply.com\/pt\/wp-json\/wp\/v2\/pages\/2991","targetHints":{"allow":["GET"]}}],"collection":[{"href":"https:\/\/stilettosupply.com\/pt\/wp-json\/wp\/v2\/pages"}],"about":[{"href":"https:\/\/stilettosupply.com\/pt\/wp-json\/wp\/v2\/types\/page"}],"author":[{"embeddable":true,"href":"https:\/\/stilettosupply.com\/pt\/wp-json\/wp\/v2\/users\/13073"}],"replies":[{"embeddable":true,"href":"https:\/\/stilettosupply.com\/pt\/wp-json\/wp\/v2\/comments?post=2991"}],"version-history":[{"count":10,"href":"https:\/\/stilettosupply.com\/pt\/wp-json\/wp\/v2\/pages\/2991\/revisions"}],"predecessor-version":[{"id":3829,"href":"https:\/\/stilettosupply.com\/pt\/wp-json\/wp\/v2\/pages\/2991\/revisions\/3829"}],"wp:attachment":[{"href":"https:\/\/stilettosupply.com\/pt\/wp-json\/wp\/v2\/media?parent=2991"}],"curies":[{"name":"wp","href":"https:\/\/api.w.org\/{rel}","templated":true}]}}